{"id":223,"date":"2023-02-16T03:51:27","date_gmt":"2023-02-16T03:51:27","guid":{"rendered":"https:\/\/bybatt.com\/?post_type=product&#038;p=223"},"modified":"2023-02-16T04:04:58","modified_gmt":"2023-02-16T04:04:58","slug":"original-xiaomi-no-9-36v-electric-scooter-lithium-battery","status":"publish","type":"product","link":"https:\/\/bybatt.com\/hr\/proizvod\/original-xiaomi-no-9-36v-electric-scooter-lithium-battery\/","title":{"rendered":"Originalna Xiaomi No.9 36V litijska baterija za elektri\u010dni skuter"},"content":{"rendered":"","protected":false},"excerpt":{"rendered":"<p>Predstavljamo Xiaomi No. 9 Electric Scooter Lithium Battery, savr\u0161enog suputnika za va\u0161 elektri\u010dni skuter od karbonskih vlakana. Ovaj paket baterija dostupan je u 24V, 36V i 48V s kapacitetom od 4-12Ah. Veli\u010dina proizvoda mo\u017ee se prilagoditi va\u0161im potrebama.<br \/>\nXiaomi No. 9 Electric Scooter Lithium Battery izra\u0111ena je od potpuno novih 18650 power litijevih baterija A-grade za automobile, koje su poznate po svojoj pouzdanosti i visokim performansama. Sastavljen je s uvezenim IC za\u0161titnim plo\u010dama, \u010dime se osigurava njegova sigurnost. Prije napu\u0161tanja tvornice, ovaj proizvod prolazi testove starenja kako bi se osiguralo da zadovoljava najvi\u0161e standarde kvalitete.<br \/>\nOva baterija dolazi s 1-godi\u0161njim jamstvom za doma\u0107e baterije i 2-godi\u0161njim jamstvom za uvezene baterije. Uz bateriju, ovaj proizvod tako\u0111er uklju\u010duje svu potrebnu dodatnu opremu, kao \u0161to su dokumenti, kako biste bili sigurni da imate sve \u0161to vam je potrebno za po\u010detak.<br \/>\nBilo da putujete na posao ili istra\u017eujete grad, Xiaomi No. 9 Electric Scooter Lithium Battery pru\u017eit \u0107e vam snagu i pouzdanost koja vam je potrebna da stignete kamo idete. Naru\u010dite sada i iskusite prakti\u010dnost ovog originalnog proizvoda proizvedenog u Kini!<\/p>","protected":false},"featured_media":224,"template":"","meta":{"_kad_post_transparent":"default","_kad_post_title":"","_kad_post_layout":"default","_kad_post_sidebar_id":"","_kad_post_content_style":"default","_kad_post_vertical_padding":"default","_kad_post_feature":"","_kad_post_feature_position":"","_kad_post_header":false,"_kad_post_footer":false},"product_cat":[33],"product_tag":[48,52,51,47,46,50,49],"class_list":["post-223","product","type-product","status-publish","has-post-thumbnail","hentry","product_cat-custom-battery-pack","product_tag-36v-scooter-lithium-battery","product_tag-battery","product_tag-battery-electric-bike","product_tag-electric-scooter-lithium-battery","product_tag-original-xiaomi-lithium-battery","product_tag-xiaomi-ebike-battery","product_tag-xiaomi-no-9-lithium-battery","entry","content-bg","loop-entry"],"_links":{"self":[{"href":"https:\/\/bybatt.com\/hr\/wp-json\/wp\/v2\/product\/223","targetHints":{"allow":["GET"]}}],"collection":[{"href":"https:\/\/bybatt.com\/hr\/wp-json\/wp\/v2\/product"}],"about":[{"href":"https:\/\/bybatt.com\/hr\/wp-json\/wp\/v2\/types\/product"}],"wp:featuredmedia":[{"embeddable":true,"href":"https:\/\/bybatt.com\/hr\/wp-json\/wp\/v2\/media\/224"}],"wp:attachment":[{"href":"https:\/\/bybatt.com\/hr\/wp-json\/wp\/v2\/media?parent=223"}],"wp:term":[{"taxonomy":"product_cat","embeddable":true,"href":"https:\/\/bybatt.com\/hr\/wp-json\/wp\/v2\/product_cat?post=223"},{"taxonomy":"product_tag","embeddable":true,"href":"https:\/\/bybatt.com\/hr\/wp-json\/wp\/v2\/product_tag?post=223"}],"curies":[{"name":"wp","href":"https:\/\/api.w.org\/{rel}","templated":true}]}}