{"id":230,"date":"2023-02-16T04:08:07","date_gmt":"2023-02-16T04:08:07","guid":{"rendered":"https:\/\/bybatt.com\/?post_type=product&#038;p=230"},"modified":"2023-02-16T04:25:03","modified_gmt":"2023-02-16T04:25:03","slug":"8-5-inch-universal-original-battery-pack-for-xiaomi-scooter","status":"publish","type":"product","link":"https:\/\/bybatt.com\/hr\/proizvod\/8-5-inch-universal-original-battery-pack-for-xiaomi-scooter\/","title":{"rendered":"8,5 in\u010dni univerzalni originalni paket baterija za Xiaomi skuter"},"content":{"rendered":"","protected":false},"excerpt":{"rendered":"<p>Predstavljamo na\u0161u univerzalnu originalnu bateriju od 8,5 in\u010da za skuter Xiaomi M365! S nominalnim naponom od 36 V i kapacitetom od 7,5-10,4 A, ovaj paket baterija ima visokokvalitetnu LG doma\u0107u bateriju i dizajniran je za prirodne brzine od 30-40 \u010dvorova 10s3P. S izlaznom strujom od 15-20A i snagom od 250-350 watta, mo\u017eete o\u010dekivati 25-50 kilometara vo\u017enje s jednim punjenjem.<br \/>\nOva baterija dolazi s punja\u010dem nazivne snage od 71 W i nazivnim ulaznim naponom punja\u010da od 100-240 V~, 50\/60 Hz. Grani\u010dni napon punjenja baterije je 42V, a vrijeme punjenja je oko 4 sata.<br \/>\nOpremljena pametnim BMS-om, ova baterija nudi temperaturnu abnormalnost\/kratki spoj\/podnaponsku automatsku za\u0161titu od mirovanja\/prekomjerne struje\/dvostruko prekomjerno punjenje\/dvostruko prekomjerno pra\u017enjenje, osiguravaju\u0107i va\u0161u sigurnost dok koristite svoj skuter.<br \/>\nDuljine 28,7*4*7 cm i te\u017eine 1,8 kg, ova baterija pakirana je u jednu kutiju veli\u010dine 65*10*10 cm i te\u017eine 2 kg. Kompatibilan je samo s originalnim Xiaomi automobilom (s komunikacijom) i obi\u010dno se koristi u originalnim Mi Pro, Pro2, 1S, M365 modelima na tr\u017ei\u0161tu. Nadogradite svoj Xiaomi M365 skuter s na\u0161om visokokvalitetnom baterijom ve\u0107 danas!<\/p>","protected":false},"featured_media":231,"template":"","meta":{"_kad_post_transparent":"default","_kad_post_title":"","_kad_post_layout":"default","_kad_post_sidebar_id":"","_kad_post_content_style":"default","_kad_post_vertical_padding":"default","_kad_post_feature":"","_kad_post_feature_position":"","_kad_post_header":false,"_kad_post_footer":false},"product_cat":[33],"product_tag":[55,54,53,56,59,57,58],"class_list":["post-230","product","type-product","status-publish","has-post-thumbnail","hentry","product_cat-custom-battery-pack","product_tag-8-5-inch-universal-battery-pack","product_tag-original-xiaomi-scooter-battery-pack","product_tag-universal-original-battery-pack","product_tag-xiaomi-m365-scooter-battery-pack","product_tag-xiaomi-mi-1s-scooter-battery-pack","product_tag-xiaomi-mi-pro-scooter-battery-pack","product_tag-xiaomi-mi-pro2-scooter-battery-pack","entry","content-bg","loop-entry"],"_links":{"self":[{"href":"https:\/\/bybatt.com\/hr\/wp-json\/wp\/v2\/product\/230","targetHints":{"allow":["GET"]}}],"collection":[{"href":"https:\/\/bybatt.com\/hr\/wp-json\/wp\/v2\/product"}],"about":[{"href":"https:\/\/bybatt.com\/hr\/wp-json\/wp\/v2\/types\/product"}],"wp:featuredmedia":[{"embeddable":true,"href":"https:\/\/bybatt.com\/hr\/wp-json\/wp\/v2\/media\/231"}],"wp:attachment":[{"href":"https:\/\/bybatt.com\/hr\/wp-json\/wp\/v2\/media?parent=230"}],"wp:term":[{"taxonomy":"product_cat","embeddable":true,"href":"https:\/\/bybatt.com\/hr\/wp-json\/wp\/v2\/product_cat?post=230"},{"taxonomy":"product_tag","embeddable":true,"href":"https:\/\/bybatt.com\/hr\/wp-json\/wp\/v2\/product_tag?post=230"}],"curies":[{"name":"wp","href":"https:\/\/api.w.org\/{rel}","templated":true}]}}