{"id":240,"date":"2023-02-16T04:43:33","date_gmt":"2023-02-16T04:43:33","guid":{"rendered":"https:\/\/bybatt.com\/?post_type=product&#038;p=240"},"modified":"2023-03-05T16:17:25","modified_gmt":"2023-03-05T16:17:25","slug":"byd-lifepo4-lead-acid-replacement-battery-for-solar-system","status":"publish","type":"product","link":"https:\/\/bybatt.com\/hr\/proizvod\/byd-lifepo4-lead-acid-replacement-battery-for-solar-system\/","title":{"rendered":"BYD LiFePO4 olovna zamjenska baterija za solarni sustav"},"content":{"rendered":"","protected":false},"excerpt":{"rendered":"<p>Predstavljamo na\u0161u olovnu zamjensku bateriju, savr\u0161enu za solarne sustave i zamjenu olovnih baterija. Na\u0161e baterije izra\u0111ene su od novih \u0107elija 100%, \u010dime se osiguravaju maksimalne performanse i pouzdanost. S nominalnim naponom od 12,8 V i nizom kapaciteta koje mo\u017eete izabrati, uklju\u010duju\u0107i 60 Ah, 100 Ah, 150 Ah, 200 Ah i 250 Ah, mo\u017eete prona\u0107i ono \u0161to savr\u0161eno odgovara va\u0161im specifi\u010dnim potrebama.<br \/>\nNa\u0161e litijske baterije od 12 V idealne su za solarne sustave, pru\u017eaju\u0107i pouzdan izvor energije za va\u0161e energetske potrebe. S nominalnim kapacitetom od 200Ah\/2560Wh, mo\u017eete u\u017eivati u dugotrajnoj snazi koja vas ne\u0107e iznevjeriti.<br \/>\nNa\u0161e baterije se lako postavljaju i mogu se spajati paralelno ili serijski kako bi se postigao napon od 25,6 V. Osim toga, s na\u0161im naprednim sustavom upravljanja baterijom (BMS) integriranim u svaku bateriju, mo\u017eete biti sigurni da va\u0161a baterija uvijek radi optimalno i sigurno.<br \/>\nNa\u0161e baterije tako\u0111er su izra\u0111ene od izdr\u017eljivog ABS+PC materijala, osiguravaju\u0107i dugotrajnu za\u0161titu od vremenskih nepogoda i bilo kakvog habanja. Ako tra\u017eite pouzdanu i u\u010dinkovitu bateriju za svoj solarni sustav ili druge energetske potrebe, na\u0161a litijska baterija od 12 V savr\u0161en je izbor.<\/p>","protected":false},"featured_media":241,"template":"","meta":{"_kad_post_transparent":"default","_kad_post_title":"","_kad_post_layout":"default","_kad_post_sidebar_id":"","_kad_post_content_style":"default","_kad_post_vertical_padding":"default","_kad_post_feature":"","_kad_post_feature_position":"","_kad_post_header":false,"_kad_post_footer":false},"product_cat":[32],"product_tag":[64,61,60,62,63],"class_list":["post-240","product","type-product","status-publish","has-post-thumbnail","hentry","product_cat-lead-acid-replacement-battery","product_tag-byd-battery","product_tag-byd-lifepo4-battery","product_tag-lead-acid-replacement-battery","product_tag-lifepo4-solar-lithium-battery","product_tag-solar-lithium-battery","entry","content-bg","loop-entry"],"_links":{"self":[{"href":"https:\/\/bybatt.com\/hr\/wp-json\/wp\/v2\/product\/240","targetHints":{"allow":["GET"]}}],"collection":[{"href":"https:\/\/bybatt.com\/hr\/wp-json\/wp\/v2\/product"}],"about":[{"href":"https:\/\/bybatt.com\/hr\/wp-json\/wp\/v2\/types\/product"}],"wp:featuredmedia":[{"embeddable":true,"href":"https:\/\/bybatt.com\/hr\/wp-json\/wp\/v2\/media\/241"}],"wp:attachment":[{"href":"https:\/\/bybatt.com\/hr\/wp-json\/wp\/v2\/media?parent=240"}],"wp:term":[{"taxonomy":"product_cat","embeddable":true,"href":"https:\/\/bybatt.com\/hr\/wp-json\/wp\/v2\/product_cat?post=240"},{"taxonomy":"product_tag","embeddable":true,"href":"https:\/\/bybatt.com\/hr\/wp-json\/wp\/v2\/product_tag?post=240"}],"curies":[{"name":"wp","href":"https:\/\/api.w.org\/{rel}","templated":true}]}}