{"id":248,"date":"2023-02-16T08:09:47","date_gmt":"2023-02-16T08:09:47","guid":{"rendered":"https:\/\/bybatt.com\/?post_type=product&#038;p=248"},"modified":"2023-02-16T08:32:07","modified_gmt":"2023-02-16T08:32:07","slug":"12v-lifepo4-lithium-iron-phosphate-battery-with-bluetooth","status":"publish","type":"product","link":"https:\/\/bybatt.com\/hr\/proizvod\/12v-lifepo4-lithium-iron-phosphate-battery-with-bluetooth\/","title":{"rendered":"12V LiFePO4 litij \u017eeljezo fosfatna baterija s Bluetoothom"},"content":{"rendered":"","protected":false},"excerpt":{"rendered":"<p>Predstavljamo na\u0161 novi i pobolj\u0161ani sustav baterija koji obe\u0107ava neusporedivu izvedbu! Na\u0161 baterijski sustav izgra\u0111en je pomo\u0107u novih \u0107elija 100%, \u0161to ga \u010dini pouzdanom i dugotrajnom opcijom za sve va\u0161e potrebe za napajanjem. S nominalnim naponom od 12 V i nominalnim kapacitetom od 200 Ah\/2560 Wh, na\u0161 sustav baterija prikladan je za \u0161irok raspon primjena. Mo\u017ee se instalirati u paralelnoj vezi ili serijski za 25,6 V, pru\u017eaju\u0107i ve\u0107u fleksibilnost za va\u0161e potrebe.<br \/>\nNa\u0161 baterijski sustav tako\u0111er ima najsuvremeniji sustav upravljanja baterijom (BMS) koji je integriran kako bi se osigurala pouzdana izvedba. BMS pru\u017ea za\u0161titu od kratkog spoja, prekomjernog punjenja i pretjerane temperature, dok odr\u017eava uravnote\u017een napon u svim \u0107elijama. Jedna od klju\u010dnih zna\u010dajki na\u0161eg baterijskog sustava je mogu\u0107nost jednostavne nadogradnje. Mo\u017eete nadograditi na litij neprimjetno sa standardnom veli\u010dinom BCI grupe, ali s ve\u0107om gusto\u0107om energije, sposobno\u0161\u0107u dubljeg pra\u017enjenja, ve\u0107om povratnom u\u010dinkovito\u0161\u0107u i ve\u0107om brzinom punjenja. Na\u0161 sustav baterija tako\u0111er je dizajniran za jednostavno odr\u017eavanje. Funkcija automatskog balansiranja omogu\u0107uje paralelno spajanje vi\u0161e baterija, dugoro\u010dno pobolj\u0161avaju\u0107i prosje\u010dnu u\u010dinkovitost punjenja va\u0161ih baterija. Tako\u0111er mo\u017eete pratiti status rada baterije na mobilnim ure\u0111ajima u stvarnom vremenu pomo\u0107u ugra\u0111enog Bluetooth modula, \u0161to vam daje ve\u0107u kontrolu i uvid u va\u0161u potro\u0161nju energije.<\/p>","protected":false},"featured_media":249,"template":"","meta":{"_kad_post_transparent":"default","_kad_post_title":"","_kad_post_layout":"default","_kad_post_sidebar_id":"","_kad_post_content_style":"default","_kad_post_vertical_padding":"default","_kad_post_feature":"","_kad_post_feature_position":"","_kad_post_header":false,"_kad_post_footer":false},"product_cat":[32],"product_tag":[69,60,66,68,67,65,70],"class_list":["post-248","product","type-product","status-publish","has-post-thumbnail","hentry","product_cat-lead-acid-replacement-battery","product_tag-12v-200ah-100ah-lithium-ion-battery","product_tag-lead-acid-replacement-battery","product_tag-lifepo4-battery","product_tag-lifepo4-lithium-battery","product_tag-lithium-iron-battery","product_tag-lithium-iron-phosphate-battery","product_tag-solar-energy-storage-system-kit","entry","content-bg","loop-entry"],"_links":{"self":[{"href":"https:\/\/bybatt.com\/hr\/wp-json\/wp\/v2\/product\/248","targetHints":{"allow":["GET"]}}],"collection":[{"href":"https:\/\/bybatt.com\/hr\/wp-json\/wp\/v2\/product"}],"about":[{"href":"https:\/\/bybatt.com\/hr\/wp-json\/wp\/v2\/types\/product"}],"wp:featuredmedia":[{"embeddable":true,"href":"https:\/\/bybatt.com\/hr\/wp-json\/wp\/v2\/media\/249"}],"wp:attachment":[{"href":"https:\/\/bybatt.com\/hr\/wp-json\/wp\/v2\/media?parent=248"}],"wp:term":[{"taxonomy":"product_cat","embeddable":true,"href":"https:\/\/bybatt.com\/hr\/wp-json\/wp\/v2\/product_cat?post=248"},{"taxonomy":"product_tag","embeddable":true,"href":"https:\/\/bybatt.com\/hr\/wp-json\/wp\/v2\/product_tag?post=248"}],"curies":[{"name":"wp","href":"https:\/\/api.w.org\/{rel}","templated":true}]}}