{"id":256,"date":"2023-02-17T07:35:14","date_gmt":"2023-02-17T07:35:14","guid":{"rendered":"https:\/\/bybatt.com\/?post_type=product&#038;p=256"},"modified":"2023-02-17T08:02:08","modified_gmt":"2023-02-17T08:02:08","slug":"12-8v-200ah-camper-boat-marine-lifepo4-deep-cycle-battery","status":"publish","type":"product","link":"https:\/\/bybatt.com\/hr\/proizvod\/12-8v-200ah-camper-boat-marine-lifepo4-deep-cycle-battery\/","title":{"rendered":"12,8 V 200 Ah brodska LiFePO4 baterija dubokog ciklusa za brodove"},"content":{"rendered":"","protected":false},"excerpt":{"rendered":"<p>Predstavljamo na\u0161u 12,8 V 200 Ah morsku LiFePO4 bateriju dubokog ciklusa za kamper \u010damac, dizajniranu za pru\u017eanje pouzdane i dugotrajne energije za sve va\u0161e potrebe za brodom i kamperom. Na\u0161a baterija izra\u0111ena je od novih \u0107elija 100%, \u010dime se osigurava najvi\u0161a kvaliteta i pouzdanost.<br \/>\nS nominalnim naponom od 51,2 V-16S2P baterije i nominalnim kapacitetom od 80 Ah, ova baterija je velika u kompaktnoj veli\u010dini, dimenzija 520*310*170 mm. Tehnologija LiFePO4 pru\u017ea iznimne performanse, pru\u017eaju\u0107i do 6000 ciklusa na 80% dubini pra\u017enjenja (DOD) i vi\u0161e, kao \u0161to je nazna\u010deno u na\u0161oj tabeli ciklusa.<br \/>\nNa\u0161a baterija tako\u0111er je izra\u0111ena da traje, sa \u010dvrstim ku\u0107i\u0161tem od metala ili nehr\u0111aju\u0107eg \u010delika za za\u0161titu \u0107elija. S pribli\u017eno 42 kg, lagan je i jednostavan za rukovanje, \u0161to ga \u010dini savr\u0161enim rje\u0161enjem za sve va\u0161e potrebe za napajanjem dok ste u pokretu.<br \/>\n\u0106elije koje se koriste u na\u0161oj bateriji su najvi\u0161e kvalitete, Grade A+, LiFePO4 \u0107elije, osiguravaju\u0107i optimalnu izvedbu i dugovje\u010dnost. Investirajte u na\u0161u 12,8 V 200 Ah brodsku LiFePO4 bateriju dubokog ciklusa za kamper brod za pouzdan izvor energije visokih performansi koji \u0107e vas odvesti dalje.<\/p>","protected":false},"featured_media":257,"template":"","meta":{"_kad_post_transparent":"default","_kad_post_title":"","_kad_post_layout":"default","_kad_post_sidebar_id":"","_kad_post_content_style":"default","_kad_post_vertical_padding":"default","_kad_post_feature":"","_kad_post_feature_position":"","_kad_post_header":false,"_kad_post_footer":false},"product_cat":[25,29],"product_tag":[72,71,74,76,75,73],"class_list":["post-256","product","type-product","status-publish","has-post-thumbnail","hentry","product_cat-home-storage-battery","product_cat-lifepo4-battery-pack","product_tag-36v-100ah-for-agv-car-golf-cart","product_tag-36v-lithium-golf-cart-battery","product_tag-deep-cycle-rv-batteries","product_tag-lifepo4-deep-cycle-battery","product_tag-marine-deep-cycle-batteries","product_tag-rechargeable-lfp-battery","entry","content-bg","loop-entry"],"_links":{"self":[{"href":"https:\/\/bybatt.com\/hr\/wp-json\/wp\/v2\/product\/256","targetHints":{"allow":["GET"]}}],"collection":[{"href":"https:\/\/bybatt.com\/hr\/wp-json\/wp\/v2\/product"}],"about":[{"href":"https:\/\/bybatt.com\/hr\/wp-json\/wp\/v2\/types\/product"}],"wp:featuredmedia":[{"embeddable":true,"href":"https:\/\/bybatt.com\/hr\/wp-json\/wp\/v2\/media\/257"}],"wp:attachment":[{"href":"https:\/\/bybatt.com\/hr\/wp-json\/wp\/v2\/media?parent=256"}],"wp:term":[{"taxonomy":"product_cat","embeddable":true,"href":"https:\/\/bybatt.com\/hr\/wp-json\/wp\/v2\/product_cat?post=256"},{"taxonomy":"product_tag","embeddable":true,"href":"https:\/\/bybatt.com\/hr\/wp-json\/wp\/v2\/product_tag?post=256"}],"curies":[{"name":"wp","href":"https:\/\/api.w.org\/{rel}","templated":true}]}}