{"id":261,"date":"2023-02-17T07:48:53","date_gmt":"2023-02-17T07:48:53","guid":{"rendered":"https:\/\/bybatt.com\/?post_type=product&#038;p=261"},"modified":"2023-02-17T08:00:46","modified_gmt":"2023-02-17T08:00:46","slug":"48v-lifepo4-deep-cycle-golf-cart-lithium-batteries-kits","status":"publish","type":"product","link":"https:\/\/bybatt.com\/hr\/proizvod\/48v-lifepo4-deep-cycle-golf-cart-lithium-batteries-kits\/","title":{"rendered":"Kompleti litijskih baterija za kolica za golf od 48 V LiFePo4 Deep Cycle"},"content":{"rendered":"","protected":false},"excerpt":{"rendered":"<p>Predstavljamo na\u0161u visokokvalitetnu 48V LiFEPO4 bateriju, posebno dizajniranu za kori\u0161tenje u kolicima za golf EZGO i CLUB CAR. Napravljena s novim \u0107elijama 100%, ova litij-ionska baterija pru\u017ea vrhunske performanse i dugotrajnu izdr\u017eljivost.<br \/>\nS nominalnim naponom od 51,2 V i nominalnim kapacitetom od 80 Ah ili 100 Ah, ova baterija napravljena je da s lako\u0107om podnese zahtjeve va\u0161eg vozila za golf. S duljinom od 520 mm, \u0161irinom 310 mm i visinom od 170 mm, ova je baterija dovoljno kompaktna da stane u va\u0161a kolica za golf bez zauzimanja previ\u0161e prostora.<br \/>\nNa\u0161a baterija je dizajnirana da traje do 6000 ciklusa na 80% dubini pra\u017enjenja (DoD), \u0161to je \u010dini pouzdanim i dugotrajnim izvorom energije za va\u0161a kolica za golf. Uz te\u017einu od pribli\u017eno 42 kg, ova je baterija dovoljno lagana da se s njom mo\u017ee lako rukovati, a istovremeno pru\u017ea snagu i kapacitet potreban za cijeli dan na zelenilu.<br \/>\nSa \u010dvrstim ku\u0107i\u0161tem od metala ili nehr\u0111aju\u0107eg \u010delika, mo\u017eete vjerovati da je na\u0161a baterija napravljena da izdr\u017ei zahtjeve vanjske upotrebe i pru\u017ei pouzdan rad u nizu vremenskih uvjeta. Sve \u0107elije koje se koriste u ovoj bateriji su visokokvalitetne \u0107elije razreda A+ LiFePO4, koje osiguravaju vrhunske performanse i dugotrajnu izdr\u017eljivost.<br \/>\nNadogradite svoja kolica za golf s na\u0161om visokokvalitetnom 48V LiFEPO4 baterijom danas i u\u017eivajte u pouzdanoj snazi i dugotrajnim performansama na terenu.<\/p>","protected":false},"featured_media":262,"template":"","meta":{"_kad_post_transparent":"default","_kad_post_title":"","_kad_post_layout":"default","_kad_post_sidebar_id":"","_kad_post_content_style":"default","_kad_post_vertical_padding":"default","_kad_post_feature":"","_kad_post_feature_position":"","_kad_post_header":false,"_kad_post_footer":false},"product_cat":[29,25],"product_tag":[84,81,83,52,77,79,78,80,82],"class_list":["post-261","product","type-product","status-publish","has-post-thumbnail","hentry","product_cat-lifepo4-battery-pack","product_cat-home-storage-battery","product_tag-48v-80ah-golf-cart-battery","product_tag-48v-lifepo4-batteries","product_tag-48v-lithium-golf-cart-battery","product_tag-battery","product_tag-golf-cart-lithium-batteries","product_tag-lithium-batteries-for-golf-carts","product_tag-lithium-golf-cart-batteries-kits","product_tag-lithium-ion-golf-cart-batteries","product_tag-powerful-48-volt-lifepo4-batteries","entry","content-bg","loop-entry"],"_links":{"self":[{"href":"https:\/\/bybatt.com\/hr\/wp-json\/wp\/v2\/product\/261","targetHints":{"allow":["GET"]}}],"collection":[{"href":"https:\/\/bybatt.com\/hr\/wp-json\/wp\/v2\/product"}],"about":[{"href":"https:\/\/bybatt.com\/hr\/wp-json\/wp\/v2\/types\/product"}],"wp:featuredmedia":[{"embeddable":true,"href":"https:\/\/bybatt.com\/hr\/wp-json\/wp\/v2\/media\/262"}],"wp:attachment":[{"href":"https:\/\/bybatt.com\/hr\/wp-json\/wp\/v2\/media?parent=261"}],"wp:term":[{"taxonomy":"product_cat","embeddable":true,"href":"https:\/\/bybatt.com\/hr\/wp-json\/wp\/v2\/product_cat?post=261"},{"taxonomy":"product_tag","embeddable":true,"href":"https:\/\/bybatt.com\/hr\/wp-json\/wp\/v2\/product_tag?post=261"}],"curies":[{"name":"wp","href":"https:\/\/api.w.org\/{rel}","templated":true}]}}