{"id":268,"date":"2023-02-17T08:08:39","date_gmt":"2023-02-17T08:08:39","guid":{"rendered":"https:\/\/bybatt.com\/?post_type=product&#038;p=268"},"modified":"2023-02-17T08:15:14","modified_gmt":"2023-02-17T08:15:14","slug":"12v-24v-36v-rechargeable-lifepo4-lithium-solar-battery-pack","status":"publish","type":"product","link":"https:\/\/bybatt.com\/hr\/proizvod\/12v-24v-36v-rechargeable-lifepo4-lithium-solar-battery-pack\/","title":{"rendered":"12V 24V 36V punjiva LiFePO4 litijska solarna baterija"},"content":{"rendered":"","protected":false},"excerpt":{"rendered":"<p>Predstavljamo 12V 24V 36V punjivu LiFePO4 litijsku solarnu bateriju, savr\u0161eno rje\u0161enje za va\u0161e potrebe za pohranom energije. Izra\u0111ena kori\u0161tenjem patentirane kemije litij \u017eeljezo fosfat (LiFePO\u2084), ova je baterija vrlo svestrana i mo\u017ee se koristiti za \u0161irok raspon primjena.<br \/>\nLFP-3650 ima ugra\u0111eni sustav upravljanja baterijom (BMS) koji osigurava optimalne performanse dok sprje\u010dava pregrijavanje, prekomjerno punjenje i maksimizira \u017eivotni ciklus \u0107elije. S unutarnjim BMS-om (elektroni\u010dki \u010dip), baterija se nadzire u stvarnom vremenu i alarmira korisnika ako se otkriju bilo kakve abnormalnosti napona ili kapaciteta.<br \/>\nSa samo pola do jedne tre\u0107ine te\u017eine olovno-kiselinske baterije, LiFePO4 baterija idealan je izbor za brodove, kamp vozila, vozila za golf, motocikle i aplikacije izvan mre\u017ee. Na\u0161e lifepo4 litijske baterije tako\u0111er su ekolo\u0161ki prihvatljivije od SLA baterija jer ne sadr\u017ee nikakve korozivne ili \u0161tetne te\u0161ke metale.<br \/>\nBaterije Lifepo4 imaju nisku stopu pra\u017enjenja i dug \u017eivotni vijek, s prosje\u010dnim \u017eivotnim vijekom od oko 5 do 10 godina. Mogu podnijeti kapacitet do 85% za 6000 ciklusa u preporu\u010denim uvjetima - 8000 puta (40% dod).<br \/>\nLitijska baterija od 36 V i 50 Ah izra\u0111ena je od vrhunskih baterijskih \u0107elija 3,2 V LifePo4 Grade A, visokokvalitetnog BMS-a, metalnog\/SS ku\u0107i\u0161ta i LCD zaslona (zaslona) za jednostavno pra\u0107enje. Dizajniran je da pru\u017ei dugotrajnu, pouzdanu izvedbu, \u0161to ga \u010dini najprodavanijim proizvodom.<br \/>\nNadogradite svoju pohranu energije s Lithium Battery Power 36V 50Ah litij-ionskom baterijom i u\u017eivajte u blagodatima laganog, ekolo\u0161ki prihvatljivog i dugotrajnog izvora energije.<\/p>","protected":false},"featured_media":269,"template":"","meta":{"_kad_post_transparent":"default","_kad_post_title":"","_kad_post_layout":"default","_kad_post_sidebar_id":"","_kad_post_content_style":"default","_kad_post_vertical_padding":"default","_kad_post_feature":"","_kad_post_feature_position":"","_kad_post_header":false,"_kad_post_footer":false},"product_cat":[25,30],"product_tag":[86,66,88,92,87,91,89,90,85],"class_list":["post-268","product","type-product","status-publish","has-post-thumbnail","hentry","product_cat-home-storage-battery","product_cat-solar-battery","product_tag-grade-a-36v-lithium-battery","product_tag-lifepo4-battery","product_tag-lifepo4-battery-for-electric-vehicle","product_tag-lifepo4-battery-packs","product_tag-lifepo4-lfp4-battery-50ah","product_tag-lifepo4-lithium-battery-for-solar","product_tag-lithium-battery-solar","product_tag-lithium-solar-batteries","product_tag-lithium-solar-battery","entry","content-bg","loop-entry"],"_links":{"self":[{"href":"https:\/\/bybatt.com\/hr\/wp-json\/wp\/v2\/product\/268","targetHints":{"allow":["GET"]}}],"collection":[{"href":"https:\/\/bybatt.com\/hr\/wp-json\/wp\/v2\/product"}],"about":[{"href":"https:\/\/bybatt.com\/hr\/wp-json\/wp\/v2\/types\/product"}],"wp:featuredmedia":[{"embeddable":true,"href":"https:\/\/bybatt.com\/hr\/wp-json\/wp\/v2\/media\/269"}],"wp:attachment":[{"href":"https:\/\/bybatt.com\/hr\/wp-json\/wp\/v2\/media?parent=268"}],"wp:term":[{"taxonomy":"product_cat","embeddable":true,"href":"https:\/\/bybatt.com\/hr\/wp-json\/wp\/v2\/product_cat?post=268"},{"taxonomy":"product_tag","embeddable":true,"href":"https:\/\/bybatt.com\/hr\/wp-json\/wp\/v2\/product_tag?post=268"}],"curies":[{"name":"wp","href":"https:\/\/api.w.org\/{rel}","templated":true}]}}