{"id":271,"date":"2023-02-17T13:19:40","date_gmt":"2023-02-17T13:19:40","guid":{"rendered":"https:\/\/bybatt.com\/?post_type=product&#038;p=271"},"modified":"2023-02-17T13:39:53","modified_gmt":"2023-02-17T13:39:53","slug":"high-voltage-home-storage-system-stackable-lifepo4-battery","status":"publish","type":"product","link":"https:\/\/bybatt.com\/hr\/proizvod\/high-voltage-home-storage-system-stackable-lifepo4-battery\/","title":{"rendered":"LiFePo4 baterija za ku\u0107ni sustav visokog napona koja se mo\u017ee slo\u017eiti"},"content":{"rendered":"","protected":false},"excerpt":{"rendered":"<p>Predstavljamo visokonaponsku LiFePo4 bateriju za ku\u0107ni sustav skladi\u0161tenja \u2013 savr\u0161eno rje\u0161enje za va\u0161e ku\u0107ne potrebe za napajanjem! Ova baterija za pohranu energije u mobilnoj ku\u0107i mo\u017ee se pohvaliti nevjerojatnim \u017eivotnim vijekom dubljim ciklusom od 6000+ puta, osiguravaju\u0107i da \u0107e trajati godinama koje dolaze.<br \/>\nDizajnirana imaju\u0107i na umu va\u0161u pogodnost, ova baterija podr\u017eava invertersku komunikaciju i prilagodbu, tako da je mo\u017eete prilagoditi svojim specifi\u010dnim potrebama. S jednom baterijom koja daje sna\u017enih 10 KWH energije, ova baterija je savr\u0161ena za ku\u0107ne sustave napajanja i punjenje ku\u0107nih aplikacija.<br \/>\nSa svojim sigurnim dizajnom i jamstvom bez curenja, mo\u017eete biti sigurni da je ova baterija pouzdan i bezbri\u017ean izbor. \u0160tovi\u0161e, njegov dizajn koji ne zahtijeva odr\u017eavanje \u010dini ga nevjerojatno lakim za kori\u0161tenje i odr\u017eavanje.<br \/>\nNapravljena za kori\u0161tenje s ku\u0107nim solarnim sustavima, ova baterija mo\u017ee se pohvaliti ve\u0107om gusto\u0107om energije i ekstremnim \u017eivotnim vijekom, osiguravaju\u0107i da traje du\u017ee i daje vi\u0161e energije nego ikad prije. A s donjim dizajnom kota\u010di\u0107a za guranje, ne\u0107ete morati brinuti o instalaciji \u2013 jednostavno je kao da ga gurnete na mjesto!<br \/>\nDizajnirana za maksimalnu u\u010dinkovitost, ova baterija podr\u017eava paralelnu upotrebu i ima vi\u0161e od 6000 ciklusa pouzdanog rada. Njegov sustav upravljanja baterijom osigurava da uvijek radi u najboljem izdanju, a uz 95% DOD i ve\u0107i iskoristivi kapacitet, imat \u0107ete svu snagu koja vam je potrebna da va\u0161 dom radi glatko.<\/p>","protected":false},"featured_media":272,"template":"","meta":{"_kad_post_transparent":"default","_kad_post_title":"","_kad_post_layout":"default","_kad_post_sidebar_id":"","_kad_post_content_style":"default","_kad_post_vertical_padding":"default","_kad_post_feature":"","_kad_post_feature_position":"","_kad_post_header":false,"_kad_post_footer":false},"product_cat":[25,28],"product_tag":[95,99,96,97,94,93,98],"class_list":["post-271","product","type-product","status-publish","has-post-thumbnail","hentry","product_cat-home-storage-battery","product_cat-base-station-battery","product_tag-50kw-51-2v-lithium-battery","product_tag-home-storage-battery","product_tag-life-power-station","product_tag-prismatic-primary-off-lithium-battery-for-cycle","product_tag-stackable-energy-storage-systems","product_tag-stackable-lifepo4-battery","product_tag-stackable-lithium-battery","entry","content-bg","loop-entry"],"_links":{"self":[{"href":"https:\/\/bybatt.com\/hr\/wp-json\/wp\/v2\/product\/271","targetHints":{"allow":["GET"]}}],"collection":[{"href":"https:\/\/bybatt.com\/hr\/wp-json\/wp\/v2\/product"}],"about":[{"href":"https:\/\/bybatt.com\/hr\/wp-json\/wp\/v2\/types\/product"}],"wp:featuredmedia":[{"embeddable":true,"href":"https:\/\/bybatt.com\/hr\/wp-json\/wp\/v2\/media\/272"}],"wp:attachment":[{"href":"https:\/\/bybatt.com\/hr\/wp-json\/wp\/v2\/media?parent=271"}],"wp:term":[{"taxonomy":"product_cat","embeddable":true,"href":"https:\/\/bybatt.com\/hr\/wp-json\/wp\/v2\/product_cat?post=271"},{"taxonomy":"product_tag","embeddable":true,"href":"https:\/\/bybatt.com\/hr\/wp-json\/wp\/v2\/product_tag?post=271"}],"curies":[{"name":"wp","href":"https:\/\/api.w.org\/{rel}","templated":true}]}}