{"id":277,"date":"2023-02-17T13:41:35","date_gmt":"2023-02-17T13:41:35","guid":{"rendered":"https:\/\/bybatt.com\/?post_type=product&#038;p=277"},"modified":"2023-02-17T13:53:19","modified_gmt":"2023-02-17T13:53:19","slug":"lithium-iron-phosphate-lifepo4-solar-server-rack-batteries","status":"publish","type":"product","link":"https:\/\/bybatt.com\/hr\/proizvod\/lithium-iron-phosphate-lifepo4-solar-server-rack-batteries\/","title":{"rendered":"Litij \u017eeljezo fosfat LiFePO4 solarne baterije za stalak za poslu\u017eitelje"},"content":{"rendered":"","protected":false},"excerpt":{"rendered":"<p>Predstavljamo na\u0161e litij-\u017eeljezo-fosfatne (LiFePO4) baterije za stalak za solarne poslu\u017eitelje, dizajnirane za pouzdano i u\u010dinkovito skladi\u0161tenje energije za va\u0161 solarni energetski sustav. Sve \u0107elije koje se koriste u na\u0161im baterijama su 100% nove, osiguravaju\u0107i optimalne performanse i dugovje\u010dnost.<br \/>\nS nominalnim naponom od 240 V i nominalnim kapacitetom od 100 Ah, ove baterije nude dovoljno snage za besprijekoran rad va\u0161eg sustava. Mogu podnijeti maksimalnu struju punjenja od 100 A i maksimalnu struju pra\u017enjenja od 100 A, \u0161to ih \u010dini prikladnima za \u0161irok raspon primjena.<br \/>\nNa\u0161e baterije imaju na\u010din punjenja CC\/CV i dolaze s dodatnim ekranom koji vam poma\u017ee u pra\u0107enju statusa baterije. Tako\u0111er podr\u017eavaju komunikaciju putem RS485\/CAN, \u0161to vam omogu\u0107uje da ih integrirate u ve\u0107i sustav upravljanja energijom.<br \/>\nIzra\u0111ene sa \u010dvrstim metalnim ku\u0107i\u0161tem, na\u0161e baterije mogu izdr\u017eati \u0161irok raspon temperatura i uvjeta okoline. Dimenzije baterije su 600*600*1530 mm, \u0161to ih \u010dini pogodnim za ugradnju u serverske police. Te\u017eina baterije je oko 190 kg, \u0161to olak\u0161ava transport i instalaciju.<br \/>\nNa\u0161e baterije dolaze opremljene nizom za\u0161titnih zna\u010dajki, uklju\u010duju\u0107i za\u0161titu od prekomjernog punjenja, za\u0161titu od prekomjernog pra\u017enjenja, za\u0161titu od prekomjerne struje i vi\u0161e, osiguravaju\u0107i sigurnost i dugovje\u010dnost va\u0161eg sustava.<\/p>","protected":false},"featured_media":278,"template":"","meta":{"_kad_post_transparent":"default","_kad_post_title":"","_kad_post_layout":"default","_kad_post_sidebar_id":"","_kad_post_content_style":"default","_kad_post_vertical_padding":"default","_kad_post_feature":"","_kad_post_feature_position":"","_kad_post_header":false,"_kad_post_footer":false},"product_cat":[25,28],"product_tag":[102,103,105,100,101,104],"class_list":["post-277","product","type-product","status-publish","has-post-thumbnail","hentry","product_cat-home-storage-battery","product_cat-base-station-battery","product_tag-48v-100ah-lifepo4-cart-battery","product_tag-communication-base-station","product_tag-lithium-ion-phosphate-battery","product_tag-server-rack-batteries","product_tag-server-rack-lifepo4-solar-batteries","product_tag-solar-pack-battery","entry","content-bg","loop-entry"],"_links":{"self":[{"href":"https:\/\/bybatt.com\/hr\/wp-json\/wp\/v2\/product\/277","targetHints":{"allow":["GET"]}}],"collection":[{"href":"https:\/\/bybatt.com\/hr\/wp-json\/wp\/v2\/product"}],"about":[{"href":"https:\/\/bybatt.com\/hr\/wp-json\/wp\/v2\/types\/product"}],"wp:featuredmedia":[{"embeddable":true,"href":"https:\/\/bybatt.com\/hr\/wp-json\/wp\/v2\/media\/278"}],"wp:attachment":[{"href":"https:\/\/bybatt.com\/hr\/wp-json\/wp\/v2\/media?parent=277"}],"wp:term":[{"taxonomy":"product_cat","embeddable":true,"href":"https:\/\/bybatt.com\/hr\/wp-json\/wp\/v2\/product_cat?post=277"},{"taxonomy":"product_tag","embeddable":true,"href":"https:\/\/bybatt.com\/hr\/wp-json\/wp\/v2\/product_tag?post=277"}],"curies":[{"name":"wp","href":"https:\/\/api.w.org\/{rel}","templated":true}]}}