{"id":280,"date":"2023-02-17T14:31:23","date_gmt":"2023-02-17T14:31:23","guid":{"rendered":"https:\/\/bybatt.com\/?post_type=product&#038;p=280"},"modified":"2023-03-05T16:17:53","modified_gmt":"2023-03-05T16:17:53","slug":"48v-telecom-base-station-battery-pack-power-system-solution","status":"publish","type":"product","link":"https:\/\/bybatt.com\/hr\/proizvod\/48v-telecom-base-station-battery-pack-power-system-solution\/","title":{"rendered":"48V Telecom Base Station Battery Pack Rje\u0161enje sustava napajanja"},"content":{"rendered":"","protected":false},"excerpt":{"rendered":"<p>Predstavljamo na\u0161e 48V rje\u0161enje za sustav napajanja bazne stanice za telekomunikacijske bazne stanice \u2013 ultimativno rje\u0161enje za va\u0161e potrebe za napajanjem telekomunikacija.<br \/>\nNa\u0161 paket baterija izra\u0111en je od novih \u0107elija 100%, \u010dime se osigurava najbolja kvaliteta i izvedba va\u0161e baterije. Vrsta baterije LiFePO4 vrlo je u\u010dinkovita i pouzdana, \u0161to je \u010dini savr\u0161enim izborom za va\u0161u telekom baznu stanicu.<br \/>\nS nominalnim naponom od 240 V i nominalnim kapacitetom od 100 Ah, ova baterija je sposobna isporu\u010diti pouzdano napajanje va\u0161oj telekom baznoj stanici. Baterija je opremljena maksimalnom strujom punjenja od 100 A i maksimalnom strujom pra\u017enjenja od 100 A, \u0161to vam omogu\u0107uje brzo i u\u010dinkovito punjenje i pra\u017enjenje.<br \/>\nBaterija dolazi s na\u010dinom punjenja CC\/CV, \u010dime se osigurava da se va\u0161a baterija puni sigurno i u\u010dinkovito. Zaslon je opcionalan, \u0161to vam omogu\u0107uje da s lako\u0107om pratite performanse baterije. Vrsta komunikacije RS485\/CAN omogu\u0107uje besprijekornu komunikaciju s va\u0161om baznom stanicom telekomunikacija.<br \/>\nNa\u0161 paket baterija dizajniran je za rad u \u0161irokom rasponu temperatura i okru\u017eenja, a njegova \u010dvrsta metalna konstrukcija osigurava njegovu izdr\u017eljivost i dugovje\u010dnost. S dimenzijama od 600*600*1530 mm i te\u017einom od 190 kg (pribli\u017eno), ovaj paket baterija je kompaktan i jednostavan za postavljanje.<br \/>\nBaterija je opremljena nizom za\u0161titnih zna\u010dajki, uklju\u010duju\u0107i za\u0161titu od prekomjernog punjenja, za\u0161titu od prekomjernog pra\u017enjenja, za\u0161titu od prekomjerne struje i vi\u0161e. Uz ove za\u0161tite, mo\u017eete biti sigurni da je va\u0161a baterija sigurna i pouzdana.<\/p>","protected":false},"featured_media":281,"template":"","meta":{"_kad_post_transparent":"default","_kad_post_title":"","_kad_post_layout":"default","_kad_post_sidebar_id":"","_kad_post_content_style":"default","_kad_post_vertical_padding":"default","_kad_post_feature":"","_kad_post_feature_position":"","_kad_post_header":false,"_kad_post_footer":false},"product_cat":[25,28],"product_tag":[111,110,106,108,107,112,109],"class_list":["post-280","product","type-product","status-publish","has-post-thumbnail","hentry","product_cat-home-storage-battery","product_cat-base-station-battery","product_tag-48v-50ah-lifepo4-battery","product_tag-48v-lifepo4-battery-pack","product_tag-base-station-battery","product_tag-base-station-battery-kit","product_tag-base-station-battery-packs","product_tag-battery-pack-rack-type","product_tag-lifepo4-battery-pack","entry","content-bg","loop-entry"],"_links":{"self":[{"href":"https:\/\/bybatt.com\/hr\/wp-json\/wp\/v2\/product\/280","targetHints":{"allow":["GET"]}}],"collection":[{"href":"https:\/\/bybatt.com\/hr\/wp-json\/wp\/v2\/product"}],"about":[{"href":"https:\/\/bybatt.com\/hr\/wp-json\/wp\/v2\/types\/product"}],"wp:featuredmedia":[{"embeddable":true,"href":"https:\/\/bybatt.com\/hr\/wp-json\/wp\/v2\/media\/281"}],"wp:attachment":[{"href":"https:\/\/bybatt.com\/hr\/wp-json\/wp\/v2\/media?parent=280"}],"wp:term":[{"taxonomy":"product_cat","embeddable":true,"href":"https:\/\/bybatt.com\/hr\/wp-json\/wp\/v2\/product_cat?post=280"},{"taxonomy":"product_tag","embeddable":true,"href":"https:\/\/bybatt.com\/hr\/wp-json\/wp\/v2\/product_tag?post=280"}],"curies":[{"name":"wp","href":"https:\/\/api.w.org\/{rel}","templated":true}]}}