{"id":288,"date":"2023-02-18T03:13:02","date_gmt":"2023-02-18T03:13:02","guid":{"rendered":"https:\/\/bybatt.com\/?post_type=product&#038;p=288"},"modified":"2023-02-18T03:19:31","modified_gmt":"2023-02-18T03:19:31","slug":"server-mount-lifepo4-battery-solar-energy-storage-system","status":"publish","type":"product","link":"https:\/\/bybatt.com\/hr\/proizvod\/server-mount-lifepo4-battery-solar-energy-storage-system\/","title":{"rendered":"LiFePO4 baterijski solarni sustav za pohranjivanje energije na poslu\u017eitelju"},"content":{"rendered":"","protected":false},"excerpt":{"rendered":"<p>Predstavljamo na\u0161 LiFePO4 baterijski solarni sustav za pohranu energije koji se montira na poslu\u017eitelj, pouzdano i visokou\u010dinkovito rje\u0161enje za pohranu energije dizajnirano da zadovolji zahtjevne potrebe modernih poslu\u017eitelja i podatkovnih centara.<br \/>\nIzra\u0111ena sa samo 100% novih \u0107elija, na\u0161a LiFePO4 baterijska tehnologija osigurava iznimne performanse i dugovje\u010dnost, pru\u017eaju\u0107i stabilnu izlaznu snagu i dosljednu pohranu energije za sve va\u0161e potrebe poslu\u017eitelja.<br \/>\nS nominalnim naponom od 240 V i nominalnim kapacitetom od 100 Ah, na\u0161 sustav baterija mo\u017ee se pohvaliti maksimalnom strujom punjenja od 100 A i maksimalnom strujom pra\u017enjenja od 100 A. Na\u0161a napredna tehnologija na\u010dina punjenja CC\/CV jam\u010di sigurnije i u\u010dinkovitije punjenje va\u0161eg baterijskog sustava.<br \/>\nNa\u0161 sustav dolazi opremljen dodatnim ekranom i RS485\/CAN komunikacijskim mogu\u0107nostima, \u0161to vam olak\u0161ava pra\u0107enje performansi va\u0161e baterije i komunikaciju s drugim ure\u0111ajima u va\u0161oj mre\u017ei.<br \/>\nDizajniran kako bi izdr\u017eao te\u0161ke radne uvjete, na\u0161 LiFePO4 baterijski solarni sustav za pohranu energije za monta\u017eu na poslu\u017eitelj zatvoren je u \u010dvrsto metalno ku\u0107i\u0161te, \u010dime se osigurava izdr\u017eljivost i dugovje\u010dnost. Sa 600*600*1530 mm, dovoljno je kompaktan da stane u bilo koju poslu\u017eiteljsku sobu ili podatkovni centar.<br \/>\nS te\u017einom od pribli\u017eno 190 kg, na\u0161 sustav nudi jednostavnu instalaciju i rukovanje, sa za\u0161titom od prekomjernog punjenja, za\u0161titom od prekomjernog pra\u017enjenja, za\u0161titom od prekomjerne struje i drugim bitnim sigurnosnim zna\u010dajkama ugra\u0111enim kako bi se zajam\u010dila sigurna i sigurna upotreba na\u0161eg baterijskog sustava.<br \/>\nS jednom baterijom kapaciteta 5KWH, na\u0161 sustav mo\u017ee se slo\u017eiti do 15KWH kako bi zadovoljio va\u0161e potrebe za pohranom energije. Na\u0161 LiFePO4 baterijski solarni sustav za pohranu energije za monta\u017eu na poslu\u017eitelj savr\u0161eno je rje\u0161enje za pohranu energije za sve potrebe va\u0161eg poslu\u017eitelja i podatkovnog centra.<\/p>","protected":false},"featured_media":289,"template":"","meta":{"_kad_post_transparent":"default","_kad_post_title":"","_kad_post_layout":"default","_kad_post_sidebar_id":"","_kad_post_content_style":"default","_kad_post_vertical_padding":"default","_kad_post_feature":"","_kad_post_feature_position":"","_kad_post_header":false,"_kad_post_footer":false},"product_cat":[25,28],"product_tag":[120,119,118,117,116,113,115,101,114],"class_list":["post-288","product","type-product","status-publish","has-post-thumbnail","hentry","product_cat-home-storage-battery","product_cat-base-station-battery","product_tag-energy-storage-container","product_tag-lifepo4-energy-battery","product_tag-lithium-battery-51-2v-100ah","product_tag-rack-mount-lifepo4-battery","product_tag-rack-mounted-lithium-battery","product_tag-server-mount-lifepo4-battery","product_tag-server-rack-battery","product_tag-server-rack-lifepo4-solar-batteries","product_tag-solar-lithium-battery-server-rack","entry","content-bg","loop-entry"],"_links":{"self":[{"href":"https:\/\/bybatt.com\/hr\/wp-json\/wp\/v2\/product\/288","targetHints":{"allow":["GET"]}}],"collection":[{"href":"https:\/\/bybatt.com\/hr\/wp-json\/wp\/v2\/product"}],"about":[{"href":"https:\/\/bybatt.com\/hr\/wp-json\/wp\/v2\/types\/product"}],"wp:featuredmedia":[{"embeddable":true,"href":"https:\/\/bybatt.com\/hr\/wp-json\/wp\/v2\/media\/289"}],"wp:attachment":[{"href":"https:\/\/bybatt.com\/hr\/wp-json\/wp\/v2\/media?parent=288"}],"wp:term":[{"taxonomy":"product_cat","embeddable":true,"href":"https:\/\/bybatt.com\/hr\/wp-json\/wp\/v2\/product_cat?post=288"},{"taxonomy":"product_tag","embeddable":true,"href":"https:\/\/bybatt.com\/hr\/wp-json\/wp\/v2\/product_tag?post=288"}],"curies":[{"name":"wp","href":"https:\/\/api.w.org\/{rel}","templated":true}]}}