{"id":291,"date":"2023-02-18T03:25:01","date_gmt":"2023-02-18T03:25:01","guid":{"rendered":"https:\/\/bybatt.com\/?post_type=product&#038;p=291"},"modified":"2023-02-18T03:32:11","modified_gmt":"2023-02-18T03:32:11","slug":"ups-battery-base-station-backup-battery-power-system-solution","status":"publish","type":"product","link":"https:\/\/bybatt.com\/hr\/proizvod\/ups-battery-base-station-backup-battery-power-system-solution\/","title":{"rendered":"Rje\u0161enje sustava napajanja pomo\u0107ne baterije bazne stanice UPS-a"},"content":{"rendered":"","protected":false},"excerpt":{"rendered":"<p>Predstavljamo na\u0161e vrhunsko rje\u0161enje za sustav napajanja za pomo\u0107nu bateriju za UPS baznu stanicu, osmi\u0161ljeno da vam pru\u017ei pouzdano i u\u010dinkovito rje\u0161enje za rezervno napajanje za sve va\u0161e potrebe za napajanjem. Na\u0161e baterije izra\u0111ene su od novih \u0107elija 100%, koriste\u0107i najnoviju tehnologiju baterija LiFePO4 kako bi se osigurala dugotrajna snaga visokih performansi.<br \/>\nS nominalnim naponom od 240 V i nominalnim kapacitetom od 100 Ah, na\u0161 sustav baterija sposoban je s lako\u0107om nositi se s velikim optere\u0107enjima. Na\u0161 sustav baterija ima maksimalnu struju punjenja od 100 A i maksimalnu struju pra\u017enjenja od 100 A, \u0161to omogu\u0107uje brzo punjenje i kratko vrijeme pra\u017enjenja.<br \/>\nNa\u0161e baterije dizajnirane su s CC\/CV na\u010dinom punjenja i dolaze s dodatnim ekranom za pra\u0107enje i kontrolu razina snage. Na\u0161 sustav tako\u0111er uklju\u010duje RS485\/CAN komunikaciju, omogu\u0107avaju\u0107i jednostavnu integraciju s va\u0161im postoje\u0107im sustavima napajanja.<br \/>\nIzra\u0111en od izdr\u017eljivih metalnih materijala, na\u0161 sustav baterija napravljen je da izdr\u017ei ekstremne temperature i te\u0161ke uvjete okoline. Dimenzije na\u0161eg sustava su 6006001530 mm, a te\u017eak je otprilike 190 kg, \u0161to ga \u010dini prakti\u010dnim i prakti\u010dnim rje\u0161enjem za \u0161irok raspon energetskih potreba.<br \/>\nNa\u0161 sustav je opremljen za\u0161titom od prekomjernog punjenja, za\u0161titom od prekomjernog pra\u017enjenja, za\u0161titom od prekomjerne struje i drugim naprednim sigurnosnim zna\u010dajkama, \u010dime se osigurava da je va\u0161 sustav napajanja uvijek za\u0161ti\u0107en i siguran.<\/p>","protected":false},"featured_media":292,"template":"","meta":{"_kad_post_transparent":"default","_kad_post_title":"","_kad_post_layout":"default","_kad_post_sidebar_id":"","_kad_post_content_style":"default","_kad_post_vertical_padding":"default","_kad_post_feature":"","_kad_post_feature_position":"","_kad_post_header":false,"_kad_post_footer":false},"product_cat":[25,28],"product_tag":[124,123,126,125,122,121,127],"class_list":["post-291","product","type-product","status-publish","has-post-thumbnail","hentry","product_cat-home-storage-battery","product_cat-base-station-battery","product_tag-51-2v-energy-storage-solar-base-station-power","product_tag-base-station-backup-battery","product_tag-battery-200ah","product_tag-supply-48v-100ah-gyll-lifepo4-solar-battery-rack","product_tag-ups-base-station-backup-battery","product_tag-ups-battery","product_tag-ups-communication-base-station","entry","content-bg","loop-entry"],"_links":{"self":[{"href":"https:\/\/bybatt.com\/hr\/wp-json\/wp\/v2\/product\/291","targetHints":{"allow":["GET"]}}],"collection":[{"href":"https:\/\/bybatt.com\/hr\/wp-json\/wp\/v2\/product"}],"about":[{"href":"https:\/\/bybatt.com\/hr\/wp-json\/wp\/v2\/types\/product"}],"wp:featuredmedia":[{"embeddable":true,"href":"https:\/\/bybatt.com\/hr\/wp-json\/wp\/v2\/media\/292"}],"wp:attachment":[{"href":"https:\/\/bybatt.com\/hr\/wp-json\/wp\/v2\/media?parent=291"}],"wp:term":[{"taxonomy":"product_cat","embeddable":true,"href":"https:\/\/bybatt.com\/hr\/wp-json\/wp\/v2\/product_cat?post=291"},{"taxonomy":"product_tag","embeddable":true,"href":"https:\/\/bybatt.com\/hr\/wp-json\/wp\/v2\/product_tag?post=291"}],"curies":[{"name":"wp","href":"https:\/\/api.w.org\/{rel}","templated":true}]}}