{"id":296,"date":"2023-02-18T03:39:37","date_gmt":"2023-02-18T03:39:37","guid":{"rendered":"https:\/\/bybatt.com\/?post_type=product&#038;p=296"},"modified":"2023-02-18T03:48:57","modified_gmt":"2023-02-18T03:48:57","slug":"48v-power-wall-mounted-lithium-battery-energy-storage-system","status":"publish","type":"product","link":"https:\/\/bybatt.com\/hr\/proizvod\/48v-power-wall-mounted-lithium-battery-energy-storage-system\/","title":{"rendered":"Sustav za pohranu energije na zidnu litijsku bateriju od 48 V"},"content":{"rendered":"","protected":false},"excerpt":{"rendered":"<p>Predstavljamo na\u0161 sustav za pohranu energije na zidnu litijsku bateriju od 48 V, dizajniran za pru\u017eanje pouzdane i u\u010dinkovite pohrane energije za domove i tvrtke. Na\u0161e baterije izra\u0111ene su od novih \u0107elija 100%, \u0161to osigurava vrhunsku kvalitetu i dugotrajne performanse.<br \/>\nOdaberite iz niza kapaciteta koji odgovaraju va\u0161im energetskim potrebama: 50Ah, 100Ah, 150Ah ili 200Ah, s energetskim izlazom u rasponu od 2,56KWH do 10,24KWH. S maksimalnom izlaznom snagom do 10240 W, na\u0161 sustav baterija pru\u017ea dovoljno snage za sve va\u0161e energetske potrebe.<br \/>\nNa\u0161 sustav baterija napravljen je da traje, sa \u017eivotnim vijekom do 6000 ciklusa na 80% dubini pra\u017enjenja i temperaturnom rasponu od -20\u00b0C do 60\u00b0C. Baterija se mo\u017ee \u010duvati do 5 mjeseci na 25\u00b0C, 3 mjeseca na 35\u00b0C i 1 mjesec na 45\u00b0C, \u0161to je \u010dini prikladnom za razli\u010dite uvjete okoline.<br \/>\nZidni dizajn na\u0161eg sustava baterija omogu\u0107uje jednostavnu instalaciju i \u0161tedi dragocjeni podni prostor. S dimenzijama od 360*140*570 mm, kompaktan je i mo\u017ee stati u uske prostore.<\/p>","protected":false},"featured_media":297,"template":"","meta":{"_kad_post_transparent":"default","_kad_post_title":"","_kad_post_layout":"default","_kad_post_sidebar_id":"","_kad_post_content_style":"default","_kad_post_vertical_padding":"default","_kad_post_feature":"","_kad_post_feature_position":"","_kad_post_header":false,"_kad_post_footer":false},"product_cat":[25,27],"product_tag":[136,135,131,137,129,132,134,130,128,133],"class_list":["post-296","product","type-product","status-publish","has-post-thumbnail","hentry","product_cat-home-storage-battery","product_cat-home-battery-powerwall","product_tag-10kwh-7kwh-5kwh-energy-storage-battery","product_tag-48v-wall-mounted-power-battery","product_tag-energy-storage-system","product_tag-lifepo4-lithium-battery-powerwall","product_tag-lithium-battery-wall-mount","product_tag-powerwall-battery","product_tag-rechargeable-lifepo4-lithium-ion-battery","product_tag-wall-mounted-battery","product_tag-wall-mounted-lithium-battery","product_tag-wall-mounted-power-battery","entry","content-bg","loop-entry"],"_links":{"self":[{"href":"https:\/\/bybatt.com\/hr\/wp-json\/wp\/v2\/product\/296","targetHints":{"allow":["GET"]}}],"collection":[{"href":"https:\/\/bybatt.com\/hr\/wp-json\/wp\/v2\/product"}],"about":[{"href":"https:\/\/bybatt.com\/hr\/wp-json\/wp\/v2\/types\/product"}],"wp:featuredmedia":[{"embeddable":true,"href":"https:\/\/bybatt.com\/hr\/wp-json\/wp\/v2\/media\/297"}],"wp:attachment":[{"href":"https:\/\/bybatt.com\/hr\/wp-json\/wp\/v2\/media?parent=296"}],"wp:term":[{"taxonomy":"product_cat","embeddable":true,"href":"https:\/\/bybatt.com\/hr\/wp-json\/wp\/v2\/product_cat?post=296"},{"taxonomy":"product_tag","embeddable":true,"href":"https:\/\/bybatt.com\/hr\/wp-json\/wp\/v2\/product_tag?post=296"}],"curies":[{"name":"wp","href":"https:\/\/api.w.org\/{rel}","templated":true}]}}