{"id":300,"date":"2023-02-18T03:55:53","date_gmt":"2023-02-18T03:55:53","guid":{"rendered":"https:\/\/bybatt.com\/?post_type=product&#038;p=300"},"modified":"2023-02-18T05:26:41","modified_gmt":"2023-02-18T05:26:41","slug":"home-solar-wall-mounted-lithium-battery-lifepo4-battery","status":"publish","type":"product","link":"https:\/\/bybatt.com\/hr\/proizvod\/home-solar-wall-mounted-lithium-battery-lifepo4-battery\/","title":{"rendered":"Ku\u0107na solarna zidna litijska baterija LiFePO4 baterija"},"content":{"rendered":"","protected":false},"excerpt":{"rendered":"<p>Predstavljamo na\u0161u ku\u0107nu solarnu zidnu litijsku bateriju LiFePO4, dizajniranu za napajanje va\u0161eg doma obnovljivom energijom. Ova inovativna baterija izra\u0111ena je od novih \u0107elija 100%, \u010dime se osigurava maksimalna u\u010dinkovitost i dugotrajna pouzdanost.<br \/>\nS kapacitetom od 48 V i \u010detiri opcije za pohranu energije \u2013 50 Ah, 100 Ah, 150 Ah i 200 Ah \u2013 mo\u017eete odabrati savr\u0161enu veli\u010dinu koja \u0107e odgovarati va\u0161im energetskim potrebama. Baterija mo\u017ee pohraniti 2,56KWH do 10,24KWH energije, \u0161to vam omogu\u0107uje napajanje va\u0161eg doma bez oslanjanja na tradicionalne izvore energije.<br \/>\nMaksimalna izlazna snaga kre\u0107e se od 2560 W do 10240 W, \u0161to vam daje snagu koja vam je potrebna da va\u0161 dom radi glatko. Osim toga, baterija je dizajnirana da traje do 6000 ciklusa kada se isprazni do 80% dubine pra\u017enjenja (DOD) na temperaturi od 25\u00b0C, pru\u017eaju\u0107i dugotrajnu pouzdanost.<br \/>\nOva baterija je idealna za ku\u0107nu upotrebu i mo\u017ee se montirati na zid, zauzimaju\u0107i minimalan prostor. Dizajniran je da izdr\u017ei niz temperatura, od -20\u00b0C do 60\u00b0C, i mo\u017ee raditi s 60+\/-25% relativnom vlagom. Uz to, ima vrijeme skladi\u0161tenja od 5 mjeseci na 25\u00b0C, 3 mjeseca na 35\u00b0C i 1 mjesec na 45\u00b0C.<br \/>\nBaterija ima kompaktnu veli\u010dinu od 360*140*570 mm, \u0161to olak\u0161ava instalaciju u va\u0161em domu. Na\u0161a ku\u0107na solarna zidna litijska baterija LiFePO4 je ekolo\u0161ki prihvatljiv i isplativ na\u010din za napajanje va\u0161eg doma obnovljivom energijom. Ulo\u017eite u ovu inovativnu bateriju danas i preuzmite kontrolu nad potro\u0161njom energije.<\/p>","protected":false},"featured_media":301,"template":"","meta":{"_kad_post_transparent":"default","_kad_post_title":"","_kad_post_layout":"default","_kad_post_sidebar_id":"","_kad_post_content_style":"default","_kad_post_vertical_padding":"default","_kad_post_feature":"","_kad_post_feature_position":"","_kad_post_header":false,"_kad_post_footer":false},"product_cat":[25,27],"product_tag":[140,139,62,141,128,138],"class_list":["post-300","product","type-product","status-publish","has-post-thumbnail","hentry","product_cat-home-storage-battery","product_cat-home-battery-powerwall","product_tag-home-energy-storage","product_tag-home-power-wall-mounted-battery","product_tag-lifepo4-solar-lithium-battery","product_tag-power-wall","product_tag-wall-mounted-lithium-battery","product_tag-wall-mounted-lithium-home-battery","entry","content-bg","loop-entry"],"_links":{"self":[{"href":"https:\/\/bybatt.com\/hr\/wp-json\/wp\/v2\/product\/300","targetHints":{"allow":["GET"]}}],"collection":[{"href":"https:\/\/bybatt.com\/hr\/wp-json\/wp\/v2\/product"}],"about":[{"href":"https:\/\/bybatt.com\/hr\/wp-json\/wp\/v2\/types\/product"}],"wp:featuredmedia":[{"embeddable":true,"href":"https:\/\/bybatt.com\/hr\/wp-json\/wp\/v2\/media\/301"}],"wp:attachment":[{"href":"https:\/\/bybatt.com\/hr\/wp-json\/wp\/v2\/media?parent=300"}],"wp:term":[{"taxonomy":"product_cat","embeddable":true,"href":"https:\/\/bybatt.com\/hr\/wp-json\/wp\/v2\/product_cat?post=300"},{"taxonomy":"product_tag","embeddable":true,"href":"https:\/\/bybatt.com\/hr\/wp-json\/wp\/v2\/product_tag?post=300"}],"curies":[{"name":"wp","href":"https:\/\/api.w.org\/{rel}","templated":true}]}}