{"id":306,"date":"2023-02-18T05:30:26","date_gmt":"2023-02-18T05:30:26","guid":{"rendered":"https:\/\/bybatt.com\/?post_type=product&#038;p=306"},"modified":"2023-02-18T05:40:06","modified_gmt":"2023-02-18T05:40:06","slug":"cheap-48v-100ah-lifepo4-powerwall-lithium-ion-home-battery","status":"publish","type":"product","link":"https:\/\/bybatt.com\/hr\/proizvod\/cheap-48v-100ah-lifepo4-powerwall-lithium-ion-home-battery\/","title":{"rendered":"Jeftina 48V 100AH LiFePO4 Powerwall litij-ionska ku\u0107na baterija"},"content":{"rendered":"","protected":false},"excerpt":{"rendered":"<p>48V 100AH LiFePO4 Powerwall litij-ionska ku\u0107na baterija je napredno rje\u0161enje za ku\u0107no rezervno napajanje. Ovaj visokotehnolo\u0161ki proizvod dizajniran je za besprijekornu integraciju u va\u0161 dom svojim modernim dizajnom i minijaturiziranom, laganom konstrukcijom. Inteligentan je, standardiziran i ekolo\u0161ki prihvatljiv, \u0161to ga \u010dini izvrsnim izborom za one koji \u017eele smanjiti svoj uglji\u010dni otisak.<br \/>\nPowerwall ku\u0107na baterija ima kapacitet pohrane litijeve (LiFePO4) baterije od 5 kWh, pru\u017eaju\u0107i dovoljno energije da vas dr\u017ei podalje od mre\u017ee kad god po\u017eelite. Ova je baterija najpopularnije rje\u0161enje za pohranu energije na svijetu, nudi pouzdano ku\u0107no rezervno napajanje na koje mo\u017eete ra\u010dunati. \u010cak i ako va\u0161e solarno putovanje nije zapo\u010delo s proizvo\u0111a\u010dima, jo\u0161 uvijek mo\u017eete u\u017eivati u prednostima ovog ku\u0107nog baterijskog sustava i ku\u0107nog baterijskog rezervnog sustava napajanja.<br \/>\nSve \u0107elije koje se koriste u ovim baterijama su nove 100%, \u0161to osigurava dugotrajnu izvedbu. Baterija je dostupna u razli\u010ditim kapacitetima i veli\u010dinama, s izlaznom energijom od 2,56KWH, 5,12KWH, 7,68KWH i 10,24KWH, te maksimalnom izlaznom snagom od 2560W, 5120W, 7680W i 10240W. Baterija ima dug \u017eivotni vijek od 6000 ciklusa (pri 80% DOD, 25\u00b0C), \u0161to omogu\u0107uje pouzdanu dugotrajnu upotrebu.<br \/>\nOva se baterija mo\u017ee \u010duvati do 5 mjeseci na 25\u00b0C, 3 mjeseca na 35\u00b0C i 1 mjesec na 45\u00b0C, \u0161to je \u010dini fleksibilnim rje\u0161enjem za va\u0161e potrebe za rezervnim napajanjem. Mo\u017ee raditi unutar temperaturnog raspona od -20\u00b0C do 60\u00b0C pri relativnoj vla\u017enosti 60+\/-25%, osiguravaju\u0107i da mo\u017ee dobro raditi u razli\u010ditim uvjetima. Dimenzije baterije su 360*140*570mm, \u0161to je \u010dini jednostavnom za integraciju u va\u0161 dom.<\/p>","protected":false},"featured_media":307,"template":"","meta":{"_kad_post_transparent":"default","_kad_post_title":"","_kad_post_layout":"default","_kad_post_sidebar_id":"","_kad_post_content_style":"default","_kad_post_vertical_padding":"default","_kad_post_feature":"","_kad_post_feature_position":"","_kad_post_header":false,"_kad_post_footer":false},"product_cat":[25,27],"product_tag":[147,149,144,143,145,146,142,148],"class_list":["post-306","product","type-product","status-publish","has-post-thumbnail","hentry","product_cat-home-storage-battery","product_cat-home-battery-powerwall","product_tag-6000-cycles-life-lithium-ion-battery","product_tag-home-battery-lithium-powerwall","product_tag-lifepo4-home-battery","product_tag-lithium-ion-home-battery","product_tag-powerwall-home-battery","product_tag-powerwall-lithium-ion-battery","product_tag-powerwall-lithium-ion-home-battery","product_tag-powerwall-tesla-10kwh","entry","content-bg","loop-entry"],"_links":{"self":[{"href":"https:\/\/bybatt.com\/hr\/wp-json\/wp\/v2\/product\/306","targetHints":{"allow":["GET"]}}],"collection":[{"href":"https:\/\/bybatt.com\/hr\/wp-json\/wp\/v2\/product"}],"about":[{"href":"https:\/\/bybatt.com\/hr\/wp-json\/wp\/v2\/types\/product"}],"wp:featuredmedia":[{"embeddable":true,"href":"https:\/\/bybatt.com\/hr\/wp-json\/wp\/v2\/media\/307"}],"wp:attachment":[{"href":"https:\/\/bybatt.com\/hr\/wp-json\/wp\/v2\/media?parent=306"}],"wp:term":[{"taxonomy":"product_cat","embeddable":true,"href":"https:\/\/bybatt.com\/hr\/wp-json\/wp\/v2\/product_cat?post=306"},{"taxonomy":"product_tag","embeddable":true,"href":"https:\/\/bybatt.com\/hr\/wp-json\/wp\/v2\/product_tag?post=306"}],"curies":[{"name":"wp","href":"https:\/\/api.w.org\/{rel}","templated":true}]}}