{"id":311,"date":"2023-02-18T08:35:21","date_gmt":"2023-02-18T08:35:21","guid":{"rendered":"https:\/\/bybatt.com\/?post_type=product&#038;p=311"},"modified":"2023-02-18T08:41:37","modified_gmt":"2023-02-18T08:41:37","slug":"grid-hybrid-inverter-wall-mounted-battery-home-solar-system","status":"publish","type":"product","link":"https:\/\/bybatt.com\/hr\/proizvod\/grid-hybrid-inverter-wall-mounted-battery-home-solar-system\/","title":{"rendered":"Mre\u017eni hibridni inverterski ku\u0107ni solarni sustav na zidne baterije"},"content":{"rendered":"","protected":false},"excerpt":{"rendered":"<p>Ovaj grid hibridni inverter zidni ku\u0107ni solarni sustav s baterijama dizajniran je za stambenu upotrebu i sastoji se od baterije, hibridnog invertera i solarnih plo\u010da. Banka baterija ima kapacitet od 48 V i dolazi u \u010detiri razli\u010dite veli\u010dine \u2013 50 Ah, 100 Ah, 150 Ah i 200 Ah, s odgovaraju\u0107om pohranom energije od 2,56 KWH, 5,12 KWH, 7,68 KWH i 10,24 KWH, redom. Baterijske \u0107elije koje se koriste potpuno su nove, \u0161to osigurava visoku kvalitetu rada.<br \/>\nMaksimalna izlazna snaga sustava varira ovisno o veli\u010dini baterije, s najve\u0107im kapacitetom od 200 Ah koji mo\u017ee proizvesti maksimalnu snagu od 10240 W. Baterija ima dug \u017eivotni vijek do 6000 ciklusa kada se isprazni do 80% svog kapaciteta na temperaturi od 25\u00b0C.<br \/>\nBaterija se mo\u017ee \u010duvati do 5 mjeseci na temperaturi od 25\u00b0C, 3 mjeseca na 35\u00b0C i 1 mjesec na 45\u00b0C, pru\u017eaju\u0107i korisnicima fleksibilnost i prakti\u010dnost. Sustav mo\u017ee raditi u temperaturnom rasponu od -20\u00b0C do 60\u00b0C, uz relativnu vla\u017enost od 60+\/-25%.<br \/>\nDimenzije baterije su 360*140*570 mm, \u0161to olak\u0161ava monta\u017eu na zid radi u\u0161tede prostora. Ovaj solarni sustav idealno je rje\u0161enje za ku\u0107anstva koja \u017eele smanjiti svoje ra\u010dune za struju i oslanjanje na mre\u017eu, a istovremeno pozitivno utjecati na okoli\u0161<\/p>","protected":false},"featured_media":312,"template":"","meta":{"_kad_post_transparent":"default","_kad_post_title":"","_kad_post_layout":"default","_kad_post_sidebar_id":"","_kad_post_content_style":"default","_kad_post_vertical_padding":"default","_kad_post_feature":"","_kad_post_feature_position":"","_kad_post_header":false,"_kad_post_footer":false},"product_cat":[25,27],"product_tag":[151,131,68,152,153,155,150,154,130],"class_list":["post-311","product","type-product","status-publish","has-post-thumbnail","hentry","product_cat-home-storage-battery","product_cat-home-battery-powerwall","product_tag-battery-storage","product_tag-energy-storage-system","product_tag-lifepo4-lithium-battery","product_tag-power-battery-wall","product_tag-power-storage","product_tag-power-wall-hybrid-grid","product_tag-powerwall-energy","product_tag-solar-battery-storage-system","product_tag-wall-mounted-battery","entry","content-bg","loop-entry"],"_links":{"self":[{"href":"https:\/\/bybatt.com\/hr\/wp-json\/wp\/v2\/product\/311","targetHints":{"allow":["GET"]}}],"collection":[{"href":"https:\/\/bybatt.com\/hr\/wp-json\/wp\/v2\/product"}],"about":[{"href":"https:\/\/bybatt.com\/hr\/wp-json\/wp\/v2\/types\/product"}],"wp:featuredmedia":[{"embeddable":true,"href":"https:\/\/bybatt.com\/hr\/wp-json\/wp\/v2\/media\/312"}],"wp:attachment":[{"href":"https:\/\/bybatt.com\/hr\/wp-json\/wp\/v2\/media?parent=311"}],"wp:term":[{"taxonomy":"product_cat","embeddable":true,"href":"https:\/\/bybatt.com\/hr\/wp-json\/wp\/v2\/product_cat?post=311"},{"taxonomy":"product_tag","embeddable":true,"href":"https:\/\/bybatt.com\/hr\/wp-json\/wp\/v2\/product_tag?post=311"}],"curies":[{"name":"wp","href":"https:\/\/api.w.org\/{rel}","templated":true}]}}