{"id":316,"date":"2023-02-18T08:42:14","date_gmt":"2023-02-18T08:42:14","guid":{"rendered":"https:\/\/bybatt.com\/?post_type=product&#038;p=316"},"modified":"2023-03-05T16:19:15","modified_gmt":"2023-03-05T16:19:15","slug":"lifepo4-tesla-powerwall-lithium-battery-for-solar-system","status":"publish","type":"product","link":"https:\/\/bybatt.com\/hr\/proizvod\/lifepo4-tesla-powerwall-lithium-battery-for-solar-system\/","title":{"rendered":"LiFePO4 Tesla Powerwall litijeva baterija za solarni sustav"},"content":{"rendered":"","protected":false},"excerpt":{"rendered":"<p>LiFePO4 Tesla Powerwall litijska baterija dizajnirana je za kori\u0161tenje u solarnim sustavima i dolazi u nekoliko opcija kapaciteta: 48V 50Ah, 48V 100Ah, 48V 150Ah i 48V 200Ah. Baterija ima maksimalni energetski kapacitet od 2,56KWH, 5,12KWH, 7,68KWH, odnosno 10,24KWH, te mo\u017ee pru\u017eiti maksimalnu izlaznu snagu od 2560W, 5120W, 7680W, odnosno 10240W.<br \/>\nBaterija je napravljena kori\u0161tenjem novih \u0107elija 100% i ima dug \u017eivotni vijek, s nominalnim \u017eivotnim ciklusom od 6000 ciklusa pri 80% dubini pra\u017enjenja i temperaturi od 25\u00b0C. Mo\u017ee se \u010duvati do 5 mjeseci na temperaturi od 25\u00b0C, 3 mjeseca na 35\u00b0C i 1 mjesec na 45\u00b0C. Baterija je dizajnirana za rad na temperaturama u rasponu od -20\u00b0C do 60\u00b0C, s relativnom vlagom od 60+\/-25%. Dimenzije baterije su 360 mm x 140 mm x 570 mm (duljina x \u0161irina x visina).<br \/>\nSveukupno, ova LiFePO4 Tesla Powerwall litijeva baterija je visokou\u010dinkovito, izdr\u017eljivo i pouzdano rje\u0161enje za napajanje solarnih sustava i sposobna je osigurati zna\u010dajnu pohranu energije i izlaznu snagu tijekom duljeg razdoblja.<\/p>","protected":false},"featured_media":317,"template":"","meta":{"_kad_post_transparent":"default","_kad_post_title":"","_kad_post_layout":"default","_kad_post_sidebar_id":"","_kad_post_content_style":"default","_kad_post_vertical_padding":"default","_kad_post_feature":"","_kad_post_feature_position":"","_kad_post_header":false,"_kad_post_footer":false},"product_cat":[25,27],"product_tag":[157,68,158,159,156],"class_list":["post-316","product","type-product","status-publish","has-post-thumbnail","hentry","product_cat-home-storage-battery","product_cat-home-battery-powerwall","product_tag-6000-cycles-80-dod-lifepo4-48v-100ah-5kwh-powerwall","product_tag-lifepo4-lithium-battery","product_tag-power-wall-lithium-battery","product_tag-tesla-powerwall-alternative","product_tag-tesla-powerwall-lithium-battery","entry","content-bg","loop-entry"],"_links":{"self":[{"href":"https:\/\/bybatt.com\/hr\/wp-json\/wp\/v2\/product\/316","targetHints":{"allow":["GET"]}}],"collection":[{"href":"https:\/\/bybatt.com\/hr\/wp-json\/wp\/v2\/product"}],"about":[{"href":"https:\/\/bybatt.com\/hr\/wp-json\/wp\/v2\/types\/product"}],"wp:featuredmedia":[{"embeddable":true,"href":"https:\/\/bybatt.com\/hr\/wp-json\/wp\/v2\/media\/317"}],"wp:attachment":[{"href":"https:\/\/bybatt.com\/hr\/wp-json\/wp\/v2\/media?parent=316"}],"wp:term":[{"taxonomy":"product_cat","embeddable":true,"href":"https:\/\/bybatt.com\/hr\/wp-json\/wp\/v2\/product_cat?post=316"},{"taxonomy":"product_tag","embeddable":true,"href":"https:\/\/bybatt.com\/hr\/wp-json\/wp\/v2\/product_tag?post=316"}],"curies":[{"name":"wp","href":"https:\/\/api.w.org\/{rel}","templated":true}]}}