{"id":324,"date":"2023-02-18T08:53:52","date_gmt":"2023-02-18T08:53:52","guid":{"rendered":"https:\/\/bybatt.com\/?post_type=product&#038;p=324"},"modified":"2023-02-18T09:02:35","modified_gmt":"2023-02-18T09:02:35","slug":"powerwall-lifepo4-battery-off-grid-energy-storage-system","status":"publish","type":"product","link":"https:\/\/bybatt.com\/hr\/proizvod\/powerwall-lifepo4-battery-off-grid-energy-storage-system\/","title":{"rendered":"Powerwall LiFePO4 baterijski izvanmre\u017eni sustav pohrane energije"},"content":{"rendered":"","protected":false},"excerpt":{"rendered":"<p>Powerwall LiFePO4 Battery Off-Grid Energy Storage System sustav je punjivih baterija dizajniran za izvanmre\u017eno skladi\u0161tenje energije. Koristi LiFePO4 \u0107elije koje su nove 100% i poznate su po svojoj visokoj gusto\u0107i energije, dugom vijeku trajanja i sigurnosti. Sustav baterija dolazi u \u010detiri razli\u010dita kapaciteta: 24V\/100AH, 48V\/50AH, 48V\/100AH i 48V\/200AH.<br \/>\nDimenzije baterija variraju ovisno o kapacitetu, najmanja baterija (24V100AH) je dimenzija 400*110*520 mm, a najve\u0107a baterija (48V200AH) je dimenzija 540*200*950 mm. Te\u017eina tako\u0111er varira ovisno o kapacitetu, pri \u010demu najmanja baterija te\u017ei 24 kg, a najve\u0107a baterija te\u017ei 45 kg.<br \/>\nBaterijski sustav ima vijek trajanja od 5000 ciklusa, \u0161to zna\u010di da se mo\u017ee puniti i prazniti do 5000 puta prije nego \u0161to po\u010dne slabiti. To ga \u010dini idealnim rje\u0161enjem za izvanmre\u017eno skladi\u0161tenje energije, budu\u0107i da mo\u017ee osigurati pouzdano napajanje dugo vremena.<br \/>\nOp\u0107enito, Powerwall LiFePO4 Battery Off-Grid sustav za pohranu energije je visokokvalitetan, izdr\u017eljiv i pouzdan baterijski sustav koji mo\u017ee osigurati napajanje za razne izvanmre\u017ene aplikacije.<\/p>","protected":false},"featured_media":326,"template":"","meta":{"_kad_post_transparent":"default","_kad_post_title":"","_kad_post_layout":"default","_kad_post_sidebar_id":"","_kad_post_content_style":"default","_kad_post_vertical_padding":"default","_kad_post_feature":"","_kad_post_feature_position":"","_kad_post_header":false,"_kad_post_footer":false},"product_cat":[25,27],"product_tag":[164,161,163,165,160,162],"class_list":["post-324","product","type-product","status-publish","has-post-thumbnail","hentry","product_cat-home-storage-battery","product_cat-home-battery-powerwall","product_tag-5kwh-wall-mounted-lithium-battery","product_tag-battery-energy-storage-solutions","product_tag-lifepo4-48v-100ah","product_tag-lithium-power-wall-lifepo4","product_tag-powerwall-lifepo4-battery","product_tag-solar-battery","entry","content-bg","loop-entry"],"_links":{"self":[{"href":"https:\/\/bybatt.com\/hr\/wp-json\/wp\/v2\/product\/324","targetHints":{"allow":["GET"]}}],"collection":[{"href":"https:\/\/bybatt.com\/hr\/wp-json\/wp\/v2\/product"}],"about":[{"href":"https:\/\/bybatt.com\/hr\/wp-json\/wp\/v2\/types\/product"}],"wp:featuredmedia":[{"embeddable":true,"href":"https:\/\/bybatt.com\/hr\/wp-json\/wp\/v2\/media\/326"}],"wp:attachment":[{"href":"https:\/\/bybatt.com\/hr\/wp-json\/wp\/v2\/media?parent=324"}],"wp:term":[{"taxonomy":"product_cat","embeddable":true,"href":"https:\/\/bybatt.com\/hr\/wp-json\/wp\/v2\/product_cat?post=324"},{"taxonomy":"product_tag","embeddable":true,"href":"https:\/\/bybatt.com\/hr\/wp-json\/wp\/v2\/product_tag?post=324"}],"curies":[{"name":"wp","href":"https:\/\/api.w.org\/{rel}","templated":true}]}}