{"id":333,"date":"2023-02-18T10:07:36","date_gmt":"2023-02-18T10:07:36","guid":{"rendered":"https:\/\/bybatt.com\/?post_type=product&#038;p=333"},"modified":"2023-02-18T10:15:53","modified_gmt":"2023-02-18T10:15:53","slug":"rechargeable-customized-home-solar-system-battery-storage","status":"publish","type":"product","link":"https:\/\/bybatt.com\/hr\/proizvod\/rechargeable-customized-home-solar-system-battery-storage\/","title":{"rendered":"Punjivo prilago\u0111eno ku\u0107no skladi\u0161tenje baterija solarnog sustava"},"content":{"rendered":"","protected":false},"excerpt":{"rendered":"<p>Punjivo prilago\u0111eno ku\u0107no skladi\u0161tenje baterija solarnog sustava sustav je solarnih baterija dizajniran za stambenu upotrebu. Sastoji se od seta litij-ionskih baterija velikog kapaciteta kapaciteta 24V100AH\/48V50AH\/48V100AH\/48V200AH, ovisno o specifi\u010dnom odabranom modelu.<br \/>\nSustav baterija je punjiv i dizajniran je za rad sa solarnim plo\u010dama za pohranjivanje energije generirane sun\u010devom svjetlo\u0161\u0107u. To ga \u010dini ekolo\u0161ki prihvatljivim i isplativim rje\u0161enjem za napajanje domova.<br \/>\nBaterije su izra\u0111ene s novim \u0107elijama 100% kako bi se osigurale optimalne performanse i pouzdanost. Sustav je prilagodljiv kako bi zadovoljio individualne potrebe i preferencije, s razli\u010ditim veli\u010dinama koje su dostupne ovisno o specifi\u010dnim zahtjevima vlasnika ku\u0107e. Opcije veli\u010dine su 400*110*520mm, 400*110*520mm, 360*175*520mm, 540*200*950mm.<br \/>\nTe\u017eina baterije tako\u0111er varira ovisno o odabranom kapacitetu i veli\u010dini. Opcije te\u017eine su 24KG\/45KG\/24KG. Sveukupno, punjivo prilago\u0111eno ku\u0107no skladi\u0161tenje baterija solarnog sustava je visokokvalitetno i svestrano rje\u0161enje za potrebe stambene solarne energije.<\/p>","protected":false},"featured_media":334,"template":"","meta":{"_kad_post_transparent":"default","_kad_post_title":"","_kad_post_layout":"default","_kad_post_sidebar_id":"","_kad_post_content_style":"default","_kad_post_vertical_padding":"default","_kad_post_feature":"","_kad_post_feature_position":"","_kad_post_header":false,"_kad_post_footer":false},"product_cat":[25,27],"product_tag":[167,168,170,154,166,169],"class_list":["post-333","product","type-product","status-publish","has-post-thumbnail","hentry","product_cat-home-storage-battery","product_cat-home-battery-powerwall","product_tag-home-solar-system-battery-power-storage","product_tag-lithium-ion-solar-energy-storage-system-battery","product_tag-solar-battery-storage","product_tag-solar-battery-storage-system","product_tag-solar-system-battery-storage","product_tag-wall-mount-10kw-256v-battery-pack","entry","content-bg","loop-entry"],"_links":{"self":[{"href":"https:\/\/bybatt.com\/hr\/wp-json\/wp\/v2\/product\/333","targetHints":{"allow":["GET"]}}],"collection":[{"href":"https:\/\/bybatt.com\/hr\/wp-json\/wp\/v2\/product"}],"about":[{"href":"https:\/\/bybatt.com\/hr\/wp-json\/wp\/v2\/types\/product"}],"wp:featuredmedia":[{"embeddable":true,"href":"https:\/\/bybatt.com\/hr\/wp-json\/wp\/v2\/media\/334"}],"wp:attachment":[{"href":"https:\/\/bybatt.com\/hr\/wp-json\/wp\/v2\/media?parent=333"}],"wp:term":[{"taxonomy":"product_cat","embeddable":true,"href":"https:\/\/bybatt.com\/hr\/wp-json\/wp\/v2\/product_cat?post=333"},{"taxonomy":"product_tag","embeddable":true,"href":"https:\/\/bybatt.com\/hr\/wp-json\/wp\/v2\/product_tag?post=333"}],"curies":[{"name":"wp","href":"https:\/\/api.w.org\/{rel}","templated":true}]}}