{"id":340,"date":"2023-02-18T10:18:15","date_gmt":"2023-02-18T10:18:15","guid":{"rendered":"https:\/\/bybatt.com\/?post_type=product&#038;p=340"},"modified":"2023-03-05T16:17:39","modified_gmt":"2023-03-05T16:17:39","slug":"energy-powerwall-lifepo4-battery-for-home-solar-storage","status":"publish","type":"product","link":"https:\/\/bybatt.com\/hr\/proizvod\/energy-powerwall-lifepo4-battery-for-home-solar-storage\/","title":{"rendered":"Energy Powerwall LiFePO4 baterija za ku\u0107nu solarnu pohranu"},"content":{"rendered":"","protected":false},"excerpt":{"rendered":"<p>Energy Powerwall LiFePO4 baterija je visokokvalitetna baterija dizajnirana za pri\u010duvnu pohranu energije kod ku\u0107e. Koristi Grade A, nove 3.2V100Ah LiFePO4 \u0107elije, osiguravaju\u0107i optimalnu izvedbu i dugovje\u010dnost. Baterija ima nazivni napon od 51,2 V i nazivni kapacitet od 100 Ah, \u0161to zna\u010di nazivnu energiju od 5120 Wh.<br \/>\nBaterija je dizajnirana za monta\u017eu na zid i prilagodljive veli\u010dine kako bi odgovarala specifi\u010dnim zahtjevima va\u0161e instalacije. Baterija ima za\u0161titni raspon radnog napona od 40-58,4 V, pru\u017eaju\u0107i za\u0161titu od prekomjernog ili premalog punjenja.<br \/>\nPaket baterija mo\u017ee podnijeti maksimalnu kontinuiranu struju punjenja od 50 A i maksimalnu kontinuiranu struju pra\u017enjenja od 100 A, \u0161to ga \u010dini prikladnim za zahtjevne primjene. Baterija je te\u0161ka 50 kg, \u0161to olak\u0161ava instalaciju i rukovanje.<br \/>\nSve u svemu, baterija Energy Powerwall LiFePO4 izvrstan je izbor za svakoga tko tra\u017ei pouzdanu, visokokvalitetnu bateriju za pri\u010duvnu pohranu energije u ku\u0107i.<\/p>","protected":false},"featured_media":341,"template":"","meta":{"_kad_post_transparent":"default","_kad_post_title":"","_kad_post_layout":"default","_kad_post_sidebar_id":"","_kad_post_content_style":"default","_kad_post_vertical_padding":"default","_kad_post_feature":"","_kad_post_feature_position":"","_kad_post_header":false,"_kad_post_footer":false},"product_cat":[25,27],"product_tag":[172,171,174,173,160],"class_list":["post-340","product","type-product","status-publish","has-post-thumbnail","hentry","product_cat-home-storage-battery","product_cat-home-battery-powerwall","product_tag-5kwh-lithium-battery","product_tag-deep-cycle-off-grid-100ah-high-capacity-home-power-wall","product_tag-energy-storage-battery-for-home-use","product_tag-powerwall-battery-lifepo4","product_tag-powerwall-lifepo4-battery","entry","content-bg","loop-entry"],"_links":{"self":[{"href":"https:\/\/bybatt.com\/hr\/wp-json\/wp\/v2\/product\/340","targetHints":{"allow":["GET"]}}],"collection":[{"href":"https:\/\/bybatt.com\/hr\/wp-json\/wp\/v2\/product"}],"about":[{"href":"https:\/\/bybatt.com\/hr\/wp-json\/wp\/v2\/types\/product"}],"wp:featuredmedia":[{"embeddable":true,"href":"https:\/\/bybatt.com\/hr\/wp-json\/wp\/v2\/media\/341"}],"wp:attachment":[{"href":"https:\/\/bybatt.com\/hr\/wp-json\/wp\/v2\/media?parent=340"}],"wp:term":[{"taxonomy":"product_cat","embeddable":true,"href":"https:\/\/bybatt.com\/hr\/wp-json\/wp\/v2\/product_cat?post=340"},{"taxonomy":"product_tag","embeddable":true,"href":"https:\/\/bybatt.com\/hr\/wp-json\/wp\/v2\/product_tag?post=340"}],"curies":[{"name":"wp","href":"https:\/\/api.w.org\/{rel}","templated":true}]}}