{"id":354,"date":"2023-02-18T14:14:30","date_gmt":"2023-02-18T14:14:30","guid":{"rendered":"https:\/\/bybatt.com\/?post_type=product&#038;p=354"},"modified":"2023-02-18T14:30:29","modified_gmt":"2023-02-18T14:30:29","slug":"multi-function-lithium-portable-power-station-solar-generator","status":"publish","type":"product","link":"https:\/\/bybatt.com\/hr\/proizvod\/multi-function-lithium-portable-power-station-solar-generator\/","title":{"rendered":"Vi\u0161enamjenski litijski prijenosni solarni generator za elektranu"},"content":{"rendered":"","protected":false},"excerpt":{"rendered":"<p>Vi\u0161enamjenski litijski prijenosni solarni generator za elektranu je svestrani izvor energije velikog kapaciteta dizajniran za kori\u0161tenje u razli\u010ditim okru\u017eenjima. Sadr\u017ei novu bateriju 100% s kapacitetom od 208800 mAh na 3,7 V, pru\u017eaju\u0107i ukupno 772 watt-sata (WH) snage.<br \/>\nElektrana se mo\u017ee napuniti za 7-8 sati koriste\u0107i ulaz od 25.2V\/5A, ili putem solarnog punjenja s maksimalnim ulazom od 18-23V\/100W. Elektri\u010dna stanica tako\u0111er dolazi s razli\u010ditim izlaznim priklju\u010dcima, uklju\u010duju\u0107i 3 USB priklju\u010dka s QC3.0 mogu\u0107no\u0161\u0107u brzog punjenja, 1 Type-C priklju\u010dak s PD 60W mogu\u0107no\u0161\u0107u punjenja, 2 DC priklju\u010dka s 14,4 V\/7 A izlazom i 1 upalja\u010d za cigarete s 14,4 V\/7A izlaz.<br \/>\nUz svoje DC izlazne priklju\u010dke, elektrana tako\u0111er ima AC kontinuirani izlaz \u010distog crnog vala od 1000 W s opcijama izlaznog napona od 110(100-120)\/230(220-240)V. Elektri\u010dna stanica ima LCD zaslon indikatora snage i ima kompaktnu veli\u010dinu od 334*167*204 mm, \u0161to je \u010dini lakom za transport i skladi\u0161tenje.<br \/>\nSveukupno, vi\u0161enamjenski litij prijenosni solarni generator elektrane pouzdan je i u\u010dinkovit izvor energije koji se mo\u017ee koristiti za razli\u010dite primjene, uklju\u010duju\u0107i avanture na otvorenom, pomo\u0107no napajanje u hitnim slu\u010dajevima i vi\u0161e.<\/p>","protected":false},"featured_media":355,"template":"","meta":{"_kad_post_transparent":"default","_kad_post_title":"","_kad_post_layout":"default","_kad_post_sidebar_id":"","_kad_post_content_style":"default","_kad_post_vertical_padding":"default","_kad_post_feature":"","_kad_post_feature_position":"","_kad_post_header":false,"_kad_post_footer":false},"product_cat":[25,26],"product_tag":[186,185,184,182,188,183,176,187],"class_list":["post-354","product","type-product","status-publish","has-post-thumbnail","hentry","product_cat-home-storage-battery","product_cat-portable-power-station","product_tag-1000w-solar-power-generator","product_tag-2000wh-portable-acdc-power-station-outdoor","product_tag-generator-solar-charging-banks","product_tag-portable-power-station","product_tag-portable-power-station-manufacturer","product_tag-power-station-with-solar-panels","product_tag-protable-solar-power-generator","product_tag-solar-power-generator","entry","content-bg","loop-entry"],"_links":{"self":[{"href":"https:\/\/bybatt.com\/hr\/wp-json\/wp\/v2\/product\/354","targetHints":{"allow":["GET"]}}],"collection":[{"href":"https:\/\/bybatt.com\/hr\/wp-json\/wp\/v2\/product"}],"about":[{"href":"https:\/\/bybatt.com\/hr\/wp-json\/wp\/v2\/types\/product"}],"wp:featuredmedia":[{"embeddable":true,"href":"https:\/\/bybatt.com\/hr\/wp-json\/wp\/v2\/media\/355"}],"wp:attachment":[{"href":"https:\/\/bybatt.com\/hr\/wp-json\/wp\/v2\/media?parent=354"}],"wp:term":[{"taxonomy":"product_cat","embeddable":true,"href":"https:\/\/bybatt.com\/hr\/wp-json\/wp\/v2\/product_cat?post=354"},{"taxonomy":"product_tag","embeddable":true,"href":"https:\/\/bybatt.com\/hr\/wp-json\/wp\/v2\/product_tag?post=354"}],"curies":[{"name":"wp","href":"https:\/\/api.w.org\/{rel}","templated":true}]}}