{"id":361,"date":"2023-02-18T14:32:26","date_gmt":"2023-02-18T14:32:26","guid":{"rendered":"https:\/\/bybatt.com\/?post_type=product&#038;p=361"},"modified":"2023-03-05T16:18:35","modified_gmt":"2023-03-05T16:18:35","slug":"portable-power-station-solar-generator-manufacturer-in-china","status":"publish","type":"product","link":"https:\/\/bybatt.com\/hr\/proizvod\/portable-power-station-solar-generator-manufacturer-in-china\/","title":{"rendered":"Proizvo\u0111a\u010d prijenosnih elektrana solarnih generatora u Kini"},"content":{"rendered":"","protected":false},"excerpt":{"rendered":"<p>Ovaj solarni generator prijenosne elektrane pouzdan je i u\u010dinkovit izvor energije koji je dizajniran za aktivnosti na otvorenom ili za hitne situacije. Proizveden je u Kini i izra\u0111en je pomo\u0107u novih \u0107elija 100% za dugotrajnu izvedbu.<br \/>\nKapacitet baterije je 83200mAh s naponom od 3,7V i ukupnim energetskim kapacitetom od 300WH. Ulaz potreban za punjenje je 16.8V\/5A, a potrebno je 5-6 sati da se potpuno napuni. Ova elektrana tako\u0111er ima mogu\u0107nost solarnog punjenja s ulaznim rasponom od 18-23 V\/100 W Max.<br \/>\nIma nekoliko DC izlaza uklju\u010duju\u0107i 2x USB (5V\/9V\/2A, \/12V\/1.5A s QC3.0), 1x Type-C (5V\/9V\/15V20V\/3A) PD 60W, 2x DC12V\/10A i 1x cigareta upalja\u010d (14,4V\/10A). Dodatno, elektrana ima izmjeni\u010dni kontinuirani izlaz \u010distog crnog vala od 300 W s izlaznim izmjeni\u010dnim naponom od 110(100-120)\/230(220-240)V AC izlazne frekvencije 50Hz\/60Hz\u00b15%.<br \/>\nElektrana je opremljena LCD zaslonom s indikatorom snage za jednostavno pra\u0107enje, a kompaktnih je dimenzija 270*154*242 mm. Elektri\u010dna stanica dolazi s 80W adapterom za punjenje. Sve u svemu, ovaj solarni generator prijenosne elektrane je visokokvalitetan i svestran izvor energije koji je prikladan za razli\u010dite vanjske i hitne situacije.<\/p>","protected":false},"featured_media":362,"template":"","meta":{"_kad_post_transparent":"default","_kad_post_title":"","_kad_post_layout":"default","_kad_post_sidebar_id":"","_kad_post_content_style":"default","_kad_post_vertical_padding":"default","_kad_post_feature":"","_kad_post_feature_position":"","_kad_post_header":false,"_kad_post_footer":false},"product_cat":[25,26],"product_tag":[191,192,190,182,197,199,195,196,194,188,198,193,189],"class_list":["post-361","product","type-product","status-publish","has-post-thumbnail","hentry","product_cat-home-storage-battery","product_cat-portable-power-station","product_tag-300w-power-station","product_tag-500w-power-station","product_tag-lifepo4-power-station","product_tag-portable-power-station","product_tag-portable-power-station-brand","product_tag-portable-power-station-camping","product_tag-portable-power-station-europe","product_tag-portable-power-station-factory","product_tag-portable-power-station-germany","product_tag-portable-power-station-manufacturer","product_tag-portable-power-station-market","product_tag-portable-power-station-usa","product_tag-power-station","entry","content-bg","loop-entry"],"_links":{"self":[{"href":"https:\/\/bybatt.com\/hr\/wp-json\/wp\/v2\/product\/361","targetHints":{"allow":["GET"]}}],"collection":[{"href":"https:\/\/bybatt.com\/hr\/wp-json\/wp\/v2\/product"}],"about":[{"href":"https:\/\/bybatt.com\/hr\/wp-json\/wp\/v2\/types\/product"}],"wp:featuredmedia":[{"embeddable":true,"href":"https:\/\/bybatt.com\/hr\/wp-json\/wp\/v2\/media\/362"}],"wp:attachment":[{"href":"https:\/\/bybatt.com\/hr\/wp-json\/wp\/v2\/media?parent=361"}],"wp:term":[{"taxonomy":"product_cat","embeddable":true,"href":"https:\/\/bybatt.com\/hr\/wp-json\/wp\/v2\/product_cat?post=361"},{"taxonomy":"product_tag","embeddable":true,"href":"https:\/\/bybatt.com\/hr\/wp-json\/wp\/v2\/product_tag?post=361"}],"curies":[{"name":"wp","href":"https:\/\/api.w.org\/{rel}","templated":true}]}}