{"id":369,"date":"2023-02-18T14:44:28","date_gmt":"2023-02-18T14:44:28","guid":{"rendered":"https:\/\/bybatt.com\/?post_type=product&#038;p=369"},"modified":"2023-02-18T14:56:30","modified_gmt":"2023-02-18T14:56:30","slug":"catl-prismatic-3-2v-300ah-lithium-lifepo4-battery-cells","status":"publish","type":"product","link":"https:\/\/bybatt.com\/hr\/proizvod\/catl-prismatic-3-2v-300ah-lithium-lifepo4-battery-cells\/","title":{"rendered":"CATL Prizmati\u010dne 3,2 V 300 AH litijeve LiFePO4 baterije"},"content":{"rendered":"","protected":false},"excerpt":{"rendered":"<p>CATL Prizmati\u010dne 3,2 V 300 AH litijeve LiFePO4 baterije \u0107elije su visokokvalitetne solarne \u0107elije dizajnirane za izgradnju izvora napajanja za karavane, kamp prikolice, autodomove ili pretvorbe elektri\u010dnih vozila. Ove potpuno nove \u0107elije nisu izra\u0111ene od recikliranih materijala, \u0161to osigurava njihovu dugovje\u010dnost i pouzdanost.<br \/>\nSvaka \u0107elija ima dimenzije 174 \u0161 x 208 v x 72 d (mm) i te\u017ei 5,4 kg. Gotovo su upola manje te\u017eine od AGM ili olovnih baterija i nude ve\u0107e cikluse punjenja, \u0161to ih \u010dini idealnim izborom za sustave obnovljive energije.<br \/>\nImajte na umu da je ovo jedna \u0107elija od 3,2 V, a da biste stvorili bateriju od 12 V, morat \u0107ete spojiti \u010detiri \u0107elije u seriju ili osam \u0107elija za sustav od 24 V. Kako bi se osigurala sigurnost i dugotrajnost, neophodno je koristiti BMS (Battery Management System) sa senzorom temperature kada se \u0107elije spajaju u seriju.<br \/>\nAko ste zainteresirani za kupnju kompatibilnog paketa baterija, nudimo sustave od 12 V, 24 V, 36 V i 48 V s BMS-om, zasebno ili kao paket. Odaberite paket koji najbolje odgovara va\u0161im potrebama za izgradnju pouzdane i u\u010dinkovite banke napajanja za va\u0161 sustav obnovljive energije.<\/p>","protected":false},"featured_media":370,"template":"","meta":{"_kad_post_transparent":"default","_kad_post_title":"","_kad_post_layout":"default","_kad_post_sidebar_id":"","_kad_post_content_style":"default","_kad_post_vertical_padding":"default","_kad_post_feature":"","_kad_post_feature_position":"","_kad_post_header":false,"_kad_post_footer":false},"product_cat":[24],"product_tag":[204,205,200,109,203,201,202],"class_list":["post-369","product","type-product","status-publish","has-post-thumbnail","hentry","product_cat-battery-cell","product_tag-catl-3-2v-300ah","product_tag-lifepo4-battery-cell","product_tag-lifepo4-battery-cells","product_tag-lifepo4-battery-pack","product_tag-lifepo4-cells","product_tag-lifepo4-prismatic-cells","product_tag-lithium-battery-cells","entry","content-bg","loop-entry"],"_links":{"self":[{"href":"https:\/\/bybatt.com\/hr\/wp-json\/wp\/v2\/product\/369","targetHints":{"allow":["GET"]}}],"collection":[{"href":"https:\/\/bybatt.com\/hr\/wp-json\/wp\/v2\/product"}],"about":[{"href":"https:\/\/bybatt.com\/hr\/wp-json\/wp\/v2\/types\/product"}],"wp:featuredmedia":[{"embeddable":true,"href":"https:\/\/bybatt.com\/hr\/wp-json\/wp\/v2\/media\/370"}],"wp:attachment":[{"href":"https:\/\/bybatt.com\/hr\/wp-json\/wp\/v2\/media?parent=369"}],"wp:term":[{"taxonomy":"product_cat","embeddable":true,"href":"https:\/\/bybatt.com\/hr\/wp-json\/wp\/v2\/product_cat?post=369"},{"taxonomy":"product_tag","embeddable":true,"href":"https:\/\/bybatt.com\/hr\/wp-json\/wp\/v2\/product_tag?post=369"}],"curies":[{"name":"wp","href":"https:\/\/api.w.org\/{rel}","templated":true}]}}