{"id":377,"date":"2023-02-18T15:00:20","date_gmt":"2023-02-18T15:00:20","guid":{"rendered":"https:\/\/bybatt.com\/?post_type=product&#038;p=377"},"modified":"2023-02-18T15:08:03","modified_gmt":"2023-02-18T15:08:03","slug":"exliporc-21700-3-7v-rechargeable-li-ion-batteries-cells","status":"publish","type":"product","link":"https:\/\/bybatt.com\/hr\/proizvod\/exliporc-21700-3-7v-rechargeable-li-ion-batteries-cells\/","title":{"rendered":"Exliporc 21700 3,7 V punjive litij-ionske baterije"},"content":{"rendered":"","protected":false},"excerpt":{"rendered":"<p>Exliporc 21700 3,7 V punjive litij-ionske baterije su visokokvalitetne punjive litij-ionske baterije dizajnirane za pouzdano napajanje za \u0161irok raspon primjena. S neto te\u017einom od 70 g i dimenzijama od 21*70 mm, ove su baterije kompaktne i lake za no\u0161enje.<br \/>\nBaterije imaju veliki nazivni kapacitet od 5000 mAh, \u0161to im omogu\u0107uje dugotrajno napajanje va\u0161ih ure\u0111aja. Tako\u0111er imaju nominalni napon od 3,7 V, \u0161to ih \u010dini prikladnima za razli\u010dite elektroni\u010dke ure\u0111aje koji zahtijevaju stabilno i pouzdano napajanje.<br \/>\nJedna od klju\u010dnih zna\u010dajki ovih baterija je njihova brzina pra\u017enjenja od 3C, \u0161to zna\u010di da mogu isporu\u010diti visoku izlaznu struju za brzo punjenje i u\u010dinkovitu isporuku energije. To ih \u010dini idealnima za upotrebu u ure\u0111ajima visokih performansi koji zahtijevaju puno energije, kao \u0161to su svjetiljke, kamere i drugi elektroni\u010dki ure\u0111aji.<br \/>\nOsim svojih visokih performansi, ove baterije su i ekolo\u0161ki prihvatljive jer se mogu puniti i koristiti uvijek iznova. Jednostavni su za kori\u0161tenje i mogu se puniti pomo\u0107u standardnog Li-ion punja\u010da za baterije.<\/p>","protected":false},"featured_media":378,"template":"","meta":{"_kad_post_transparent":"default","_kad_post_title":"","_kad_post_layout":"default","_kad_post_sidebar_id":"","_kad_post_content_style":"default","_kad_post_vertical_padding":"default","_kad_post_feature":"","_kad_post_feature_position":"","_kad_post_header":false,"_kad_post_footer":false},"product_cat":[24],"product_tag":[207,211,209,210,208,206],"class_list":["post-377","product","type-product","status-publish","has-post-thumbnail","hentry","product_cat-battery-cell","product_tag-21700-batteries","product_tag-21700-battery-pack","product_tag-21700-li-ion-rechargeable-battery-pack","product_tag-21700-lithium-battery-cells","product_tag-li-ion-2170-cells","product_tag-rechargeable-li-ion-batteries-cells","entry","content-bg","loop-entry"],"_links":{"self":[{"href":"https:\/\/bybatt.com\/hr\/wp-json\/wp\/v2\/product\/377","targetHints":{"allow":["GET"]}}],"collection":[{"href":"https:\/\/bybatt.com\/hr\/wp-json\/wp\/v2\/product"}],"about":[{"href":"https:\/\/bybatt.com\/hr\/wp-json\/wp\/v2\/types\/product"}],"wp:featuredmedia":[{"embeddable":true,"href":"https:\/\/bybatt.com\/hr\/wp-json\/wp\/v2\/media\/378"}],"wp:attachment":[{"href":"https:\/\/bybatt.com\/hr\/wp-json\/wp\/v2\/media?parent=377"}],"wp:term":[{"taxonomy":"product_cat","embeddable":true,"href":"https:\/\/bybatt.com\/hr\/wp-json\/wp\/v2\/product_cat?post=377"},{"taxonomy":"product_tag","embeddable":true,"href":"https:\/\/bybatt.com\/hr\/wp-json\/wp\/v2\/product_tag?post=377"}],"curies":[{"name":"wp","href":"https:\/\/api.w.org\/{rel}","templated":true}]}}