{"id":384,"date":"2023-02-18T15:17:32","date_gmt":"2023-02-18T15:17:32","guid":{"rendered":"https:\/\/bybatt.com\/?post_type=product&#038;p=384"},"modified":"2023-02-18T15:23:38","modified_gmt":"2023-02-18T15:23:38","slug":"3-7v-rechargeable-authentic-tesla-lithium-ion-battery-cells","status":"publish","type":"product","link":"https:\/\/bybatt.com\/hr\/proizvod\/3-7v-rechargeable-authentic-tesla-lithium-ion-battery-cells\/","title":{"rendered":"Punjive autenti\u010dne Tesla litij-ionske baterije od 3,7 V"},"content":{"rendered":"","protected":false},"excerpt":{"rendered":"<p>Autenti\u010dne Tesla litij-ionske baterije od 3,7 V punjive su baterije visoke kvalitete dizajnirane za kori\u0161tenje u razli\u010ditim primjenama. \u0106elije su 100% nove, \u0161to osigurava da nemaju nedostataka i da mogu pru\u017eiti pouzdane performanse.<br \/>\nOve \u0107elije imaju veli\u010dinu 21700, promjer 21 mm i duljinu 70 mm, \u0161to ih \u010dini prikladnima za kori\u0161tenje u \u0161irokom rasponu ure\u0111aja. \u0106elije imaju raspon napona od 3,7 V do 4,2 V, \u0161to omogu\u0107uje kompatibilnost s razli\u010ditim ure\u0111ajima koji zahtijevaju razli\u010dite razine napona.<br \/>\nKapacitet ovih baterija je 4400mAh, uz toleranciju od +\/- 5%. Ovaj veliki kapacitet osigurava da su ove \u0107elije sposobne pru\u017eiti dugotrajnu energiju za va\u0161e ure\u0111aje, \u0161to ih \u010dini idealnim za aplikacije koje zahtijevaju pouzdan izvor energije.<br \/>\nOve Tesline litij-ionske baterije mogu se puniti, \u0161to ih \u010dini isplativim i ekolo\u0161ki prihvatljivim izborom. Tako\u0111er su dizajnirani da budu sigurni i pouzdani, s ugra\u0111enim za\u0161titnim zna\u010dajkama koje sprje\u010davaju prekomjerno punjenje, prekomjerno pra\u017enjenje i kratke spojeve.<\/p>","protected":false},"featured_media":385,"template":"","meta":{"_kad_post_transparent":"default","_kad_post_title":"","_kad_post_layout":"default","_kad_post_sidebar_id":"","_kad_post_content_style":"default","_kad_post_vertical_padding":"default","_kad_post_feature":"","_kad_post_feature_position":"","_kad_post_header":false,"_kad_post_footer":false},"product_cat":[24],"product_tag":[218,212,217,214,219,215,213,216],"class_list":["post-384","product","type-product","status-publish","has-post-thumbnail","hentry","product_cat-battery-cell","product_tag-3-63v-lithium-li-ion-batteries-cell","product_tag-authentic-tesla-battery-cells","product_tag-brand-new-icr-18650-26j","product_tag-lithium-ion-battery-cells","product_tag-phosphate-battery-cells","product_tag-rechargeable-battery-cells","product_tag-tesla-battery-cells","product_tag-tesla-lithium-ion-battery-cells","entry","content-bg","loop-entry"],"_links":{"self":[{"href":"https:\/\/bybatt.com\/hr\/wp-json\/wp\/v2\/product\/384","targetHints":{"allow":["GET"]}}],"collection":[{"href":"https:\/\/bybatt.com\/hr\/wp-json\/wp\/v2\/product"}],"about":[{"href":"https:\/\/bybatt.com\/hr\/wp-json\/wp\/v2\/types\/product"}],"wp:featuredmedia":[{"embeddable":true,"href":"https:\/\/bybatt.com\/hr\/wp-json\/wp\/v2\/media\/385"}],"wp:attachment":[{"href":"https:\/\/bybatt.com\/hr\/wp-json\/wp\/v2\/media?parent=384"}],"wp:term":[{"taxonomy":"product_cat","embeddable":true,"href":"https:\/\/bybatt.com\/hr\/wp-json\/wp\/v2\/product_cat?post=384"},{"taxonomy":"product_tag","embeddable":true,"href":"https:\/\/bybatt.com\/hr\/wp-json\/wp\/v2\/product_tag?post=384"}],"curies":[{"name":"wp","href":"https:\/\/api.w.org\/{rel}","templated":true}]}}