{"id":387,"date":"2023-02-18T15:28:18","date_gmt":"2023-02-18T15:28:18","guid":{"rendered":"https:\/\/bybatt.com\/?post_type=product&#038;p=387"},"modified":"2023-03-05T16:18:23","modified_gmt":"2023-03-05T16:18:23","slug":"3-2v-230ah-lifepo4-rechargeable-prismatic-battery-cells","status":"publish","type":"product","link":"https:\/\/bybatt.com\/hr\/proizvod\/3-2v-230ah-lifepo4-rechargeable-prismatic-battery-cells\/","title":{"rendered":"3,2 V 230 AH LiFePO4 punjive prizmati\u010dne baterije"},"content":{"rendered":"","protected":false},"excerpt":{"rendered":"<div class=\"A3dMNc\" data-initial-text=\"\">3,2 V 230 AH LiFePO4 punjive prizmati\u010dne baterije su visokokvalitetno rje\u0161enje za pohranu energije koje nudi niz prednosti. Svaka \u0107elija koja se koristi u baterijama je 100% nova, osiguravaju\u0107i dosljedne performanse i pouzdanost. Ove baterije tako\u0111er su ekolo\u0161ki prihvatljive i imaju visoku gusto\u0107u energije, \u0161to zna\u010di da mogu pru\u017eiti dugotrajnu energiju u kompaktnom i laganom pakiranju. Jedna od klju\u010dnih prednosti ovih baterija je njihova niska stopa samopra\u017enjenja, koja osigurava da \u0107e zadr\u017eati napunjenost dulje vrijeme. Tako\u0111er imaju nizak unutarnji otpor, \u0161to zna\u010di da mogu isporu\u010diti snagu brzo i u\u010dinkovito. Osim toga, baterije imaju dug vijek trajanja i mogu se puniti do 1000 puta bez ikakvog efekta pam\u0107enja. Ove baterije tako\u0111er dolaze s ugra\u0111enim sigurnosnim zna\u010dajkama kao \u0161to su za\u0161tita od kratkog spoja i visoke temperature, \u010dime se osigurava njihova sigurna uporaba u nizu okru\u017eenja. Imaju br\u017ee vrijeme punjenja od ostalih baterijskih tehnologija, \u0161to ih \u010dini idealnim izborom za aplikacije koje zahtijevaju brzo punjenje. Baterije su tako\u0111er 100% dostupnog kapaciteta, \u0161to zna\u010di da se korisnici mogu osloniti na puni kapacitet baterije za svoje energetske potrebe. Osim toga, baterije imaju ugra\u0111enu sigurnosnu za\u0161titu BMS koja poma\u017ee u sprje\u010davanju problema kao \u0161to su prekomjerno punjenje ili prekomjerno pra\u017enjenje.<\/div>","protected":false},"featured_media":388,"template":"","meta":{"_kad_post_transparent":"default","_kad_post_title":"","_kad_post_layout":"default","_kad_post_sidebar_id":"","_kad_post_content_style":"default","_kad_post_vertical_padding":"default","_kad_post_feature":"","_kad_post_feature_position":"","_kad_post_header":false,"_kad_post_footer":false},"product_cat":[24],"product_tag":[221,200,203,222,202,223,220,215,224],"class_list":["post-387","product","type-product","status-publish","has-post-thumbnail","hentry","product_cat-battery-cell","product_tag-deep-cycle-3-2v-230ah-lfp","product_tag-lifepo4-battery-cells","product_tag-lifepo4-cells","product_tag-lifepo4-inverter-lithium-iron","product_tag-lithium-battery-cells","product_tag-phosphate-battery-cells-200ah","product_tag-prismatic-battery-cells","product_tag-rechargeable-battery-cells","product_tag-rechargeable-power-wall-ebike-batteries","entry","content-bg","loop-entry"],"_links":{"self":[{"href":"https:\/\/bybatt.com\/hr\/wp-json\/wp\/v2\/product\/387","targetHints":{"allow":["GET"]}}],"collection":[{"href":"https:\/\/bybatt.com\/hr\/wp-json\/wp\/v2\/product"}],"about":[{"href":"https:\/\/bybatt.com\/hr\/wp-json\/wp\/v2\/types\/product"}],"wp:featuredmedia":[{"embeddable":true,"href":"https:\/\/bybatt.com\/hr\/wp-json\/wp\/v2\/media\/388"}],"wp:attachment":[{"href":"https:\/\/bybatt.com\/hr\/wp-json\/wp\/v2\/media?parent=387"}],"wp:term":[{"taxonomy":"product_cat","embeddable":true,"href":"https:\/\/bybatt.com\/hr\/wp-json\/wp\/v2\/product_cat?post=387"},{"taxonomy":"product_tag","embeddable":true,"href":"https:\/\/bybatt.com\/hr\/wp-json\/wp\/v2\/product_tag?post=387"}],"curies":[{"name":"wp","href":"https:\/\/api.w.org\/{rel}","templated":true}]}}