{"id":393,"date":"2023-02-18T15:39:42","date_gmt":"2023-02-18T15:39:42","guid":{"rendered":"https:\/\/bybatt.com\/?post_type=product&#038;p=393"},"modified":"2023-02-19T08:22:15","modified_gmt":"2023-02-19T08:22:15","slug":"36v-48v-52v-electric-bike-lithium-battery-with-charger","status":"publish","type":"product","link":"https:\/\/bybatt.com\/hr\/proizvod\/36v-48v-52v-electric-bike-lithium-battery-with-charger\/","title":{"rendered":"36V 48V 52V Litijeva baterija za elektri\u010dni bicikl s punja\u010dem"},"content":{"rendered":"","protected":false},"excerpt":{"rendered":"<div class=\"A3dMNc\" data-initial-text=\"\">Litijska baterija za elektri\u010dni bicikl od 36 V 48 V 52 V s punja\u010dem je visokokvalitetna baterija dizajnirana za napajanje elektri\u010dnih bicikala. Baterija koristi 100% nove Li(NiCoMn)O2 18650 \u0107elije i dostupna je u opcijama nominalnog napona od 36V i 48V s opcijama nominalnog kapaciteta od 10-20ah. Vanjsko ku\u0107i\u0161te izra\u0111eno je od aluminija, \u0161to ga \u010dini \u010dvrstim i izdr\u017eljivim.<br \/>\nBaterija je dimenzija 257150147mm i te\u017ei otprilike 3,5KG\/4,5Kg. Dolazi sa standardnim punja\u010dem koji puni bateriju konstantnom strujom od 0,2C i konstantnim naponom od 42V. Opcija brzog punjenja koristi konstantnu struju od 0,5CA.<br \/>\nStandardna brzina pra\u017enjenja baterije je konstantna struja od 0,2C, s krajnjim naponom od 36,4V. Baterija ima kontinuiranu struju pra\u017enjenja od 20 A i vr\u0161nu struju pra\u017enjenja od 60 A, \u0161to je \u010dini sposobnom za isporuku velike snage kada je to potrebno.<br \/>\nBaterija ima vijek trajanja od 500 puta s DOD80%, \u0161to zna\u010di da se mo\u017ee puniti i prazniti do 500 puta zadr\u017eavaju\u0107i 80% izvorni kapacitet. Baterija tako\u0111er ima funkciju BMS koja uklju\u010duje za\u0161titu od prekomjerne struje, za\u0161titu od prekomjernog pra\u017enjenja, za\u0161titu od prekomjernog punjenja, za\u0161titu od kratkog spoja i ravnote\u017eu. Time se osigurava za\u0161tita baterije od o\u0161te\u0107enja i produljuje njezin \u017eivotni vijek.<br \/>\nBaterija se mo\u017ee skladi\u0161titi u temperaturnom rasponu od -10-40 \u2103, s rasponom relativne vla\u017enosti od 45-75% i rasponom tlaka od 86-106 KPa. To ga \u010dini prikladnim za kori\u0161tenje u razli\u010ditim okru\u017eenjima. Op\u0107enito, ova baterija je pouzdana i visokou\u010dinkovita opcija za napajanje elektri\u010dnih bicikala.<\/div>","protected":false},"featured_media":394,"template":"","meta":{"_kad_post_transparent":"default","_kad_post_title":"","_kad_post_layout":"default","_kad_post_sidebar_id":"","_kad_post_content_style":"default","_kad_post_vertical_padding":"default","_kad_post_feature":"","_kad_post_feature_position":"","_kad_post_header":false,"_kad_post_footer":false},"product_cat":[19,22],"product_tag":[226,232,231,234,230,229,41,227,40,225,233,228],"class_list":["post-393","product","type-product","status-publish","has-post-thumbnail","hentry","product_cat-custom-ebike-battery","product_cat-rear-ebike-battery","product_tag-36v-10ah-lithium-battery","product_tag-36v-lithium-battery-for-electric-bikes","product_tag-48v-lithium-ion-battery-for-electric-bike","product_tag-e-bike-battery","product_tag-ebike-lithium-battery","product_tag-electric-bicycle-batteries","product_tag-electric-bicycle-battery","product_tag-electric-bike-14ah-24v-electric-bicycle-battery","product_tag-electric-bike-lithium-battery","product_tag-kangaroo-ebike-battery","product_tag-lithium-battery-for-motorcycle","product_tag-lithium-bicycle-battery","entry","content-bg","loop-entry"],"_links":{"self":[{"href":"https:\/\/bybatt.com\/hr\/wp-json\/wp\/v2\/product\/393","targetHints":{"allow":["GET"]}}],"collection":[{"href":"https:\/\/bybatt.com\/hr\/wp-json\/wp\/v2\/product"}],"about":[{"href":"https:\/\/bybatt.com\/hr\/wp-json\/wp\/v2\/types\/product"}],"wp:featuredmedia":[{"embeddable":true,"href":"https:\/\/bybatt.com\/hr\/wp-json\/wp\/v2\/media\/394"}],"wp:attachment":[{"href":"https:\/\/bybatt.com\/hr\/wp-json\/wp\/v2\/media?parent=393"}],"wp:term":[{"taxonomy":"product_cat","embeddable":true,"href":"https:\/\/bybatt.com\/hr\/wp-json\/wp\/v2\/product_cat?post=393"},{"taxonomy":"product_tag","embeddable":true,"href":"https:\/\/bybatt.com\/hr\/wp-json\/wp\/v2\/product_tag?post=393"}],"curies":[{"name":"wp","href":"https:\/\/api.w.org\/{rel}","templated":true}]}}