{"id":400,"date":"2023-02-18T15:48:32","date_gmt":"2023-02-18T15:48:32","guid":{"rendered":"https:\/\/bybatt.com\/?post_type=product&#038;p=400"},"modified":"2023-02-19T08:21:52","modified_gmt":"2023-02-19T08:21:52","slug":"electric-bicycle-rear-rack-battery-pack-with-taillight","status":"publish","type":"product","link":"https:\/\/bybatt.com\/hr\/proizvod\/electric-bicycle-rear-rack-battery-pack-with-taillight\/","title":{"rendered":"Baterija za stra\u017enji nosa\u010d elektri\u010dnog bicikla sa stra\u017enjim svjetlom"},"content":{"rendered":"","protected":false},"excerpt":{"rendered":"<p>Baterija za stra\u017enji nosa\u010d elektri\u010dnog bicikla sa stra\u017enjim svjetlom je punjiva litij-ionska baterija koja je dizajnirana za monta\u017eu na stra\u017enji nosa\u010d elektri\u010dnog bicikla. Baterija dolazi s ugra\u0111enim stra\u017enjim svjetlom za dodatnu sigurnost tijekom no\u0107nih vo\u017enji.<br \/>\nBaterija koristi 100% nove Li(NiCoMn)O2 18650 \u0107elije i dostupna je u dvije opcije napona: 36v i 48v. Nominalni kapacitet baterije kre\u0107e se od 10-20ah. Vanjsko ku\u0107i\u0161te izra\u0111eno je od aluminija, \u0161to osigurava izdr\u017eljivost i za\u0161titu od udaraca i vremenskih nepogoda. Dimenzije paketa baterija su 257*150*147mm i te\u017ei otprilike 3,5KG\/4,5Kg.<br \/>\nBaterija se mo\u017ee puniti standardnom ili brzom metodom punjenja. Standardno punjenje uklju\u010duje konstantnu struju od 0,2C i konstantni napon od 42V s prekidom od 100mA. Brzo punjenje uklju\u010duje konstantnu struju od 0,5 CA i konstantni napon od 42 V s prekidom od 100 mA.<br \/>\nPaket baterija ima kontinuiranu struju pra\u017enjenja od 20 A i vr\u0161nu struju pra\u017enjenja od 60 A, \u0161to zna\u010di da mo\u017ee pru\u017eiti visoku razinu snage elektri\u010dnom motoru bicikla. Paket baterija ima \u017eivotni ciklus od 500 puta s DOD80%, \u0161to zna\u010di da se mo\u017ee ponovno puniti i prazniti do 500 puta prije nego \u0161to po\u010dne zna\u010dajno slabiti.<br \/>\nBaterija je opremljena BMS-om (sustav za upravljanje baterijom) koji pru\u017ea za\u0161titu od prekomjerne struje, prekomjernog pra\u017enjenja, prekomjernog punjenja i kratkog spoja. BMS tako\u0111er poma\u017ee u balansiranju pojedina\u010dnih \u0107elija u paketu baterija kako bi se osiguralo da se sve jednako pune i prazne.<br \/>\nPaket baterija mo\u017ee se skladi\u0161titi u temperaturnom rasponu od -10-40 \u2103 s relativnom vlagom od 45-75% i rasponom tlaka od 86-106 KPa. Sve u svemu, baterija za stra\u017enji nosa\u010d elektri\u010dnog bicikla sa stra\u017enjim svjetlom je visokokvalitetan i pouzdan izvor energije za elektri\u010dne bicikle koji pru\u017ea prakti\u010dnost, sigurnost i visoke performanse.<\/p>","protected":false},"featured_media":401,"template":"","meta":{"_kad_post_transparent":"default","_kad_post_title":"","_kad_post_layout":"default","_kad_post_sidebar_id":"","_kad_post_content_style":"default","_kad_post_vertical_padding":"default","_kad_post_feature":"","_kad_post_feature_position":"","_kad_post_header":false,"_kad_post_footer":false},"product_cat":[19,22],"product_tag":[240,241,237,238,239,235,236],"class_list":["post-400","product","type-product","status-publish","has-post-thumbnail","hentry","product_cat-custom-ebike-battery","product_cat-rear-ebike-battery","product_tag-akku-48v-36v-20ah-ebike-battery","product_tag-battery-jceb360-13","product_tag-ebike-rear-rack-battery","product_tag-electric-bike-battery-with-rear-rack","product_tag-rear-rack-25-ah-lithium-ion-battery-pack","product_tag-rear-rack-battery","product_tag-rear-rack-ebike-battery","entry","content-bg","loop-entry"],"_links":{"self":[{"href":"https:\/\/bybatt.com\/hr\/wp-json\/wp\/v2\/product\/400","targetHints":{"allow":["GET"]}}],"collection":[{"href":"https:\/\/bybatt.com\/hr\/wp-json\/wp\/v2\/product"}],"about":[{"href":"https:\/\/bybatt.com\/hr\/wp-json\/wp\/v2\/types\/product"}],"wp:featuredmedia":[{"embeddable":true,"href":"https:\/\/bybatt.com\/hr\/wp-json\/wp\/v2\/media\/401"}],"wp:attachment":[{"href":"https:\/\/bybatt.com\/hr\/wp-json\/wp\/v2\/media?parent=400"}],"wp:term":[{"taxonomy":"product_cat","embeddable":true,"href":"https:\/\/bybatt.com\/hr\/wp-json\/wp\/v2\/product_cat?post=400"},{"taxonomy":"product_tag","embeddable":true,"href":"https:\/\/bybatt.com\/hr\/wp-json\/wp\/v2\/product_tag?post=400"}],"curies":[{"name":"wp","href":"https:\/\/api.w.org\/{rel}","templated":true}]}}