{"id":407,"date":"2023-02-19T03:55:38","date_gmt":"2023-02-19T03:55:38","guid":{"rendered":"https:\/\/bybatt.com\/?post_type=product&#038;p=407"},"modified":"2023-02-19T08:21:27","modified_gmt":"2023-02-19T08:21:27","slug":"wholesale-24v-36v-48v-e-bike-rear-rack-lithium-ion-battery","status":"publish","type":"product","link":"https:\/\/bybatt.com\/hr\/proizvod\/wholesale-24v-36v-48v-e-bike-rear-rack-lithium-ion-battery\/","title":{"rendered":"Veleprodaja 24V 36V 48V litij-ionske baterije za stra\u017enji nosa\u010d e-bicikla"},"content":{"rendered":"","protected":false},"excerpt":{"rendered":"<p>Veleprodajna litij-ionska baterija za stra\u017enji nosa\u010d e-bicikla od 24 V 36 V 48 V je visokokvalitetna baterija dizajnirana za elektri\u010dne bicikle. Ova baterija koristi nove \u0107elije 100% s kemijskim sastavom Li(NiCoMn)O2 18650. Ima nominalni napon od 36 V ili 48 V i nominalni kapacitet od 10-20 ah. Vanjsko ku\u0107i\u0161te izra\u0111eno je od aluminija, \u0161to ga \u010dini \u010dvrstim i izdr\u017eljivim. Dimenzije baterije su 257*150*147mm, a te\u017eina je cca 3,5KG\/4,5Kg.<br \/>\nBaterija se mo\u017ee puniti standardnim punjenjem konstantne struje 0,2C, konstantnog napona 42V 100mA prekida, ili brzim punjenjem konstantne struje 0,5CA, konstantnog napona 42V 100mA prekida. Mo\u017ee se prazniti standardnim pra\u017enjenjem konstantne struje 0,2C\/krajnjeg napona 36,4V. Baterija ima kontinuiranu struju pra\u017enjenja od 20A i vr\u0161nu struju pra\u017enjenja od 60A.<br \/>\nOva baterija ima vijek trajanja od 500 puta s DOD80% i uklju\u010duje BMS (sustav upravljanja baterijom) sa za\u0161titom od prekomjerne struje, za\u0161titom od prekomjernog pra\u017enjenja, za\u0161titom od prekomjernog punjenja, za\u0161titom od kratkog spoja i funkcijama ravnote\u017ee. Baterija se mo\u017ee skladi\u0161titi na temperaturnom rasponu od -10-40\u2103 uz relativnu vla\u017enost od 45-75% i tlak od 86-106KPa. Ova baterija idealna je za entuzijaste e-bicikala koji \u017eele pouzdan i dugotrajan izvor energije za svoje elektri\u010dne bicikle.<\/p>","protected":false},"featured_media":408,"template":"","meta":{"_kad_post_transparent":"default","_kad_post_title":"","_kad_post_layout":"default","_kad_post_sidebar_id":"","_kad_post_content_style":"default","_kad_post_vertical_padding":"default","_kad_post_feature":"","_kad_post_feature_position":"","_kad_post_header":false,"_kad_post_footer":false},"product_cat":[19,22],"product_tag":[246,248,247,249,244,238,245,235,236,243,242],"class_list":["post-407","product","type-product","status-publish","has-post-thumbnail","hentry","product_cat-custom-ebike-battery","product_cat-rear-ebike-battery","product_tag-24v-battery-rack-mount","product_tag-24v-rear-rack-battery","product_tag-36v-rear-rack-battery","product_tag-48v-rear-rack-battery","product_tag-48volt-li-ion-e-bike-akku-ebike-rear-rack","product_tag-electric-bike-battery-with-rear-rack","product_tag-kangaroo-battery","product_tag-rear-rack-battery","product_tag-rear-rack-ebike-battery","product_tag-rear-rack-ebike-lithium-ion-battery","product_tag-rear-rack-lithium-ion-battery","entry","content-bg","loop-entry"],"_links":{"self":[{"href":"https:\/\/bybatt.com\/hr\/wp-json\/wp\/v2\/product\/407","targetHints":{"allow":["GET"]}}],"collection":[{"href":"https:\/\/bybatt.com\/hr\/wp-json\/wp\/v2\/product"}],"about":[{"href":"https:\/\/bybatt.com\/hr\/wp-json\/wp\/v2\/types\/product"}],"wp:featuredmedia":[{"embeddable":true,"href":"https:\/\/bybatt.com\/hr\/wp-json\/wp\/v2\/media\/408"}],"wp:attachment":[{"href":"https:\/\/bybatt.com\/hr\/wp-json\/wp\/v2\/media?parent=407"}],"wp:term":[{"taxonomy":"product_cat","embeddable":true,"href":"https:\/\/bybatt.com\/hr\/wp-json\/wp\/v2\/product_cat?post=407"},{"taxonomy":"product_tag","embeddable":true,"href":"https:\/\/bybatt.com\/hr\/wp-json\/wp\/v2\/product_tag?post=407"}],"curies":[{"name":"wp","href":"https:\/\/api.w.org\/{rel}","templated":true}]}}