{"id":415,"date":"2023-02-19T07:37:27","date_gmt":"2023-02-19T07:37:27","guid":{"rendered":"https:\/\/bybatt.com\/?post_type=product&#038;p=415"},"modified":"2023-02-19T08:21:03","modified_gmt":"2023-02-19T08:21:03","slug":"100-new-cell-li-ion-e-bike-battery-mounted-on-rear-rack","status":"publish","type":"product","link":"https:\/\/bybatt.com\/hr\/proizvod\/100-new-cell-li-ion-e-bike-battery-mounted-on-rear-rack\/","title":{"rendered":"100% nova litij-ionska baterija za e-bicikl postavljena na stra\u017enji nosa\u010d"},"content":{"rendered":"","protected":false},"excerpt":{"rendered":"<p>100% nova litij-ionska baterija za e-bicikle postavljena na stra\u017enji nosa\u010d je visokokvalitetna, pouzdana baterija dizajnirana za elektri\u010dne bicikle. Baterija je izra\u0111ena od novih \u0107elija 100% s kemijskim sastavom Li(NiCoMn)O2 18650. Dostupna je u dva razli\u010dita nazivna napona, 36v i 48v, i ima nominalni kapacitet od 10-20ah.<br \/>\nVanjsko ku\u0107i\u0161te baterije izra\u0111eno je od izdr\u017eljivog aluminija, a dimenzije su mu 257*150*147mm. Baterija se mo\u017ee puniti standardnom metodom punjenja, koja uklju\u010duje konstantnu struju od 0,2C i konstantni napon od 42V, s prekidom od 100mA. Alternativno, mo\u017ee se koristiti metoda brzog punjenja, koja uklju\u010duje konstantnu struju od 0,5 CA, konstantni napon od 42 V i prekid od 100 mA.<br \/>\nTijekom kori\u0161tenja baterija se mo\u017ee prazniti konstantnom strujom od 0,2C dok krajnji napon ne dosegne 36,4V. Baterija te\u017ei pribli\u017eno 3,5 kg\/4,5 kg i ima kontinuiranu struju pra\u017enjenja od 20 A, s vr\u0161nom strujom pra\u017enjenja od 60 A. Baterija ima \u017eivotni ciklus od 500 puta s DOD80%.<br \/>\nBaterija je opremljena BMS-om (Battery Management System), koji pru\u017ea za\u0161titu od prekomjerne struje, prekomjernog pra\u017enjenja, prekomjernog punjenja i kratkog spoja. Tako\u0111er ima funkciju ravnote\u017ee koja osigurava ravnomjerno punjenje i pra\u017enjenje svih \u0107elija u bateriji.<br \/>\nBaterija ima raspon temperature skladi\u0161tenja od -10-40 \u2103, raspon relativne vla\u017enosti od 45-75% i raspon tlaka od 86-106 KPa. Ova baterija izvrstan je izbor za svakoga tko \u017eeli nadograditi ili zamijeniti svoju trenutnu bateriju za e-bicikl.<\/p>","protected":false},"featured_media":416,"template":"","meta":{"_kad_post_transparent":"default","_kad_post_title":"","_kad_post_layout":"default","_kad_post_sidebar_id":"","_kad_post_content_style":"default","_kad_post_vertical_padding":"default","_kad_post_feature":"","_kad_post_feature_position":"","_kad_post_header":false,"_kad_post_footer":false},"product_cat":[19,22],"product_tag":[248,247,252,253,249,245,250,254,251],"class_list":["post-415","product","type-product","status-publish","has-post-thumbnail","hentry","product_cat-custom-ebike-battery","product_cat-rear-ebike-battery","product_tag-24v-rear-rack-battery","product_tag-36v-rear-rack-battery","product_tag-48-volt-rear-rack-electric-bicycle-battery","product_tag-48v-10ah-ebike-battery-with-carrier","product_tag-48v-rear-rack-battery","product_tag-kangaroo-battery","product_tag-li-ion-e-bike-battery","product_tag-rack-ebike-rear-rack","product_tag-rechargeable-lithium-ion","entry","content-bg","loop-entry"],"_links":{"self":[{"href":"https:\/\/bybatt.com\/hr\/wp-json\/wp\/v2\/product\/415","targetHints":{"allow":["GET"]}}],"collection":[{"href":"https:\/\/bybatt.com\/hr\/wp-json\/wp\/v2\/product"}],"about":[{"href":"https:\/\/bybatt.com\/hr\/wp-json\/wp\/v2\/types\/product"}],"wp:featuredmedia":[{"embeddable":true,"href":"https:\/\/bybatt.com\/hr\/wp-json\/wp\/v2\/media\/416"}],"wp:attachment":[{"href":"https:\/\/bybatt.com\/hr\/wp-json\/wp\/v2\/media?parent=415"}],"wp:term":[{"taxonomy":"product_cat","embeddable":true,"href":"https:\/\/bybatt.com\/hr\/wp-json\/wp\/v2\/product_cat?post=415"},{"taxonomy":"product_tag","embeddable":true,"href":"https:\/\/bybatt.com\/hr\/wp-json\/wp\/v2\/product_tag?post=415"}],"curies":[{"name":"wp","href":"https:\/\/api.w.org\/{rel}","templated":true}]}}