{"id":422,"date":"2023-02-19T08:03:36","date_gmt":"2023-02-19T08:03:36","guid":{"rendered":"https:\/\/bybatt.com\/?post_type=product&#038;p=422"},"modified":"2023-02-19T08:20:43","modified_gmt":"2023-02-19T08:20:43","slug":"electric-bike-tricycle-lithium-battery-pack-rear-rack-type","status":"publish","type":"product","link":"https:\/\/bybatt.com\/hr\/proizvod\/electric-bike-tricycle-lithium-battery-pack-rear-rack-type\/","title":{"rendered":"Elektri\u010dni bicikl s triciklom i litijskim baterijskim sklopom sa stra\u017enjim nosa\u010dem"},"content":{"rendered":"","protected":false},"excerpt":{"rendered":"<p>postavljen na stra\u017enji nosa\u010d bicikla ili tricikla. Baterija koristi nove \u0107elije 100% i ima kemijski sastav Li(NiCoMn)O2 18650. Dostupan je u dvije opcije nominalnog napona: 36v i 48v, s nominalnim kapacitetom od 10-20ah. Vanjsko ku\u0107i\u0161te baterije izra\u0111eno je od aluminija, a dimenzije su mu 257*150*147 mm.<br \/>\nBaterija se mo\u017ee puniti standardnim punjenjem konstantne struje 0,2C i konstantnog napona 42V s prekidom od 100mA ili brzim punjenjem konstantne struje 0,5CA, konstantnog napona 42V s prekidom od 100mA. Njegova standardna brzina pra\u017enjenja je konstantna struja 0,2C, s krajnjim naponom od 36,4V. Baterija te\u017ei pribli\u017eno 3,5 kg\/4,5 kg i ima kontinuiranu struju pra\u017enjenja od 20 A i vr\u0161nu struju pra\u017enjenja od 60 A.<br \/>\nBaterija ima vijek trajanja od 500 puta s DOD80% i uklju\u010duje BMS (sustav upravljanja baterijom) funkcionalnost za pru\u017eanje za\u0161tite od prekomjerne struje, za\u0161tite od prekomjernog pra\u017enjenja, za\u0161tite od prekomjernog punjenja, za\u0161tite od kratkog spoja i ravnote\u017ee. Baterija se mo\u017ee skladi\u0161titi u temperaturnom rasponu od -10-40 \u2103, uz relativnu vla\u017enost od 45-75% i tlak od 86-106KPa.<br \/>\nOp\u0107enito, ovaj paket baterija dizajniran je za voza\u010de elektri\u010dnih bicikala ili tricikala kojima je potreban pouzdan izvor energije koji se lako montira i koristi. Pru\u017ea visoku razinu performansi i sigurnosti, \u0161to ga \u010dini izvrsnim izborom za ljubitelje elektri\u010dnih bicikala ili tricikala.<\/p>","protected":false},"featured_media":424,"template":"","meta":{"_kad_post_transparent":"default","_kad_post_title":"","_kad_post_layout":"default","_kad_post_sidebar_id":"","_kad_post_content_style":"default","_kad_post_vertical_padding":"default","_kad_post_feature":"","_kad_post_feature_position":"","_kad_post_header":false,"_kad_post_footer":false},"product_cat":[19,22],"product_tag":[258,248,247,256,249,236,257,255],"class_list":["post-422","product","type-product","status-publish","has-post-thumbnail","hentry","product_cat-custom-ebike-battery","product_cat-rear-ebike-battery","product_tag-18650-lithium-ion-battery-pack","product_tag-24v-rear-rack-battery","product_tag-36v-rear-rack-battery","product_tag-48v-32ah-lithium-battery","product_tag-48v-rear-rack-battery","product_tag-rear-rack-ebike-battery","product_tag-recharge-storage-battery","product_tag-tricycle-lithium-battery-pack","entry","content-bg","loop-entry"],"_links":{"self":[{"href":"https:\/\/bybatt.com\/hr\/wp-json\/wp\/v2\/product\/422","targetHints":{"allow":["GET"]}}],"collection":[{"href":"https:\/\/bybatt.com\/hr\/wp-json\/wp\/v2\/product"}],"about":[{"href":"https:\/\/bybatt.com\/hr\/wp-json\/wp\/v2\/types\/product"}],"wp:featuredmedia":[{"embeddable":true,"href":"https:\/\/bybatt.com\/hr\/wp-json\/wp\/v2\/media\/424"}],"wp:attachment":[{"href":"https:\/\/bybatt.com\/hr\/wp-json\/wp\/v2\/media?parent=422"}],"wp:term":[{"taxonomy":"product_cat","embeddable":true,"href":"https:\/\/bybatt.com\/hr\/wp-json\/wp\/v2\/product_cat?post=422"},{"taxonomy":"product_tag","embeddable":true,"href":"https:\/\/bybatt.com\/hr\/wp-json\/wp\/v2\/product_tag?post=422"}],"curies":[{"name":"wp","href":"https:\/\/api.w.org\/{rel}","templated":true}]}}