{"id":430,"date":"2023-02-19T08:26:22","date_gmt":"2023-02-19T08:26:22","guid":{"rendered":"https:\/\/bybatt.com\/?post_type=product&#038;p=430"},"modified":"2023-02-19T09:32:04","modified_gmt":"2023-02-19T09:32:04","slug":"customized-high-capacity-brand-new-e-bike-rack-battery","status":"publish","type":"product","link":"https:\/\/bybatt.com\/hr\/proizvod\/customized-high-capacity-brand-new-e-bike-rack-battery\/","title":{"rendered":"Prilago\u0111ena potpuno nova baterija za stalak za e-bicikle visokog kapaciteta"},"content":{"rendered":"","protected":false},"excerpt":{"rendered":"<p>Ovaj proizvod je potpuno nova baterija za stalak za e-bicikle visokog kapaciteta koja se mo\u017ee prilagoditi specifi\u010dnim potrebama. Baterija koristi nove \u0107elije 100% i ima kemijski sastav Li(NiCoMn)O2 18650. Ima nominalni napon od 36v ili 48v, i nominalni kapacitet od 10-20ah. Vanjsko ku\u0107i\u0161te je izra\u0111eno od aluminija i ima dimenzije 257*150*147mm.<br \/>\nBaterija se mo\u017ee puniti na dva na\u010dina: standardnim punjenjem i brzim punjenjem. Standardno punjenje koristi konstantnu struju od 0,2C, konstantni napon od 42V i prekid od 100mA. Brzo punjenje koristi konstantnu struju od 0,5 CA, konstantni napon od 42 V i prekid od 100 mA.<br \/>\nKada se koristi, baterija ima kontinuiranu struju pra\u017enjenja od 20 A i vr\u0161nu struju pra\u017enjenja od 60 A. \u017divotni ciklus je oko 500 puta s ocjenom DOD80%.<br \/>\nBaterija ima ugra\u0111en BMS (battery management system) koji pru\u017ea za\u0161titu od prekomjerne struje, prekomjernog pra\u017enjenja, prekomjernog punjenja i kratkog spoja. BMS tako\u0111er osigurava ravnote\u017eu izme\u0111u baterijskih \u0107elija.<br \/>\nRaspon temperature skladi\u0161tenja baterije je -10-40 \u2103, s rasponom relativne vla\u017enosti od 45-75% i rasponom tlaka od 86-106 KPa. Te\u017eina baterije je otprilike 3,5KG ili 4,5KG, ovisno o kapacitetu.<\/p>","protected":false},"featured_media":431,"template":"","meta":{"_kad_post_transparent":"default","_kad_post_title":"","_kad_post_layout":"default","_kad_post_sidebar_id":"","_kad_post_content_style":"default","_kad_post_vertical_padding":"default","_kad_post_feature":"","_kad_post_feature_position":"","_kad_post_header":false,"_kad_post_footer":false},"product_cat":[19,22],"product_tag":[248,247,249,259,236],"class_list":["post-430","product","type-product","status-publish","has-post-thumbnail","hentry","product_cat-custom-ebike-battery","product_cat-rear-ebike-battery","product_tag-24v-rear-rack-battery","product_tag-36v-rear-rack-battery","product_tag-48v-rear-rack-battery","product_tag-e-bike-rack-battery","product_tag-rear-rack-ebike-battery","entry","content-bg","loop-entry"],"_links":{"self":[{"href":"https:\/\/bybatt.com\/hr\/wp-json\/wp\/v2\/product\/430","targetHints":{"allow":["GET"]}}],"collection":[{"href":"https:\/\/bybatt.com\/hr\/wp-json\/wp\/v2\/product"}],"about":[{"href":"https:\/\/bybatt.com\/hr\/wp-json\/wp\/v2\/types\/product"}],"wp:featuredmedia":[{"embeddable":true,"href":"https:\/\/bybatt.com\/hr\/wp-json\/wp\/v2\/media\/431"}],"wp:attachment":[{"href":"https:\/\/bybatt.com\/hr\/wp-json\/wp\/v2\/media?parent=430"}],"wp:term":[{"taxonomy":"product_cat","embeddable":true,"href":"https:\/\/bybatt.com\/hr\/wp-json\/wp\/v2\/product_cat?post=430"},{"taxonomy":"product_tag","embeddable":true,"href":"https:\/\/bybatt.com\/hr\/wp-json\/wp\/v2\/product_tag?post=430"}],"curies":[{"name":"wp","href":"https:\/\/api.w.org\/{rel}","templated":true}]}}