{"id":437,"date":"2023-02-19T09:32:20","date_gmt":"2023-02-19T09:32:20","guid":{"rendered":"https:\/\/bybatt.com\/?post_type=product&#038;p=437"},"modified":"2023-02-19T09:49:51","modified_gmt":"2023-02-19T09:49:51","slug":"rechargeable-lithium-electric-bike-seat-post-battery-pack","status":"publish","type":"product","link":"https:\/\/bybatt.com\/hr\/proizvod\/rechargeable-lithium-electric-bike-seat-post-battery-pack\/","title":{"rendered":"Punjiva litijeva baterija za elektri\u010dni bicikl za sjedalo"},"content":{"rendered":"","protected":false},"excerpt":{"rendered":"<p>Ovaj proizvod je punjiva baterija od litijskog elektri\u010dnog sjedala bicikla dizajnirana za napajanje elektri\u010dnih bicikala. Baterija koristi 100% nove Li(NiCoMn)O2 18650 \u0107elije, koje imaju nominalni napon od 36v ili 48v i nominalni kapacitet od 10-20ah. Vanjsko ku\u0107i\u0161te baterije je izra\u0111eno od aluminija, a njegove dimenzije su 257*1501*47mm.<br \/>\nBaterija se mo\u017ee puniti standardnom metodom punjenja, koja uklju\u010duje konstantnu struju od 0,2 C i konstantni napon od 42 V s prekidom od 100 mA. Alternativno, mo\u017ee se puniti metodom brzog punjenja, koja uklju\u010duje konstantnu struju od 0,5 CA i konstantni napon od 42 V s prekidom od 100 mA. Baterija se mo\u017ee prazniti konstantnom strujom od 0,2C s krajnjim naponom od 36,4V.<br \/>\nBaterija te\u017ei pribli\u017eno 3,5 kg\/4,5 kg, ima kontinuiranu struju pra\u017enjenja od 20 A i vr\u0161nu struju pra\u017enjenja od 60 A. Ima \u017eivotni ciklus od 500 puta s DOD80% i dolazi s BMS funkcijom koja pru\u017ea za\u0161titu od prekomjerne struje, za\u0161titu od prekomjernog pra\u017enjenja, za\u0161titu od prekomjernog punjenja, za\u0161titu od kratkog spoja i ravnote\u017eu.<br \/>\nRaspon temperature skladi\u0161tenja baterije je izme\u0111u -10-40 \u2103 s relativnom vlagom od 45-75% i tlakom od 86-106KPa. Ova punjiva litijeva baterija za elektri\u010dni bicikl za sjedalo idealno je rje\u0161enje za one koji \u017eele pouzdan i dugotrajan izvor energije za svoje elektri\u010dne bicikle.<\/p>","protected":false},"featured_media":438,"template":"","meta":{"_kad_post_transparent":"default","_kad_post_title":"","_kad_post_layout":"default","_kad_post_sidebar_id":"","_kad_post_content_style":"default","_kad_post_vertical_padding":"default","_kad_post_feature":"","_kad_post_feature_position":"","_kad_post_header":false,"_kad_post_footer":false},"product_cat":[19,21],"product_tag":[264,248,266,247,249,262,260,263,261,265],"class_list":["post-437","product","type-product","status-publish","has-post-thumbnail","hentry","product_cat-custom-ebike-battery","product_cat-down-tube-ebike-battery","product_tag-11ah-lithium-battery-for-a2b-kuo","product_tag-24v-rear-rack-battery","product_tag-36v-14ah-li-ion-e-bike-battery","product_tag-36v-rear-rack-battery","product_tag-48v-rear-rack-battery","product_tag-e-bike-seat-post-battery","product_tag-electric-bike-seat-post-battery","product_tag-magnum-36v-seat-post-mounting-frog-batt","product_tag-post-seat-battery","product_tag-taga-2-0-famous-cell","entry","content-bg","loop-entry"],"_links":{"self":[{"href":"https:\/\/bybatt.com\/hr\/wp-json\/wp\/v2\/product\/437","targetHints":{"allow":["GET"]}}],"collection":[{"href":"https:\/\/bybatt.com\/hr\/wp-json\/wp\/v2\/product"}],"about":[{"href":"https:\/\/bybatt.com\/hr\/wp-json\/wp\/v2\/types\/product"}],"wp:featuredmedia":[{"embeddable":true,"href":"https:\/\/bybatt.com\/hr\/wp-json\/wp\/v2\/media\/438"}],"wp:attachment":[{"href":"https:\/\/bybatt.com\/hr\/wp-json\/wp\/v2\/media?parent=437"}],"wp:term":[{"taxonomy":"product_cat","embeddable":true,"href":"https:\/\/bybatt.com\/hr\/wp-json\/wp\/v2\/product_cat?post=437"},{"taxonomy":"product_tag","embeddable":true,"href":"https:\/\/bybatt.com\/hr\/wp-json\/wp\/v2\/product_tag?post=437"}],"curies":[{"name":"wp","href":"https:\/\/api.w.org\/{rel}","templated":true}]}}