{"id":444,"date":"2023-02-19T09:54:39","date_gmt":"2023-02-19T09:54:39","guid":{"rendered":"https:\/\/bybatt.com\/?post_type=product&#038;p=444"},"modified":"2023-02-19T10:24:36","modified_gmt":"2023-02-19T10:24:36","slug":"36v-12ah-lithium-battery-seatpost-frog-ebike-battery-pack","status":"publish","type":"product","link":"https:\/\/bybatt.com\/hr\/proizvod\/36v-12ah-lithium-battery-seatpost-frog-ebike-battery-pack\/","title":{"rendered":"36V 12Ah litijska baterija za sjedalo Frog Ebike Battery Pack"},"content":{"rendered":"","protected":false},"excerpt":{"rendered":"<p>36V 12Ah litijska baterija za sjedalo Frog Ebike Battery Pack je visokokvalitetna i izdr\u017eljiva baterija dizajnirana za kori\u0161tenje u elektri\u010dnim biciklima. Baterija koristi nove \u0107elije 100% i ima kemijski sastav Li(NiCoMn)O2 18650. Dostupna je u verzijama od 36 V i 48 V, s nominalnim kapacitetom od 10-20 ah.<br \/>\nBaterija je smje\u0161tena u \u010dvrsto aluminijsko ku\u0107i\u0161te i ima dimenzije 257*150*147 mm. Standardno punjenje baterije je konstantna struja od 0,2C, konstantni napon od 42V i prekid od 100mA. Za brzo punjenje, baterija mo\u017ee podnijeti konstantnu struju od 0,5 CA, konstantni napon od 42 V i prekid od 100 mA.<br \/>\nStandardna struja pra\u017enjenja za bateriju je konstantna struja od 0,2C, s krajnjim naponom od 36,4V. Baterija te\u017ei pribli\u017eno 3,5 kg\/4,5 kg i mo\u017ee podnijeti kontinuiranu struju pra\u017enjenja od 20 A, s vr\u0161nom strujom pra\u017enjenja od 60 A.<br \/>\nBaterija ima \u017eivotni vijek od 500 puta s DOD80% i opremljena je BMS funkcijom koja uklju\u010duje za\u0161titu od prekomjerne struje, za\u0161titu od prekomjernog pra\u017enjenja, za\u0161titu od prekomjernog punjenja, za\u0161titu od kratkog spoja i ravnote\u017eu. Raspon temperature skladi\u0161tenja za bateriju je -10-40 \u2103, s rasponom relativne vla\u017enosti od 45-75% i rasponom tlaka od 86-106 KPa.<\/p>","protected":false},"featured_media":459,"template":"","meta":{"_kad_post_transparent":"default","_kad_post_title":"","_kad_post_layout":"default","_kad_post_sidebar_id":"","_kad_post_content_style":"default","_kad_post_vertical_padding":"default","_kad_post_feature":"","_kad_post_feature_position":"","_kad_post_header":false,"_kad_post_footer":false},"product_cat":[19,21],"product_tag":[248,247,249,262,267],"class_list":["post-444","product","type-product","status-publish","has-post-thumbnail","hentry","product_cat-custom-ebike-battery","product_cat-down-tube-ebike-battery","product_tag-24v-rear-rack-battery","product_tag-36v-rear-rack-battery","product_tag-48v-rear-rack-battery","product_tag-e-bike-seat-post-battery","product_tag-frog-ebike-battery","entry","content-bg","loop-entry"],"_links":{"self":[{"href":"https:\/\/bybatt.com\/hr\/wp-json\/wp\/v2\/product\/444","targetHints":{"allow":["GET"]}}],"collection":[{"href":"https:\/\/bybatt.com\/hr\/wp-json\/wp\/v2\/product"}],"about":[{"href":"https:\/\/bybatt.com\/hr\/wp-json\/wp\/v2\/types\/product"}],"wp:featuredmedia":[{"embeddable":true,"href":"https:\/\/bybatt.com\/hr\/wp-json\/wp\/v2\/media\/459"}],"wp:attachment":[{"href":"https:\/\/bybatt.com\/hr\/wp-json\/wp\/v2\/media?parent=444"}],"wp:term":[{"taxonomy":"product_cat","embeddable":true,"href":"https:\/\/bybatt.com\/hr\/wp-json\/wp\/v2\/product_cat?post=444"},{"taxonomy":"product_tag","embeddable":true,"href":"https:\/\/bybatt.com\/hr\/wp-json\/wp\/v2\/product_tag?post=444"}],"curies":[{"name":"wp","href":"https:\/\/api.w.org\/{rel}","templated":true}]}}