{"id":445,"date":"2023-02-19T10:00:08","date_gmt":"2023-02-19T10:00:08","guid":{"rendered":"https:\/\/bybatt.com\/?post_type=product&#038;p=445"},"modified":"2023-02-19T10:14:35","modified_gmt":"2023-02-19T10:14:35","slug":"e-bike-20amp-reention-battery-rhino-48v-13ah-lithium-battery","status":"publish","type":"product","link":"https:\/\/bybatt.com\/hr\/proizvod\/e-bike-20amp-reention-battery-rhino-48v-13ah-lithium-battery\/","title":{"rendered":"E-Bike 20Amp reention baterija Rhino 48V 13Ah litijska baterija"},"content":{"rendered":"","protected":false},"excerpt":{"rendered":"<p>E-Bike 20Amp Reention Battery Rhino 48V 13Ah Lithium Battery je visokokvalitetna punjiva baterija dizajnirana za kori\u0161tenje s elektri\u010dnim biciklima. Izra\u0111en je od strane originalne marke Reention i Rhino i koristi nove \u0107elije 100%, \u010dime se osigurava njegova pouzdanost i dugovje\u010dnost.<br \/>\nBaterija koristi LiNiCoMno2 kemiju i dostupna je u vi\u0161e opcija napona i kapaciteta uklju\u010duju\u0107i 36 V i 48 V, te 10,4 ah, 11,6 ah, 13 ah, 13,6 ah i 14 ah. Vanjsko ku\u0107i\u0161te izra\u0111eno je od EEL materijala, \u0161to ga \u010dini izdr\u017eljivim i otpornim na udarce.<br \/>\nBaterija se mo\u017ee puniti standardnom metodom punjenja, konstantnom strujom od 0,2C i konstantnim naponom od 54,6V, s prekidom od 100mA. Tako\u0111er se mo\u017ee brzo puniti konstantnom strujom od 0,5 CA i konstantnim naponom od 54,6 V, s prekidom od 100 mA.<br \/>\nStandardna struja pra\u017enjenja baterije je 0,2C, s krajnjim naponom od 30V. Ima \u017eivotni ciklus od 500 puta s DOD80% i mo\u017ee isporu\u010diti kontinuiranu struju pra\u017enjenja od 10 A ili vr\u0161nu struju pra\u017enjenja od 30 A, \u0161to se mo\u017ee prilagoditi na temelju individualnih potreba.<br \/>\nBaterija dolazi s ugra\u0111enim BMS-om (Battery Management System) koji pru\u017ea za\u0161titu od prekomjerne struje, prekomjernog pra\u017enjenja, prekomjernog punjenja i problema s kratkim spojem. Tako\u0111er nudi funkcije balansiranja, osiguravaju\u0107i ravnomjerno punjenje i pra\u017enjenje \u0107elija baterije.<br \/>\nRaspon temperature skladi\u0161tenja baterije je -10-40 \u2103, s relativnom vla\u017eno\u0161\u0107u od 45-75% i rasponom tlaka od 86-106 KPa. Sa svojom visokokvalitetnom konstrukcijom i pouzdano\u0161\u0107u, E-Bike 20Amp Reention Battery Rhino 48V 13Ah litijska baterija izvrstan je izbor za one koji tra\u017ee dugotrajnu bateriju za e-bicikl visokih performansi.<\/p>","protected":false},"featured_media":446,"template":"","meta":{"_kad_post_transparent":"default","_kad_post_title":"","_kad_post_layout":"default","_kad_post_sidebar_id":"","_kad_post_content_style":"default","_kad_post_vertical_padding":"default","_kad_post_feature":"","_kad_post_feature_position":"","_kad_post_header":false,"_kad_post_footer":false},"product_cat":[19,23],"product_tag":[269,270,229,268,271],"class_list":["post-445","product","type-product","status-publish","has-post-thumbnail","hentry","product_cat-custom-ebike-battery","product_cat-inner-ebike-battery","product_tag-20amp-reention-battery","product_tag-48v-13ah-lithium-battery","product_tag-electric-bicycle-batteries","product_tag-reention-battery","product_tag-rhino-battery","entry","content-bg","loop-entry"],"_links":{"self":[{"href":"https:\/\/bybatt.com\/hr\/wp-json\/wp\/v2\/product\/445","targetHints":{"allow":["GET"]}}],"collection":[{"href":"https:\/\/bybatt.com\/hr\/wp-json\/wp\/v2\/product"}],"about":[{"href":"https:\/\/bybatt.com\/hr\/wp-json\/wp\/v2\/types\/product"}],"wp:featuredmedia":[{"embeddable":true,"href":"https:\/\/bybatt.com\/hr\/wp-json\/wp\/v2\/media\/446"}],"wp:attachment":[{"href":"https:\/\/bybatt.com\/hr\/wp-json\/wp\/v2\/media?parent=445"}],"wp:term":[{"taxonomy":"product_cat","embeddable":true,"href":"https:\/\/bybatt.com\/hr\/wp-json\/wp\/v2\/product_cat?post=445"},{"taxonomy":"product_tag","embeddable":true,"href":"https:\/\/bybatt.com\/hr\/wp-json\/wp\/v2\/product_tag?post=445"}],"curies":[{"name":"wp","href":"https:\/\/api.w.org\/{rel}","templated":true}]}}