{"id":452,"date":"2023-02-19T10:15:33","date_gmt":"2023-02-19T10:15:33","guid":{"rendered":"https:\/\/bybatt.com\/?post_type=product&#038;p=452"},"modified":"2023-02-19T10:26:45","modified_gmt":"2023-02-19T10:26:45","slug":"cheap-authorized-reention-dorado-mini-batteries-for-e-bike","status":"publish","type":"product","link":"https:\/\/bybatt.com\/hr\/proizvod\/cheap-authorized-reention-dorado-mini-batteries-for-e-bike\/","title":{"rendered":"Jeftine ovla\u0161tene Reention Dorado Mini baterije za e-bicikl"},"content":{"rendered":"","protected":false},"excerpt":{"rendered":"<p>Ovaj proizvod je punjiva baterija za e-bicikl, to\u010dnije Reention Dorado Mini. \u0106elije koje se koriste u bateriji potpuno su nove, a kemijski sastav je LiNiCoMno2. Baterija dolazi u razli\u010ditim nazivnim naponima (36V ili 48V) i kapacitetima (u rasponu od 10,4ah do 14ah). Vanjsko ku\u0107i\u0161te baterije izra\u0111eno je od EEL materijala.<br \/>\nBaterija se mo\u017ee puniti konstantnom strujom od 0,2C i konstantnim naponom od 54,6V, s prekidom od 100mA. Tako\u0111er se mo\u017ee brzo puniti pomo\u0107u konstantne struje od 0,5 CA i istog konstantnog napona i prekida. Standardna struja pra\u017enjenja je 0,2C, s krajnjim naponom od 30V.<br \/>\nBaterija ima vijek trajanja od 500 ciklusa s DOD80% i te\u017einu od pribli\u017eno 3,5 kg ili 4,5 kg. Mo\u017ee osigurati kontinuiranu struju pra\u017enjenja od 10 A, s vr\u0161nom strujom pra\u017enjenja od 30 A. BMS funkcija baterije uklju\u010duje za\u0161titu od prekomjerne struje, prekomjernog pra\u017enjenja, prekomjernog punjenja i kratkog spoja, kao i balansiranje.<br \/>\nBaterija se mo\u017ee skladi\u0161titi na temperaturnom rasponu od -10-40 \u2103, uz relativnu vla\u017enost od 45-75% i tlak od 86-106KPa. Ovaj proizvod nudi pristupa\u010dnu i ovla\u0161tenu opciju za vlasnike e-bicikala koji trebaju zamjensku ili dodatnu bateriju za svoj Reention Dorado Mini.<\/p>","protected":false},"featured_media":453,"template":"","meta":{"_kad_post_transparent":"default","_kad_post_title":"","_kad_post_layout":"default","_kad_post_sidebar_id":"","_kad_post_content_style":"default","_kad_post_vertical_padding":"default","_kad_post_feature":"","_kad_post_feature_position":"","_kad_post_header":false,"_kad_post_footer":false},"product_cat":[19,23],"product_tag":[275,274,41,268,273,272],"class_list":["post-452","product","type-product","status-publish","has-post-thumbnail","hentry","product_cat-custom-ebike-battery","product_cat-inner-ebike-battery","product_tag-36v-cheapest-ebike-battery","product_tag-dorado-mini-batteries","product_tag-electric-bicycle-battery","product_tag-reention-battery","product_tag-reention-dorado-battery","product_tag-reention-dorado-mini-batteries","entry","content-bg","loop-entry"],"_links":{"self":[{"href":"https:\/\/bybatt.com\/hr\/wp-json\/wp\/v2\/product\/452","targetHints":{"allow":["GET"]}}],"collection":[{"href":"https:\/\/bybatt.com\/hr\/wp-json\/wp\/v2\/product"}],"about":[{"href":"https:\/\/bybatt.com\/hr\/wp-json\/wp\/v2\/types\/product"}],"wp:featuredmedia":[{"embeddable":true,"href":"https:\/\/bybatt.com\/hr\/wp-json\/wp\/v2\/media\/453"}],"wp:attachment":[{"href":"https:\/\/bybatt.com\/hr\/wp-json\/wp\/v2\/media?parent=452"}],"wp:term":[{"taxonomy":"product_cat","embeddable":true,"href":"https:\/\/bybatt.com\/hr\/wp-json\/wp\/v2\/product_cat?post=452"},{"taxonomy":"product_tag","embeddable":true,"href":"https:\/\/bybatt.com\/hr\/wp-json\/wp\/v2\/product_tag?post=452"}],"curies":[{"name":"wp","href":"https:\/\/api.w.org\/{rel}","templated":true}]}}