{"id":466,"date":"2023-02-19T13:40:46","date_gmt":"2023-02-19T13:40:46","guid":{"rendered":"https:\/\/bybatt.com\/?post_type=product&#038;p=466"},"modified":"2023-02-19T13:48:58","modified_gmt":"2023-02-19T13:48:58","slug":"36v-48v-reention-eel-inner-frame-battery-pack-for-e-bike","status":"publish","type":"product","link":"https:\/\/bybatt.com\/hr\/proizvod\/36v-48v-reention-eel-inner-frame-battery-pack-for-e-bike\/","title":{"rendered":"36V 48V Reention EEL unutarnji okvir baterije za e-bicikl"},"content":{"rendered":"","protected":false},"excerpt":{"rendered":"<p>36V 48V Reention EEL Inner Frame Battery Pack je visokokvalitetna punjiva baterija dizajnirana za kori\u0161tenje u e-biciklima. Izra\u0111en je pomo\u0107u novih \u0107elija 100% s kemijskim sastavom LiNiCoMno2, koji pru\u017ea pouzdane performanse i izdr\u017eljivost.<br \/>\nBaterija je dostupna u razli\u010ditim kapacitetima, uklju\u010duju\u0107i 10,4ah, 11,6ah, 13ah, 13,6ah i 14ah, i ima nazivni napon od 36V ili 48V. Smje\u0161ten je u \u010dvrsto EEL ku\u0107i\u0161te i te\u017ei otprilike 3,5 kg ili 4,5 kg, ovisno o kapacitetu.<br \/>\nBaterija se mo\u017ee puniti standardnim punjenjem ili brzim punjenjem, konstantnom strujom od 0,2C odnosno 0,5CA. Standardna struja pra\u017enjenja je 0,2C, a krajnji napon je 30V. Baterija ima vijek trajanja od 500 puta s DOD80% i mo\u017ee isporu\u010diti kontinuiranu struju pra\u017enjenja od 10 A ili vr\u0161nu struju pra\u017enjenja od 30 A, ovisno o prilagodbi.<br \/>\nBaterija ima ugra\u0111eni BMS (Battery Management System), koji pru\u017ea za\u0161titu od prekomjerne struje, prekomjernog pra\u017enjenja, prekomjernog punjenja i kratkog spoja. Tako\u0111er ima funkciju ravnote\u017ee koja osigurava da se sve \u0107elije jednako pune i prazne.<br \/>\nBaterija se mo\u017ee skladi\u0161titi na temperaturnom rasponu od -10-40\u2103 uz relativnu vla\u017enost od 45-75% i tlak od 86-106KPa. Sve u svemu, 36V 48V Reention EEL Inner Frame Battery Pack je visokou\u010dinkovita i pouzdana baterija koja je idealna za entuzijaste e-bicikala koji \u017eele izdr\u017eljiv i dugotrajan izvor energije za svoje vo\u017enje.<\/p>","protected":false},"featured_media":467,"template":"","meta":{"_kad_post_transparent":"default","_kad_post_title":"","_kad_post_layout":"default","_kad_post_sidebar_id":"","_kad_post_content_style":"default","_kad_post_vertical_padding":"default","_kad_post_feature":"","_kad_post_feature_position":"","_kad_post_header":false,"_kad_post_footer":false},"product_cat":[19,23],"product_tag":[275,52,274,278,41,268,273,272,277,276],"class_list":["post-466","product","type-product","status-publish","has-post-thumbnail","hentry","product_cat-custom-ebike-battery","product_cat-inner-ebike-battery","product_tag-36v-cheapest-ebike-battery","product_tag-battery","product_tag-dorado-mini-batteries","product_tag-electric-bicycle-36volt","product_tag-electric-bicycle-battery","product_tag-reention-battery","product_tag-reention-dorado-battery","product_tag-reention-dorado-mini-batteries","product_tag-reention-eel-inner-battery-pack","product_tag-reention-eel-inner-frame-battery","entry","content-bg","loop-entry"],"_links":{"self":[{"href":"https:\/\/bybatt.com\/hr\/wp-json\/wp\/v2\/product\/466","targetHints":{"allow":["GET"]}}],"collection":[{"href":"https:\/\/bybatt.com\/hr\/wp-json\/wp\/v2\/product"}],"about":[{"href":"https:\/\/bybatt.com\/hr\/wp-json\/wp\/v2\/types\/product"}],"wp:featuredmedia":[{"embeddable":true,"href":"https:\/\/bybatt.com\/hr\/wp-json\/wp\/v2\/media\/467"}],"wp:attachment":[{"href":"https:\/\/bybatt.com\/hr\/wp-json\/wp\/v2\/media?parent=466"}],"wp:term":[{"taxonomy":"product_cat","embeddable":true,"href":"https:\/\/bybatt.com\/hr\/wp-json\/wp\/v2\/product_cat?post=466"},{"taxonomy":"product_tag","embeddable":true,"href":"https:\/\/bybatt.com\/hr\/wp-json\/wp\/v2\/product_tag?post=466"}],"curies":[{"name":"wp","href":"https:\/\/api.w.org\/{rel}","templated":true}]}}