{"id":473,"date":"2023-02-19T13:50:46","date_gmt":"2023-02-19T13:50:46","guid":{"rendered":"https:\/\/bybatt.com\/?post_type=product&#038;p=473"},"modified":"2023-02-19T13:55:44","modified_gmt":"2023-02-19T13:55:44","slug":"li-ion-36v-14ah-reention-thunder-downtube-battery-for-e-bike","status":"publish","type":"product","link":"https:\/\/bybatt.com\/hr\/proizvod\/li-ion-36v-14ah-reention-thunder-downtube-battery-for-e-bike\/","title":{"rendered":"Li-ion 36V 14Ah Reention Thunder Downtube baterija za e-bicikl"},"content":{"rendered":"","protected":false},"excerpt":{"rendered":"<p>Li-ion 36V 14Ah Reention Thunder Downtube baterija je visokokvalitetna baterija dizajnirana za e-bicikle. Baterija se sastoji od 100% novih \u0107elija i ima nazivni napon od 36V, 48V, 52V ili 72V, s nominalnim kapacitetom od 20Ah. Opcije baterijskih \u0107elija uklju\u010duju 2500mAh, 3000mAh, 3200mAh ili 3500mAh, s konfiguracijom 8P14S.<br \/>\nSustav upravljanja baterijom (BMS) ima ocjenu od 30 A i mo\u017ee se prilagoditi prema zahtjevima korisnika. Standardna struja punjenja je 3A, s maksimalnom strujom punjenja od 5A, a obje se mogu prilagoditi. Grani\u010dni napon pra\u017enjenja baterije je 39V, a napon punjenja je 58,8V.<br \/>\nBaterija ima vijek trajanja od 80% snage nakon 600-1000 ciklusa. To zna\u010di da je baterija sposobna isporu\u010diti 80% svog izvornog kapaciteta nakon potpunog punjenja i pra\u017enjenja tijekom 600 do 1000 ciklusa. Sve u svemu, Li-ion 36V 14Ah Reention Thunder Downtube baterija je pouzdana baterija visokih performansi koja je prikladna za upotrebu u e-biciklima.<\/p>","protected":false},"featured_media":474,"template":"","meta":{"_kad_post_transparent":"default","_kad_post_title":"","_kad_post_layout":"default","_kad_post_sidebar_id":"","_kad_post_content_style":"default","_kad_post_vertical_padding":"default","_kad_post_feature":"","_kad_post_feature_position":"","_kad_post_header":false,"_kad_post_footer":false},"product_cat":[19,23],"product_tag":[41,268,273,272,277,276,279],"class_list":["post-473","product","type-product","status-publish","has-post-thumbnail","hentry","product_cat-custom-ebike-battery","product_cat-inner-ebike-battery","product_tag-electric-bicycle-battery","product_tag-reention-battery","product_tag-reention-dorado-battery","product_tag-reention-dorado-mini-batteries","product_tag-reention-eel-inner-battery-pack","product_tag-reention-eel-inner-frame-battery","product_tag-reention-thunder-downtube-battery","entry","content-bg","loop-entry"],"_links":{"self":[{"href":"https:\/\/bybatt.com\/hr\/wp-json\/wp\/v2\/product\/473","targetHints":{"allow":["GET"]}}],"collection":[{"href":"https:\/\/bybatt.com\/hr\/wp-json\/wp\/v2\/product"}],"about":[{"href":"https:\/\/bybatt.com\/hr\/wp-json\/wp\/v2\/types\/product"}],"wp:featuredmedia":[{"embeddable":true,"href":"https:\/\/bybatt.com\/hr\/wp-json\/wp\/v2\/media\/474"}],"wp:attachment":[{"href":"https:\/\/bybatt.com\/hr\/wp-json\/wp\/v2\/media?parent=473"}],"wp:term":[{"taxonomy":"product_cat","embeddable":true,"href":"https:\/\/bybatt.com\/hr\/wp-json\/wp\/v2\/product_cat?post=473"},{"taxonomy":"product_tag","embeddable":true,"href":"https:\/\/bybatt.com\/hr\/wp-json\/wp\/v2\/product_tag?post=473"}],"curies":[{"name":"wp","href":"https:\/\/api.w.org\/{rel}","templated":true}]}}