{"id":480,"date":"2023-02-19T13:56:47","date_gmt":"2023-02-19T13:56:47","guid":{"rendered":"https:\/\/bybatt.com\/?post_type=product&#038;p=480"},"modified":"2023-02-19T14:05:06","modified_gmt":"2023-02-19T14:05:06","slug":"48v-52v-rechargeable-lithium-ion-triangular-e-bike-battery","status":"publish","type":"product","link":"https:\/\/bybatt.com\/hr\/proizvod\/48v-52v-rechargeable-lithium-ion-triangular-e-bike-battery\/","title":{"rendered":"48V 52V punjiva litij-ionska trokutasta baterija za E bicikl"},"content":{"rendered":"","protected":false},"excerpt":{"rendered":"<p>48V 52V punjiva litij-ionska trokutasta baterija za E bicikl je visokou\u010dinkovita i izdr\u017eljiva baterija dizajnirana za napajanje elektri\u010dnih bicikala. Ova baterija dostupna je u razli\u010ditim nazivnim naponima, uklju\u010duju\u0107i 36 V, 48 V, 52 V i 72 V, i ima nominalni kapacitet od 20 Ah. Kori\u0161tene baterije su od 2500mAh, 3000mAh, poznatih 3200mAh ili 3500mAh, ovisno o odabranoj konfiguraciji.<br \/>\nKonfiguracija baterije je 8P14S, a sustav upravljanja baterijom (BMS) ima ocjenu od 30 A ili se mo\u017ee prilagoditi kako bi zadovoljio specifi\u010dne zahtjeve. Standardna struja punjenja je 3 A, ali se tako\u0111er mo\u017ee prilagoditi za ispunjavanje specifi\u010dnih zahtjeva punjenja. Maksimalna struja punjenja je 5A, \u0161to osigurava brzo punjenje baterije.<br \/>\nNapon prekida pra\u017enjenja je 39V, a napon punjenja je 58,8V. S vijekom trajanja od do 600-1000 ciklusa, baterija mo\u017ee isporu\u010diti do 80% svoje snage, \u0161to je \u010dini pouzdanim i dugotrajnim izvorom energije za elektri\u010dne bicikle. Ova punjiva litij-ionska baterija dizajnirana je da bude sigurna, pouzdana i u\u010dinkovita, pru\u017eaju\u0107i korisnicima visokokvalitetni izvor energije za njihove elektri\u010dne bicikle.<\/p>","protected":false},"featured_media":481,"template":"","meta":{"_kad_post_transparent":"default","_kad_post_title":"","_kad_post_layout":"default","_kad_post_sidebar_id":"","_kad_post_content_style":"default","_kad_post_vertical_padding":"default","_kad_post_feature":"","_kad_post_feature_position":"","_kad_post_header":false,"_kad_post_footer":false},"product_cat":[19,21],"product_tag":[289,287,293,281,291,288,285,290,292,286,282,283,280,284],"class_list":["post-480","product","type-product","status-publish","has-post-thumbnail","hentry","product_cat-custom-ebike-battery","product_cat-down-tube-ebike-battery","product_tag-52v-30ah-triangle-battery","product_tag-52v-triangle-battery","product_tag-72v-triangle-battery","product_tag-ebike-triangle-battery","product_tag-ebike-triangle-battery-hard-case","product_tag-em3ev-triangle-battery","product_tag-large-triangle-batteries","product_tag-triangle-battery-case","product_tag-triangle-ebike-battery-36v","product_tag-triangle-ebike-battery-48v","product_tag-triangle-electric-bike-battery","product_tag-triangle-lithium-battery","product_tag-triangular-e-bike-battery","product_tag-triangular-ebike-battery","entry","content-bg","loop-entry"],"_links":{"self":[{"href":"https:\/\/bybatt.com\/hr\/wp-json\/wp\/v2\/product\/480","targetHints":{"allow":["GET"]}}],"collection":[{"href":"https:\/\/bybatt.com\/hr\/wp-json\/wp\/v2\/product"}],"about":[{"href":"https:\/\/bybatt.com\/hr\/wp-json\/wp\/v2\/types\/product"}],"wp:featuredmedia":[{"embeddable":true,"href":"https:\/\/bybatt.com\/hr\/wp-json\/wp\/v2\/media\/481"}],"wp:attachment":[{"href":"https:\/\/bybatt.com\/hr\/wp-json\/wp\/v2\/media?parent=480"}],"wp:term":[{"taxonomy":"product_cat","embeddable":true,"href":"https:\/\/bybatt.com\/hr\/wp-json\/wp\/v2\/product_cat?post=480"},{"taxonomy":"product_tag","embeddable":true,"href":"https:\/\/bybatt.com\/hr\/wp-json\/wp\/v2\/product_tag?post=480"}],"curies":[{"name":"wp","href":"https:\/\/api.w.org\/{rel}","templated":true}]}}