{"id":488,"date":"2023-02-19T14:10:59","date_gmt":"2023-02-19T14:10:59","guid":{"rendered":"https:\/\/bybatt.com\/?post_type=product&#038;p=488"},"modified":"2023-02-19T14:20:29","modified_gmt":"2023-02-19T14:20:29","slug":"36v-water-bottle-battery-pack-mini-bottle-ebike-battery","status":"publish","type":"product","link":"https:\/\/bybatt.com\/hr\/proizvod\/36v-water-bottle-battery-pack-mini-bottle-ebike-battery\/","title":{"rendered":"Baterija za bocu vode od 36 V Baterija za mini bocu za e-bicikl"},"content":{"rendered":"","protected":false},"excerpt":{"rendered":"<p>Baterija za bocu vode od 36 V Mini Bottle Ebike Battery je baterija male veli\u010dine dizajnirana za elektri\u010dne bicikle (e-bicikle). Ima nazivni napon od 24 V ili 36 V i dostupan je u \u010detiri razli\u010dita nazivna kapaciteta: 5,2 Ah, 5,8 Ah, 6,8 Ah i 10 Ah. Kemijski sastav baterije je Li(NiCoMn)O2 18650, \u0161to pru\u017ea dobru ravnote\u017eu izme\u0111u gusto\u0107e energije i sigurnosti.<br \/>\nBaterija je smje\u0161tena u ku\u0107i\u0161te boce sipe dimenzija 63*75*325 mm (21 \u0107elija 18650) ili 86*86*347 mm (20 21700 \u0107elija). Te\u017eak je oko 3,5KG.<br \/>\nBaterija se mo\u017ee puniti standardnim ili brzim metodama punjenja. Standardno punjenje se vr\u0161i pri konstantnoj struji od 0,2C, konstantnom naponu od 54,6V i prekidu od 100mA. Brzo punjenje se vr\u0161i pri konstantnoj struji od 0.5CA, konstantnom naponu od 54.6V i prekidu od 100mA.<br \/>\nBaterija se mo\u017ee prazniti uz kontinuiranu struju od 20 A ili se mo\u017ee prilagoditi za ispunjavanje specifi\u010dnih zahtjeva. Ima vr\u0161nu struju pra\u017enjenja od 60 A ili prilago\u0111enu. Baterija ima \u017eivotni vijek od 500 ciklusa s DOD80% i opremljena je BMS funkcijom koja pru\u017ea za\u0161titu od prekomjerne struje, za\u0161titu od prekomjernog pra\u017enjenja, za\u0161titu od prekomjernog punjenja, za\u0161titu od kratkog spoja i ravnote\u017eu.<br \/>\nRaspon temperature skladi\u0161tenja baterije je -10-40 \u2103, s relativnom vlagom od 45-75% i tlakom od 86-106 KPa.<\/p>","protected":false},"featured_media":489,"template":"","meta":{"_kad_post_transparent":"default","_kad_post_title":"","_kad_post_layout":"default","_kad_post_sidebar_id":"","_kad_post_content_style":"default","_kad_post_vertical_padding":"default","_kad_post_feature":"","_kad_post_feature_position":"","_kad_post_header":false,"_kad_post_footer":false},"product_cat":[19,21],"product_tag":[298,294,296,297,299,295],"class_list":["post-488","product","type-product","status-publish","has-post-thumbnail","hentry","product_cat-custom-ebike-battery","product_cat-down-tube-ebike-battery","product_tag-bottle-battery","product_tag-mini-bottle-ebike-battery","product_tag-mini-bottle-lithium-battery","product_tag-mini-ebike-battery-pack","product_tag-protable-water-bottle-battery","product_tag-water-bottle-battery-pack","entry","content-bg","loop-entry"],"_links":{"self":[{"href":"https:\/\/bybatt.com\/hr\/wp-json\/wp\/v2\/product\/488","targetHints":{"allow":["GET"]}}],"collection":[{"href":"https:\/\/bybatt.com\/hr\/wp-json\/wp\/v2\/product"}],"about":[{"href":"https:\/\/bybatt.com\/hr\/wp-json\/wp\/v2\/types\/product"}],"wp:featuredmedia":[{"embeddable":true,"href":"https:\/\/bybatt.com\/hr\/wp-json\/wp\/v2\/media\/489"}],"wp:attachment":[{"href":"https:\/\/bybatt.com\/hr\/wp-json\/wp\/v2\/media?parent=488"}],"wp:term":[{"taxonomy":"product_cat","embeddable":true,"href":"https:\/\/bybatt.com\/hr\/wp-json\/wp\/v2\/product_cat?post=488"},{"taxonomy":"product_tag","embeddable":true,"href":"https:\/\/bybatt.com\/hr\/wp-json\/wp\/v2\/product_tag?post=488"}],"curies":[{"name":"wp","href":"https:\/\/api.w.org\/{rel}","templated":true}]}}