{"id":493,"date":"2023-02-19T14:23:38","date_gmt":"2023-02-19T14:23:38","guid":{"rendered":"https:\/\/bybatt.com\/?post_type=product&#038;p=493"},"modified":"2023-02-19T14:31:49","modified_gmt":"2023-02-19T14:31:49","slug":"36v-7ah-252wh-downtube-mini-water-bottle-ebike-battery","status":"publish","type":"product","link":"https:\/\/bybatt.com\/hr\/proizvod\/36v-7ah-252wh-downtube-mini-water-bottle-ebike-battery\/","title":{"rendered":"36V 7Ah 252Wh Downtube mini boca za vodu eBike baterija"},"content":{"rendered":"","protected":false},"excerpt":{"rendered":"<p>36V 7Ah 252Wh Downtube mini boca za vodu eBike Battery je visokokvalitetna, izdr\u017eljiva baterija koja je dizajnirana posebno za elektri\u010dne bicikle. Sadr\u017ei 100% nove Li(NiCoMn)O2 18650 \u0107elije, koje pru\u017eaju izvrsne performanse i pouzdanost.<br \/>\nS nazivnim naponom od 24 V ili 36 V i nominalnim kapacitetom od 5,2 ah, 5,8 ah, 6,8 ah ili 10 ah, ova baterija nudi dobar domet i izlaznu snagu za razli\u010dite modele e-bicikala. Dolazi u dvije veli\u010dine s razli\u010ditim tipovima \u0107elija: 63*75*325 mm s 21 \u0107elijom 18650 ili 86*86*347 mm s 20 21700 \u0107elija.<br \/>\nVanjsko ku\u0107i\u0161te izra\u0111eno je od sipine kutije za boce, koja je \u010dvrsta i otporna na habanje. Baterija ima standardno punjenje od konstantne struje 0.2C, konstantnog napona 54.6V i 100mA prekida, a mo\u017ee se brzo puniti konstantnom strujom od 0.5CA, konstantnog napona 54.6V i 100mA prekida.<br \/>\nBaterija ima standardno pra\u017enjenje konstantne struje 0.2C i krajnjeg napona 36.4V, a mo\u017ee podnijeti kontinuiranu struju pra\u017enjenja od 20A ili prilago\u0111enu vrijednost. Vr\u0161na struja pra\u017enjenja je 60 A ili prilago\u0111ena vrijednost. \u017divotni vijek baterije je pribli\u017eno 500 puta s DOD80% i ima BMS funkcije, uklju\u010duju\u0107i za\u0161titu od prekomjerne struje, za\u0161titu od prekomjernog pra\u017enjenja, za\u0161titu od prekomjernog punjenja, za\u0161titu od kratkog spoja i ravnote\u017eu.<br \/>\nBaterija se mo\u017ee skladi\u0161titi u temperaturnom rasponu od -10-40 \u2103, relativnoj vla\u017enosti od 45-75% i tlaku od 86-106KPa. Sveukupno, 36V 7Ah 252Wh Downtube mini boca za vodu eBike baterija je pouzdana i visokou\u010dinkovita opcija za entuzijaste e-bicikala.<\/p>","protected":false},"featured_media":494,"template":"","meta":{"_kad_post_transparent":"default","_kad_post_title":"","_kad_post_layout":"default","_kad_post_sidebar_id":"","_kad_post_content_style":"default","_kad_post_vertical_padding":"default","_kad_post_feature":"","_kad_post_feature_position":"","_kad_post_header":false,"_kad_post_footer":false},"product_cat":[19,21],"product_tag":[302,304,303,294,300,299,301],"class_list":["post-493","product","type-product","status-publish","has-post-thumbnail","hentry","product_cat-custom-ebike-battery","product_cat-down-tube-ebike-battery","product_tag-bottle-battery-ebike","product_tag-downtube-ebike-battery","product_tag-micro-bottle-ebike-battery","product_tag-mini-bottle-ebike-battery","product_tag-mini-water-bottle-ebike-battery","product_tag-protable-water-bottle-battery","product_tag-water-bottle-ebike-battery","entry","content-bg","loop-entry"],"_links":{"self":[{"href":"https:\/\/bybatt.com\/hr\/wp-json\/wp\/v2\/product\/493","targetHints":{"allow":["GET"]}}],"collection":[{"href":"https:\/\/bybatt.com\/hr\/wp-json\/wp\/v2\/product"}],"about":[{"href":"https:\/\/bybatt.com\/hr\/wp-json\/wp\/v2\/types\/product"}],"wp:featuredmedia":[{"embeddable":true,"href":"https:\/\/bybatt.com\/hr\/wp-json\/wp\/v2\/media\/494"}],"wp:attachment":[{"href":"https:\/\/bybatt.com\/hr\/wp-json\/wp\/v2\/media?parent=493"}],"wp:term":[{"taxonomy":"product_cat","embeddable":true,"href":"https:\/\/bybatt.com\/hr\/wp-json\/wp\/v2\/product_cat?post=493"},{"taxonomy":"product_tag","embeddable":true,"href":"https:\/\/bybatt.com\/hr\/wp-json\/wp\/v2\/product_tag?post=493"}],"curies":[{"name":"wp","href":"https:\/\/api.w.org\/{rel}","templated":true}]}}