{"id":500,"date":"2023-02-19T14:42:35","date_gmt":"2023-02-19T14:42:35","guid":{"rendered":"https:\/\/bybatt.com\/?post_type=product&#038;p=500"},"modified":"2023-02-19T15:00:42","modified_gmt":"2023-02-19T15:00:42","slug":"rechargeable-lithium-ion-seatpost-electric-bicycle-battery","status":"publish","type":"product","link":"https:\/\/bybatt.com\/hr\/proizvod\/rechargeable-lithium-ion-seatpost-electric-bicycle-battery\/","title":{"rendered":"Punjiva litij-ionska baterija za elektri\u010dni bicikl za sjedalo"},"content":{"rendered":"","protected":false},"excerpt":{"rendered":"<p>Punjiva litij-ionska baterija za elektri\u010dni bicikl za sjedalo je visokokvalitetan, pouzdan i dugotrajan izvor energije za elektri\u010dne bicikle. Sadr\u017ei nove \u0107elije 100% i plasti\u010dno vanjsko ku\u0107i\u0161te. Baterija je dostupna u dvije razli\u010dite opcije nominalnog napona, 36V ili 48V, s nominalnim kapacitetom od 10-21Ah, ovisno o odabranoj opciji.<br \/>\nBaterija je dizajnirana da se puni standardnom metodom punjenja, koja uklju\u010duje konstantnu struju od 0,2C i konstantni napon od 54,6V, s prekidom od 100mA. Tako\u0111er se mo\u017ee brzo puniti metodom brzog punjenja, koja uklju\u010duje konstantnu struju od 0,5 CA i konstantni napon od 54,6 V, s prekidom od 100 mA.<br \/>\nBaterija ima standardnu brzinu pra\u017enjenja od 0,2C, s krajnjim naponom od 36,4V. Ima te\u017einu od pribli\u017eno 3,5 kg\/4,5 kg, ovisno o odabranom kapacitetu. Baterija mo\u017ee osigurati kontinuiranu struju pra\u017enjenja od 20 A ili se mo\u017ee prilagoditi specifi\u010dnim potrebama. Tako\u0111er mo\u017ee osigurati vr\u0161nu struju pra\u017enjenja od 60 A ili se mo\u017ee prilagoditi za specifi\u010dne potrebe.<br \/>\nBaterija ima vijek trajanja od 500 puta s DOD80% i opremljena je BMS funkcijom koja pru\u017ea za\u0161titu od prekomjerne struje, za\u0161titu od prekomjernog pra\u017enjenja, za\u0161titu od prekomjernog punjenja, za\u0161titu od kratkog spoja i ravnote\u017eu. Mo\u017ee se skladi\u0161titi u temperaturnom rasponu od -10-40 \u2103, relativnoj vla\u017enosti od 45-75% i tlaku od 86-106KPa. Sve u svemu, punjiva litij-ionska baterija za elektri\u010dni bicikl za sjedalo je visokokvalitetan i izdr\u017eljiv izvor energije za elektri\u010dne bicikle.<\/p>","protected":false},"featured_media":501,"template":"","meta":{"_kad_post_transparent":"default","_kad_post_title":"","_kad_post_layout":"default","_kad_post_sidebar_id":"","_kad_post_content_style":"default","_kad_post_vertical_padding":"default","_kad_post_feature":"","_kad_post_feature_position":"","_kad_post_header":false,"_kad_post_footer":false},"product_cat":[19,21],"product_tag":[307,306,262,43,308,309,305],"class_list":["post-500","product","type-product","status-publish","has-post-thumbnail","hentry","product_cat-custom-ebike-battery","product_cat-down-tube-ebike-battery","product_tag-36v-13ah-ebike-battery","product_tag-e-bike-phylion-battery","product_tag-e-bike-seat-post-battery","product_tag-ebike-battery","product_tag-rechargeable-electric-battery","product_tag-seat-post-battery","product_tag-seatpost-electric-bicycle-battery","entry","content-bg","loop-entry"],"_links":{"self":[{"href":"https:\/\/bybatt.com\/hr\/wp-json\/wp\/v2\/product\/500","targetHints":{"allow":["GET"]}}],"collection":[{"href":"https:\/\/bybatt.com\/hr\/wp-json\/wp\/v2\/product"}],"about":[{"href":"https:\/\/bybatt.com\/hr\/wp-json\/wp\/v2\/types\/product"}],"wp:featuredmedia":[{"embeddable":true,"href":"https:\/\/bybatt.com\/hr\/wp-json\/wp\/v2\/media\/501"}],"wp:attachment":[{"href":"https:\/\/bybatt.com\/hr\/wp-json\/wp\/v2\/media?parent=500"}],"wp:term":[{"taxonomy":"product_cat","embeddable":true,"href":"https:\/\/bybatt.com\/hr\/wp-json\/wp\/v2\/product_cat?post=500"},{"taxonomy":"product_tag","embeddable":true,"href":"https:\/\/bybatt.com\/hr\/wp-json\/wp\/v2\/product_tag?post=500"}],"curies":[{"name":"wp","href":"https:\/\/api.w.org\/{rel}","templated":true}]}}