{"id":507,"date":"2023-02-19T15:01:23","date_gmt":"2023-02-19T15:01:23","guid":{"rendered":"https:\/\/bybatt.com\/?post_type=product&#038;p=507"},"modified":"2023-02-19T15:10:49","modified_gmt":"2023-02-19T15:10:49","slug":"24v-10ah-lithium-little-frog-style-battery-for-e-bike","status":"publish","type":"product","link":"https:\/\/bybatt.com\/hr\/proizvod\/24v-10ah-lithium-little-frog-style-battery-for-e-bike\/","title":{"rendered":"24V 10Ah litijska baterija u stilu male \u017eabe za e-bicikl"},"content":{"rendered":"","protected":false},"excerpt":{"rendered":"<p>24V 10Ah Lithium Little Frog Style baterija je visokokvalitetna baterija dizajnirana za kori\u0161tenje u e-biciklima. Baterija koristi nove \u0107elije 100% i sadr\u017ei LiNiCoMno2 kemiju. Dostupan je u razli\u010ditim opcijama napona i kapaciteta, uklju\u010duju\u0107i 36 V i 48 V, s nazivnim kapacitetom u rasponu od 10,4 ah do 14 ah. Vanjsko ku\u0107i\u0161te izra\u0111eno je od EEL materijala, \u0161to ga \u010dini izdr\u017eljivim i otpornim na o\u0161te\u0107enja.<br \/>\nBaterija se mo\u017ee puniti standardnom metodom punjenja konstantnom strujom od 0,2C i konstantnim naponom od 54,6V, s prekidom od 100mA. Tako\u0111er se mo\u017ee brzo puniti konstantnom strujom od 0,5 CA, konstantnim naponom od 54,6 V i prekidom od 100 mA. Standardna metoda pra\u017enjenja koristi konstantnu struju od 0,2C i krajnji napon od 30V.<br \/>\nBaterija ima vijek trajanja od 500 puta s DOD80%, \u0161to zna\u010di da se mo\u017ee ponovno puniti i prazniti do 500 puta s 80% dubinom pra\u017enjenja. Kontinuirana struja pra\u017enjenja je 10 A ili se mo\u017ee prilagoditi, a vr\u0161na struja pra\u017enjenja je 30 A ili se mo\u017ee prilagoditi za ispunjavanje specifi\u010dnih zahtjeva. Baterija tako\u0111er ima BMS funkcije, uklju\u010duju\u0107i za\u0161titu od prekomjerne struje, za\u0161titu od prekomjernog pra\u017enjenja, za\u0161titu od prekomjernog punjenja, za\u0161titu od kratkog spoja i ravnote\u017eu.<br \/>\nRaspon temperature skladi\u0161tenja baterije je -10-40 \u2103, s relativnom vlagom od 45-75% i tlakom od 86-106KPa. Baterija ima pribli\u017enu te\u017einu od 3,5 kg\/4,5 kg, ovisno o specifi\u010dnom modelu. Ova baterija je pouzdan i u\u010dinkovit izbor za sve koji \u017eele svoj e-bicikl napajati visokokvalitetnom litij-ionskom baterijom.<\/p>","protected":false},"featured_media":508,"template":"","meta":{"_kad_post_transparent":"default","_kad_post_title":"","_kad_post_layout":"default","_kad_post_sidebar_id":"","_kad_post_content_style":"default","_kad_post_vertical_padding":"default","_kad_post_feature":"","_kad_post_feature_position":"","_kad_post_header":false,"_kad_post_footer":false},"product_cat":[19,21],"product_tag":[262,43,313,311,267,310,312],"class_list":["post-507","product","type-product","status-publish","has-post-thumbnail","hentry","product_cat-custom-ebike-battery","product_cat-down-tube-ebike-battery","product_tag-e-bike-seat-post-battery","product_tag-ebike-battery","product_tag-ebike-frog-battery","product_tag-frog-battery","product_tag-frog-ebike-battery","product_tag-frog-style-battery","product_tag-little-frog-battery-pack","entry","content-bg","loop-entry"],"_links":{"self":[{"href":"https:\/\/bybatt.com\/hr\/wp-json\/wp\/v2\/product\/507","targetHints":{"allow":["GET"]}}],"collection":[{"href":"https:\/\/bybatt.com\/hr\/wp-json\/wp\/v2\/product"}],"about":[{"href":"https:\/\/bybatt.com\/hr\/wp-json\/wp\/v2\/types\/product"}],"wp:featuredmedia":[{"embeddable":true,"href":"https:\/\/bybatt.com\/hr\/wp-json\/wp\/v2\/media\/508"}],"wp:attachment":[{"href":"https:\/\/bybatt.com\/hr\/wp-json\/wp\/v2\/media?parent=507"}],"wp:term":[{"taxonomy":"product_cat","embeddable":true,"href":"https:\/\/bybatt.com\/hr\/wp-json\/wp\/v2\/product_cat?post=507"},{"taxonomy":"product_tag","embeddable":true,"href":"https:\/\/bybatt.com\/hr\/wp-json\/wp\/v2\/product_tag?post=507"}],"curies":[{"name":"wp","href":"https:\/\/api.w.org\/{rel}","templated":true}]}}