{"id":514,"date":"2023-02-19T15:13:45","date_gmt":"2023-02-19T15:13:45","guid":{"rendered":"https:\/\/bybatt.com\/?post_type=product&#038;p=514"},"modified":"2023-02-19T15:22:48","modified_gmt":"2023-02-19T15:22:48","slug":"48v-downtube-reention-eel-inner-frame-electric-bike-battery","status":"publish","type":"product","link":"https:\/\/bybatt.com\/hr\/proizvod\/48v-downtube-reention-eel-inner-frame-electric-bike-battery\/","title":{"rendered":"Baterija za elektri\u010dni bicikl od 48 V Downtube Reention EEL s unutarnjim okvirom"},"content":{"rendered":"","protected":false},"excerpt":{"rendered":"<p>48V Downtube Reention EEL Inner Frame Electric Bike Battery je visokokvalitetna punjiva baterija dizajnirana za elektri\u010dne bicikle. Izra\u0111en je pomo\u0107u novih \u0107elija 100% i ima kemijski sastav LiNiCoMno2. Baterija dolazi u izdr\u017eljivom EEL ku\u0107i\u0161tu i dostupna je u nekoliko nominalnih kapaciteta uklju\u010duju\u0107i 10,4ah, 11,6ah, 13ah, 13,6ah i 14ah.<br \/>\nZa punjenje baterije koristi se standardno punjenje koje uklju\u010duje konstantnu struju od 0,2C i konstantni napon od 54,6V s prekidom od 100mA. Baterija se tako\u0111er mo\u017ee brzo puniti konstantnom strujom od 0,5 CA i konstantnim naponom od 54,6 V s prekidom od 100 mA.<br \/>\nBaterija ima kontinuiranu struju pra\u017enjenja od 10 A ili se mo\u017ee prilagoditi specifi\u010dnim potrebama. Tako\u0111er ima vr\u0161nu struju pra\u017enjenja od 30 A ili se mo\u017ee prilagoditi specifi\u010dnim potrebama. Baterija je dizajnirana za do 500 ciklusa s DOD80% i ima BMS funkciju koja uklju\u010duje za\u0161titu od prekomjerne struje, za\u0161titu od prekomjernog pra\u017enjenja, za\u0161titu od prekomjernog punjenja, za\u0161titu od kratkog spoja i ravnote\u017eu.<br \/>\nBaterija je dizajnirana za rad u temperaturnom rasponu od -10-40 \u2103, relativnoj vla\u017enosti od 45-75% i tlaku od 86-106 KPa. Te\u017ei pribli\u017eno 3,5 kg\/4,5 kg i izvrsna je opcija za ljubitelje elektri\u010dnih bicikala koji tra\u017ee pouzdanu i u\u010dinkovitu bateriju za napajanje svoje vo\u017enje.<\/p>","protected":false},"featured_media":515,"template":"","meta":{"_kad_post_transparent":"default","_kad_post_title":"","_kad_post_layout":"default","_kad_post_sidebar_id":"","_kad_post_content_style":"default","_kad_post_vertical_padding":"default","_kad_post_feature":"","_kad_post_feature_position":"","_kad_post_header":false,"_kad_post_footer":false},"product_cat":[19,23],"product_tag":[317,52,318,315,316,314],"class_list":["post-514","product","type-product","status-publish","has-post-thumbnail","hentry","product_cat-custom-ebike-battery","product_cat-inner-ebike-battery","product_tag-48v-10-4ah-14ah-ebike-batteries","product_tag-battery","product_tag-electric-bike-battery","product_tag-electric-bike-frame-battery-inside","product_tag-frame-electric-bike-battery","product_tag-inner-frame-electric-bike-battery","entry","content-bg","loop-entry"],"_links":{"self":[{"href":"https:\/\/bybatt.com\/hr\/wp-json\/wp\/v2\/product\/514","targetHints":{"allow":["GET"]}}],"collection":[{"href":"https:\/\/bybatt.com\/hr\/wp-json\/wp\/v2\/product"}],"about":[{"href":"https:\/\/bybatt.com\/hr\/wp-json\/wp\/v2\/types\/product"}],"wp:featuredmedia":[{"embeddable":true,"href":"https:\/\/bybatt.com\/hr\/wp-json\/wp\/v2\/media\/515"}],"wp:attachment":[{"href":"https:\/\/bybatt.com\/hr\/wp-json\/wp\/v2\/media?parent=514"}],"wp:term":[{"taxonomy":"product_cat","embeddable":true,"href":"https:\/\/bybatt.com\/hr\/wp-json\/wp\/v2\/product_cat?post=514"},{"taxonomy":"product_tag","embeddable":true,"href":"https:\/\/bybatt.com\/hr\/wp-json\/wp\/v2\/product_tag?post=514"}],"curies":[{"name":"wp","href":"https:\/\/api.w.org\/{rel}","templated":true}]}}