{"id":536,"date":"2023-02-20T01:47:15","date_gmt":"2023-02-20T01:47:15","guid":{"rendered":"https:\/\/bybatt.com\/?post_type=product&#038;p=536"},"modified":"2023-02-20T01:55:19","modified_gmt":"2023-02-20T01:55:19","slug":"48v-14ah-reention-eel-pro-electric-bicycle-lithium-batteries","status":"publish","type":"product","link":"https:\/\/bybatt.com\/hr\/proizvod\/48v-14ah-reention-eel-pro-electric-bicycle-lithium-batteries\/","title":{"rendered":"48V 14Ah Reention EEL Pro litijske baterije za elektri\u010dni bicikl"},"content":{"rendered":"","protected":false},"excerpt":{"rendered":"<p>48V 14Ah Reention EEL Pro litijske baterije za elektri\u010dne bicikle su visokokvalitetni paket baterija dizajniran posebno za elektri\u010dne bicikle. Baterije su izra\u0111ene od novih \u0107elija 100% s LiNiCoMno2 kemijom, \u0161to pru\u017ea izvrsnu izvedbu i dug \u017eivotni vijek. Baterije su dostupne u razli\u010ditim naponima i kapacitetima, uklju\u010duju\u0107i 36 V i 48 V s kapacitetima u rasponu od 10,4 Ah do 14 Ah.<br \/>\nVanjsko ku\u0107i\u0161te baterija izra\u0111eno je od izdr\u017eljivog EEL materijala koji pru\u017ea izvrsnu za\u0161titu od udaraca i drugih vrsta o\u0161te\u0107enja. Baterije su dizajnirane da se pune standardnom konstantnom strujom od 0,2C i konstantnim naponom od 54,6V, s prekidom od 100mA. Brzo punjenje tako\u0111er je mogu\u0107e kori\u0161tenjem konstantne struje od 0,5 CA i istog konstantnog napona i prekida.<br \/>\nBaterije se mogu prazniti konstantnom strujom od 0,2C dok krajnji napon ne dosegne 30V. Baterije imaju \u017eivotni ciklus od 500 puta s dubinom pra\u017enjenja (DOD) od 80%. Baterije imaju kontinuiranu struju pra\u017enjenja od 10A, s vr\u0161nom strujom pra\u017enjenja od 30A. Sustav upravljanja baterijom (BMS) pru\u017ea za\u0161titu od prekomjerne struje, prekomjernog pra\u017enjenja, prekomjernog punjenja i kratkog spoja, a tako\u0111er osigurava da su \u0107elije uravnote\u017eene.<br \/>\nBaterije se mogu skladi\u0161titi na temperaturama u rasponu od -10 \u2103 do 40 \u2103, uz relativnu vla\u017enost od 45-75% i tlak od 86-106KPa. Ove baterije izvrstan su izbor za svakoga tko \u017eeli nadograditi ili zamijeniti bateriju na svom elektri\u010dnom biciklu, pru\u017eaju\u0107i pouzdanu i visokou\u010dinkovitu snagu za va\u0161u vo\u017enju.<\/p>","protected":false},"featured_media":537,"template":"","meta":{"_kad_post_transparent":"default","_kad_post_title":"","_kad_post_layout":"default","_kad_post_sidebar_id":"","_kad_post_content_style":"default","_kad_post_vertical_padding":"default","_kad_post_feature":"","_kad_post_feature_position":"","_kad_post_header":false,"_kad_post_footer":false},"product_cat":[19,23],"product_tag":[322,325,324,323,319,320,321],"class_list":["post-536","product","type-product","status-publish","has-post-thumbnail","hentry","product_cat-custom-ebike-battery","product_cat-inner-ebike-battery","product_tag-48v-14ah-li-ion-electric-bike-battery","product_tag-48v-14ah-reention-eel-battery","product_tag-8-volt-lithium-bike-battery","product_tag-bike-battery-12-8ah","product_tag-electric-bicycle-lithium-batteries","product_tag-reention-eel-pro","product_tag-reention-eel-pro-electric-bicycle-batteries","entry","content-bg","loop-entry"],"_links":{"self":[{"href":"https:\/\/bybatt.com\/hr\/wp-json\/wp\/v2\/product\/536","targetHints":{"allow":["GET"]}}],"collection":[{"href":"https:\/\/bybatt.com\/hr\/wp-json\/wp\/v2\/product"}],"about":[{"href":"https:\/\/bybatt.com\/hr\/wp-json\/wp\/v2\/types\/product"}],"wp:featuredmedia":[{"embeddable":true,"href":"https:\/\/bybatt.com\/hr\/wp-json\/wp\/v2\/media\/537"}],"wp:attachment":[{"href":"https:\/\/bybatt.com\/hr\/wp-json\/wp\/v2\/media?parent=536"}],"wp:term":[{"taxonomy":"product_cat","embeddable":true,"href":"https:\/\/bybatt.com\/hr\/wp-json\/wp\/v2\/product_cat?post=536"},{"taxonomy":"product_tag","embeddable":true,"href":"https:\/\/bybatt.com\/hr\/wp-json\/wp\/v2\/product_tag?post=536"}],"curies":[{"name":"wp","href":"https:\/\/api.w.org\/{rel}","templated":true}]}}