{"id":543,"date":"2023-02-20T01:56:32","date_gmt":"2023-02-20T01:56:32","guid":{"rendered":"https:\/\/bybatt.com\/?post_type=product&#038;p=543"},"modified":"2023-02-20T02:03:31","modified_gmt":"2023-02-20T02:03:31","slug":"36v-24-5ah-reention-kirin-electric-bicycle-battery-pack","status":"publish","type":"product","link":"https:\/\/bybatt.com\/hr\/proizvod\/36v-24-5ah-reention-kirin-electric-bicycle-battery-pack\/","title":{"rendered":"36 V 24,5 Ah Reention Kirin baterija za elektri\u010dni bicikl"},"content":{"rendered":"","protected":false},"excerpt":{"rendered":"<p>Reention Kirin baterija za elektri\u010dni bicikl je visokokvalitetna baterija dizajnirana za elektri\u010dne bicikle. Ima napon od 36 V i kapacitet od 24,5 Ah, osiguravaju\u0107i ukupno 696-910 Wh snage ovisno o konfiguraciji. Baterija se sastoji od 13S5P ili 14S5P \u0107elija, koje imaju kapacitet od 3000mAh do 3500mAh svaka. Sustav upravljanja baterijom (BMS) je ocijenjen na 30 A, a baterija mo\u017ee podnijeti struju punjenja od 2-5 A.<br \/>\nBaterija je dizajnirana za rad s elektri\u010dnim motorima koji imaju raspon snage od 48V 250-1000W ili 48V&amp;52V 250-1000W. Ima temperaturni raspon punjenja od 0-45\u00b0C i temperaturni raspon pra\u017enjenja od -20-65\u00b0C. Baterija ima \u017eivotni ciklus od najmanje 800 ciklusa, sa stopom zadr\u017eavanja kapaciteta od \u226580%.<br \/>\nBaterija je te\u0161ka izme\u0111u 4,5-5 kg i ima dimenzije 526 mm x 79 mm x 104 mm. Sve \u0107elije koje se koriste u baterijskom paketu potpuno su nove, \u0161to osigurava visoku kvalitetu rada i dugovje\u010dnost.<\/p>","protected":false},"featured_media":544,"template":"","meta":{"_kad_post_transparent":"default","_kad_post_title":"","_kad_post_layout":"default","_kad_post_sidebar_id":"","_kad_post_content_style":"default","_kad_post_vertical_padding":"default","_kad_post_feature":"","_kad_post_feature_position":"","_kad_post_header":false,"_kad_post_footer":false},"product_cat":[19,23],"product_tag":[330,51,328,326,331,327,329],"class_list":["post-543","product","type-product","status-publish","has-post-thumbnail","hentry","product_cat-custom-ebike-battery","product_cat-inner-ebike-battery","product_tag-21ah-36v","product_tag-battery-electric-bike","product_tag-bosch-ebike-battery-replacement","product_tag-electric-bicycle-battery-pack","product_tag-reention-kirin-battery","product_tag-reention-kirin-ebike-battery","product_tag-reention-kirin-electric-bicycle-battery-pack","entry","content-bg","loop-entry"],"_links":{"self":[{"href":"https:\/\/bybatt.com\/hr\/wp-json\/wp\/v2\/product\/543","targetHints":{"allow":["GET"]}}],"collection":[{"href":"https:\/\/bybatt.com\/hr\/wp-json\/wp\/v2\/product"}],"about":[{"href":"https:\/\/bybatt.com\/hr\/wp-json\/wp\/v2\/types\/product"}],"wp:featuredmedia":[{"embeddable":true,"href":"https:\/\/bybatt.com\/hr\/wp-json\/wp\/v2\/media\/544"}],"wp:attachment":[{"href":"https:\/\/bybatt.com\/hr\/wp-json\/wp\/v2\/media?parent=543"}],"wp:term":[{"taxonomy":"product_cat","embeddable":true,"href":"https:\/\/bybatt.com\/hr\/wp-json\/wp\/v2\/product_cat?post=543"},{"taxonomy":"product_tag","embeddable":true,"href":"https:\/\/bybatt.com\/hr\/wp-json\/wp\/v2\/product_tag?post=543"}],"curies":[{"name":"wp","href":"https:\/\/api.w.org\/{rel}","templated":true}]}}