{"id":550,"date":"2023-02-20T02:15:50","date_gmt":"2023-02-20T02:15:50","guid":{"rendered":"https:\/\/bybatt.com\/?post_type=product&#038;p=550"},"modified":"2023-02-20T02:24:42","modified_gmt":"2023-02-20T02:24:42","slug":"tiger-shark-48v-lithium-ion-downtube-mounted-e-bike-battery","status":"publish","type":"product","link":"https:\/\/bybatt.com\/hr\/proizvod\/tiger-shark-48v-lithium-ion-downtube-mounted-e-bike-battery\/","title":{"rendered":"Tiger Shark 48V litij-ionska baterija za e-bicikl montirana na donju cijev"},"content":{"rendered":"","protected":false},"excerpt":{"rendered":"<p>Tiger Shark 48V litij-ionska baterija za e-bicikl na donjoj cijevi je visokokvalitetna baterija dizajnirana za elektri\u010dne bicikle. Baterija koristi nove \u0107elije 100% i dostupna je u tri razli\u010dite opcije napona: 36V, 48V i 52V. Nazivni kapacitet baterije kre\u0107e se od 13 ah do 20,4 ah, pru\u017eaju\u0107i dovoljno snage za du\u017ee vo\u017enje.<br \/>\nBaterijske \u0107elije koje se koriste u Tiger Shark 48V litij-ionskoj bateriji za e-bicikl na donjoj cijevi su 18650 \u0107elija od 3,7 V od 2500 mah. Standardna struja punjenja je 2A, ali se mo\u017ee prilagoditi, a maksimalna struja pra\u017enjenja je 20A, tako\u0111er prilagodljiva. Vijek trajanja baterije je vi\u0161e od 1000 puta, \u0161to je \u010dini dugotrajnom i isplativom opcijom.<br \/>\nTiger Shark 48V litij-ionska baterija za e-bicikl na donjoj cijevi dolazi u \u0161est razli\u010ditih veli\u010dina, svaka s jedinstvenom konfiguracijom \u0107elija. Baterija je postavljena na donju cijev, \u0161to omogu\u0107uje jednostavnu ugradnju na ve\u0107inu e-bicikala. Te\u017eina baterije je pribli\u017eno 5 kg, \u0161to je \u010dini relativno laganom opcijom.<br \/>\nBaterija ima razli\u010dite mehanizme za\u0161tite, uklju\u010duju\u0107i za\u0161titu od prekomjernog punjenja, za\u0161titu od prekomjernog pra\u017enjenja, za\u0161titu od prekomjerne struje, za\u0161titu od kratkog spoja i jo\u0161 mnogo toga. Raspon temperature punjenja je 045\u00b0C, a raspon temperature pra\u017enjenja je -2060\u00b0C. Raspon temperature skladi\u0161tenja je 20~35\u00b0C, \u0161to osigurava sigurno i u\u010dinkovito skladi\u0161tenje baterije.<br \/>\nSveukupno, Tiger Shark 48V litij-ionska baterija za e-bicikl na donjoj cijevi je visokokvalitetna, dugotrajna i pouzdana opcija za svakoga tko \u017eeli napajati svoj elektri\u010dni bicikl.<\/p>","protected":false},"featured_media":551,"template":"","meta":{"_kad_post_transparent":"default","_kad_post_title":"","_kad_post_layout":"default","_kad_post_sidebar_id":"","_kad_post_content_style":"default","_kad_post_vertical_padding":"default","_kad_post_feature":"","_kad_post_feature_position":"","_kad_post_header":false,"_kad_post_footer":false},"product_cat":[19,21],"product_tag":[335,336,304,332,43,333,334,337],"class_list":["post-550","product","type-product","status-publish","has-post-thumbnail","hentry","product_cat-custom-ebike-battery","product_cat-down-tube-ebike-battery","product_tag-bosch-ebike-battery","product_tag-downtube-battery","product_tag-downtube-ebike-battery","product_tag-downtube-mounted-e-bike-battery","product_tag-ebike-battery","product_tag-ebike-battery-parts","product_tag-tiger-shark-48v10ah","product_tag-tiger-shark-ebike-battery","entry","content-bg","loop-entry"],"_links":{"self":[{"href":"https:\/\/bybatt.com\/hr\/wp-json\/wp\/v2\/product\/550","targetHints":{"allow":["GET"]}}],"collection":[{"href":"https:\/\/bybatt.com\/hr\/wp-json\/wp\/v2\/product"}],"about":[{"href":"https:\/\/bybatt.com\/hr\/wp-json\/wp\/v2\/types\/product"}],"wp:featuredmedia":[{"embeddable":true,"href":"https:\/\/bybatt.com\/hr\/wp-json\/wp\/v2\/media\/551"}],"wp:attachment":[{"href":"https:\/\/bybatt.com\/hr\/wp-json\/wp\/v2\/media?parent=550"}],"wp:term":[{"taxonomy":"product_cat","embeddable":true,"href":"https:\/\/bybatt.com\/hr\/wp-json\/wp\/v2\/product_cat?post=550"},{"taxonomy":"product_tag","embeddable":true,"href":"https:\/\/bybatt.com\/hr\/wp-json\/wp\/v2\/product_tag?post=550"}],"curies":[{"name":"wp","href":"https:\/\/api.w.org\/{rel}","templated":true}]}}