{"id":557,"date":"2023-02-20T02:27:51","date_gmt":"2023-02-20T02:27:51","guid":{"rendered":"https:\/\/bybatt.com\/?post_type=product&#038;p=557"},"modified":"2023-02-20T02:36:38","modified_gmt":"2023-02-20T02:36:38","slug":"52v-50amp-8-4ah-rechargeable-21700-lithium-e-bike-battery","status":"publish","type":"product","link":"https:\/\/bybatt.com\/hr\/proizvod\/52v-50amp-8-4ah-rechargeable-21700-lithium-e-bike-battery\/","title":{"rendered":"52V 50AMP 8.4AH punjiva 21700 litijeva baterija za e-bicikl"},"content":{"rendered":"","protected":false},"excerpt":{"rendered":"<p>52V 50AMP 8.4AH punjiva 21700 litijeva baterija za e-bicikl je litij-ionska baterija visokih performansi dizajnirana za upotrebu u elektri\u010dnim biciklima. Izra\u0111en je od novih \u0107elija 100% i dostupan je u nekoliko razli\u010ditih konfiguracija, s nazivnim naponima od 36 V, 48 V i 52 V i nazivnim kapacitetima u rasponu od 13 ah do 20,4 ah. Baterija je izgra\u0111ena pomo\u0107u \u0107elija 18650 3.7V 2500mah i ima standardnu struju punjenja od 2A, iako se to mo\u017ee prilagoditi posebnim zahtjevima.<br \/>\nBaterija je sposobna isporu\u010diti maksimalnu struju pra\u017enjenja od 51 A i ima vijek trajanja od vi\u0161e od 1000 puta. Mo\u017ee se puniti metodom punjenja konstantnom strujom i konstantnim naponom, a dostupan je u tri razli\u010dite veli\u010dine: Polly DP-9 367 mm x 141 mm x 90 mm, Polly DP-5\/5C 368 mm x 96 mm x 90 mm i Polly DP-6\/ 6C 368 mm x 112 mm x 90 mm. Baterija je te\u0161ka oko 5KG i mo\u017ee se puniti na temperaturama izme\u0111u 045\u00b0C, dok se temperatura pra\u017enjenja kre\u0107e izme\u0111u -2060\u00b0C. Baterija tako\u0111er ima za\u0161titu od prekomjernog punjenja, prekomjernog pra\u017enjenja, prekomjerne struje, kratkog spoja i drugih opasnosti.<\/p>","protected":false},"featured_media":558,"template":"","meta":{"_kad_post_transparent":"default","_kad_post_title":"","_kad_post_layout":"default","_kad_post_sidebar_id":"","_kad_post_content_style":"default","_kad_post_vertical_padding":"default","_kad_post_feature":"","_kad_post_feature_position":"","_kad_post_header":false,"_kad_post_footer":false},"product_cat":[19,21],"product_tag":[341,338,342,343,340,339],"class_list":["post-557","product","type-product","status-publish","has-post-thumbnail","hentry","product_cat-custom-ebike-battery","product_cat-down-tube-ebike-battery","product_tag-21700-cell-rechargeable-ebike-battery","product_tag-21700-lithium-e-bike-battery","product_tag-52v-ebike-battery","product_tag-e-bike-battery-replacement","product_tag-electric-bike-battery-36v","product_tag-lithium-ion-e-bike-battery","entry","content-bg","loop-entry"],"_links":{"self":[{"href":"https:\/\/bybatt.com\/hr\/wp-json\/wp\/v2\/product\/557","targetHints":{"allow":["GET"]}}],"collection":[{"href":"https:\/\/bybatt.com\/hr\/wp-json\/wp\/v2\/product"}],"about":[{"href":"https:\/\/bybatt.com\/hr\/wp-json\/wp\/v2\/types\/product"}],"wp:featuredmedia":[{"embeddable":true,"href":"https:\/\/bybatt.com\/hr\/wp-json\/wp\/v2\/media\/558"}],"wp:attachment":[{"href":"https:\/\/bybatt.com\/hr\/wp-json\/wp\/v2\/media?parent=557"}],"wp:term":[{"taxonomy":"product_cat","embeddable":true,"href":"https:\/\/bybatt.com\/hr\/wp-json\/wp\/v2\/product_cat?post=557"},{"taxonomy":"product_tag","embeddable":true,"href":"https:\/\/bybatt.com\/hr\/wp-json\/wp\/v2\/product_tag?post=557"}],"curies":[{"name":"wp","href":"https:\/\/api.w.org\/{rel}","templated":true}]}}