{"id":571,"date":"2023-02-20T03:07:17","date_gmt":"2023-02-20T03:07:17","guid":{"rendered":"https:\/\/bybatt.com\/?post_type=product&#038;p=571"},"modified":"2023-02-20T03:56:54","modified_gmt":"2023-02-20T03:56:54","slug":"original-48v-17-5ah-reention-dorado-e-bike-battery","status":"publish","type":"product","link":"https:\/\/bybatt.com\/hr\/proizvod\/original-48v-17-5ah-reention-dorado-e-bike-battery\/","title":{"rendered":"Originalna 48V 17.5Ah Reention Dorado E baterija za bicikl"},"content":{"rendered":"","protected":false},"excerpt":{"rendered":"<p>Originalna 48V 17.5Ah Reention Dorado E Bike Battery dizajnirana je za upotrebu u elektri\u010dnim biciklima i ima nazivni napon od 36V ili 48V i nazivni kapacitet od 10.4Ah, 11.6Ah, 13.6Ah, 13Ah, 14.5Ah ili 17.5Ah. Baterija koristi LiNiCoMnO2 kemiju i 18650 3.7V 2500mAh \u0107elija.<br \/>\nVanjski stil ku\u0107i\u0161ta baterije je unutarnje ku\u0107i\u0161te baterije, a broj \u0107elija koje se koriste u bateriji varira ovisno o modelu. Dorado Mini koristi 30 ili 40 \u0107elija, Dorado Pro koristi 40 ili 50 \u0107elija, Dorado Plus koristi 52 ili 65 \u0107elija, a Dorado Max koristi 64 ili 80 \u0107elija. Te\u017eina baterije je 5,5 kg.<br \/>\nBaterija se mo\u017ee puniti standardnim punjenjem s konstantnom strujom od 0,2C i konstantnim naponom od 54,6V s prekidom od 100mA ili brzim punjenjem s konstantnom strujom od 0,5CA i konstantnim naponom od 54,6V s 100mA isklju\u010denje. Baterija se mo\u017ee isprazniti konstantnom strujom od 0,2C i krajnjim naponom od 39V.<br \/>\nBaterija ima \u017eivotni vijek od 500 ciklusa s DOD80% i kontinuiranu struju pra\u017enjenja od 17 A ili prilago\u0111enu. Vr\u0161na struja pra\u017enjenja je 51 A ili prilago\u0111ena. Sustav upravljanja baterijom (BMS) pru\u017ea za\u0161titu od prekomjerne struje, za\u0161titu od prekomjernog pra\u017enjenja, za\u0161titu od prekomjernog punjenja, za\u0161titu od kratkog spoja i ravnote\u017eu. Baterija se mo\u017ee skladi\u0161titi na temperaturama izme\u0111u -10-40\u2103 uz relativnu vla\u017enost od 45-75% i tlak od 86-106KPa.<\/p>","protected":false},"featured_media":572,"template":"","meta":{"_kad_post_transparent":"default","_kad_post_title":"","_kad_post_layout":"default","_kad_post_sidebar_id":"","_kad_post_content_style":"default","_kad_post_vertical_padding":"default","_kad_post_feature":"","_kad_post_feature_position":"","_kad_post_header":false,"_kad_post_footer":false},"product_cat":[19,21],"product_tag":[350,348,349,347],"class_list":["post-571","product","type-product","status-publish","has-post-thumbnail","hentry","product_cat-custom-ebike-battery","product_cat-down-tube-ebike-battery","product_tag-13ah-25ah","product_tag-48v-17-5ah-battery","product_tag-48v-battery","product_tag-reention-dorado-e-bike-battery","entry","content-bg","loop-entry"],"_links":{"self":[{"href":"https:\/\/bybatt.com\/hr\/wp-json\/wp\/v2\/product\/571","targetHints":{"allow":["GET"]}}],"collection":[{"href":"https:\/\/bybatt.com\/hr\/wp-json\/wp\/v2\/product"}],"about":[{"href":"https:\/\/bybatt.com\/hr\/wp-json\/wp\/v2\/types\/product"}],"wp:featuredmedia":[{"embeddable":true,"href":"https:\/\/bybatt.com\/hr\/wp-json\/wp\/v2\/media\/572"}],"wp:attachment":[{"href":"https:\/\/bybatt.com\/hr\/wp-json\/wp\/v2\/media?parent=571"}],"wp:term":[{"taxonomy":"product_cat","embeddable":true,"href":"https:\/\/bybatt.com\/hr\/wp-json\/wp\/v2\/product_cat?post=571"},{"taxonomy":"product_tag","embeddable":true,"href":"https:\/\/bybatt.com\/hr\/wp-json\/wp\/v2\/product_tag?post=571"}],"curies":[{"name":"wp","href":"https:\/\/api.w.org\/{rel}","templated":true}]}}