{"id":586,"date":"2023-02-20T04:07:10","date_gmt":"2023-02-20T04:07:10","guid":{"rendered":"https:\/\/bybatt.com\/?post_type=product&#038;p=586"},"modified":"2023-02-20T04:11:38","modified_gmt":"2023-02-20T04:11:38","slug":"52v-48v-hailong-ebike-battery-electric-bike-lithium-battery","status":"publish","type":"product","link":"https:\/\/bybatt.com\/hr\/proizvod\/52v-48v-hailong-ebike-battery-electric-bike-lithium-battery\/","title":{"rendered":"52V 48V Hailong Ebike Battery Litijeva baterija za elektri\u010dni bicikl"},"content":{"rendered":"","protected":false},"excerpt":{"rendered":"<p>52V\/48V Hailong Ebike Battery je litijska baterija za elektri\u010dni bicikl koja je dizajnirana za napajanje elektri\u010dnog bicikla. Baterija se sastoji od 100% novih \u0107elija koje potje\u010du od proizvo\u0111a\u010da \u0107elija Grade A iz Japana ili Koreje, \u010dime se osigurava da baterija ima visokokvalitetnu izradu.<br \/>\nBaterija je dostupna u razli\u010ditim veli\u010dinama, s naponom od 36V\/48V\/52V i kapacitetom od 17,4Ah\/12Ah\/13Ah\/14,5Ah\/17,5Ah\/13Ah, pru\u017eaju\u0107i vam razli\u010dite mogu\u0107nosti odabira na temelju va\u0161ih zahtjevi.<br \/>\nDimenzije baterije su 365 mm x 90 mm x 110 mm, \u0161to je \u010dini prikladnom veli\u010dinom za ve\u0107inu elektri\u010dnih bicikala. Baterija je opremljena BMS (Battery Management System) s oznakom 25A\/30A, \u0161to osigurava sigurnost i dugotrajnost baterije.<br \/>\nBaterija dolazi s punja\u010dem koji je dostupan u tri razli\u010dite snage: 42V 2A\/54,6V 2A\/58,8V 2A, a baterija ima napon prekida punjenja od 42V\/54,6V\/58,8V i grani\u010dnik pra\u017enjenja napon od 28V\/36.4V\/39.2V.<br \/>\nBaterija ima vijek trajanja od 80% snage nakon 800 ciklusa, \u0161to zna\u010di da se mo\u017ee puniti i prazniti do 800 puta prije nego \u0161to izgubi 20% svog izvornog kapaciteta. Vrsta baterije je Li(NiCoMn)O2 18650, \u0161to je uobi\u010dajena litij-ionska baterija koja se koristi u baterijama za elektri\u010dne bicikle.<br \/>\nSve u svemu, 52V\/48V Hailong Ebike Battery je visokokvalitetna litijska baterija koja je napravljena da traje i pru\u017ea pouzdan izvor energije za va\u0161 elektri\u010dni bicikl.<\/p>","protected":false},"featured_media":587,"template":"","meta":{"_kad_post_transparent":"default","_kad_post_title":"","_kad_post_layout":"default","_kad_post_sidebar_id":"","_kad_post_content_style":"default","_kad_post_vertical_padding":"default","_kad_post_feature":"","_kad_post_feature_position":"","_kad_post_header":false,"_kad_post_footer":false},"product_cat":[19,21],"product_tag":[354,353,326,351,357,355,356,352],"class_list":["post-586","product","type-product","status-publish","has-post-thumbnail","hentry","product_cat-custom-ebike-battery","product_cat-down-tube-ebike-battery","product_tag-battery-pack","product_tag-electric-bicycle-52v-20ah-battery","product_tag-electric-bicycle-battery-pack","product_tag-hailong-battery-52v-17-5ah","product_tag-hailong-ebike-battery","product_tag-hailong-s039-3-battery","product_tag-hailong-s039-3-electric-bicycle-battery","product_tag-lithium-ion-battery-pack","entry","content-bg","loop-entry"],"_links":{"self":[{"href":"https:\/\/bybatt.com\/hr\/wp-json\/wp\/v2\/product\/586","targetHints":{"allow":["GET"]}}],"collection":[{"href":"https:\/\/bybatt.com\/hr\/wp-json\/wp\/v2\/product"}],"about":[{"href":"https:\/\/bybatt.com\/hr\/wp-json\/wp\/v2\/types\/product"}],"wp:featuredmedia":[{"embeddable":true,"href":"https:\/\/bybatt.com\/hr\/wp-json\/wp\/v2\/media\/587"}],"wp:attachment":[{"href":"https:\/\/bybatt.com\/hr\/wp-json\/wp\/v2\/media?parent=586"}],"wp:term":[{"taxonomy":"product_cat","embeddable":true,"href":"https:\/\/bybatt.com\/hr\/wp-json\/wp\/v2\/product_cat?post=586"},{"taxonomy":"product_tag","embeddable":true,"href":"https:\/\/bybatt.com\/hr\/wp-json\/wp\/v2\/product_tag?post=586"}],"curies":[{"name":"wp","href":"https:\/\/api.w.org\/{rel}","templated":true}]}}